{"id":1734,"date":"2025-05-01T21:50:03","date_gmt":"2025-05-01T18:50:03","guid":{"rendered":"https:\/\/www.concept2.ee\/?page_id=1734"},"modified":"2025-06-06T16:39:34","modified_gmt":"2025-06-06T13:39:34","slug":"rowerg-valgamaa","status":"publish","type":"page","link":"https:\/\/www.concept2.ee\/ru\/kluby\/rowerg-valgamaa\/","title":{"rendered":"RowErg Valgamaa"},"content":{"rendered":"\n  <div class=\"banner has-hover hero has-parallax\" id=\"banner-1646595202\">\n          <div class=\"banner-inner fill\">\n        <div class=\"banner-bg fill\" data-parallax=\"-2\" data-parallax-container=\".banner\" data-parallax-background>\n            <img loading=\"lazy\" decoding=\"async\" width=\"1200\" height=\"600\" src=\"https:\/\/www.concept2.ee\/wp-content\/uploads\/banner-treening-ryhmatreening-dsc08194.jpg\" class=\"bg attachment-original size-original\" alt=\"\" \/>                                    \n                    <\/div>\n\t\t\n        <div class=\"banner-layers container\">\n            <div class=\"fill banner-link\"><\/div>            \n   <div id=\"text-box-1532599850\" class=\"text-box banner-layer x50 md-x50 lg-x50 y50 md-y50 lg-y50 res-text\">\n                                <div class=\"text-box-content text dark\">\n              \n              <div class=\"text-inner text-center\">\n                  \n<h1>\u041a\u043b\u0443\u0431\u044b \u0432 \u0412\u0430\u043b\u0433\u0430\u043c\u0430\u0430<\/h1>\n              <\/div>\n           <\/div>\n                            \n<style>\n#text-box-1532599850 {\n  width: 90%;\n}\n#text-box-1532599850 .text-box-content {\n  font-size: 100%;\n}\n<\/style>\n    <\/div>\n \n        <\/div>\n      <\/div>\n\n            \n<style>\n#banner-1646595202 {\n  padding-top: 15%;\n  background-color: rgb(255,255,255);\n}\n<\/style>\n  <\/div>\n\n\n<div class=\"row col-middle\"  id=\"row-1237893769\">\n\n\t<div id=\"col-339353996\" class=\"col small-12 large-12\"  >\n\t\t\t\t<div class=\"col-inner\"  >\n\t\t\t\n\t\t\t\n<div class=\"row\"  id=\"row-1275122225\">\n\n\t<div id=\"col-1756000381\" class=\"col medium-9 small-12 large-9\"  >\n\t\t\t\t<div class=\"col-inner\"  >\n\t\t\t\n\t\t\t\n\t\t<div class=\"klubid\">\n\t\t\t\t\n\n<h3>Spordiklubi Viraa\u017e<\/h3>\n<p class=\"info\">Valga mnt. 76 T\u00f5rva \u2022 tel: 763 3802 \u2022 <a href=\"http:\/\/www.viraaz.ee\/\" target=\"_blank\" rel=\"noopener noreferrer nofollow\">www.viraaz.ee<\/a><br>\nTreenimiseks 2 RowErgi<\/p>\n\n<h3>Hotell Karupesa<\/h3>\n<p class=\"info\">Tehvandi 1A, Otep\u00e4\u00e4 \u2022 tel: 766 1500; 50 64 528 \u2022 <a href=\"mailto:karupesa@karupesa.ee\">karupesa@karupesa.ee<\/a> \u2022 <a href=\"http:\/\/www.karupesa.ee\/\" target=\"_blank\" rel=\"noopener noreferrer nofollow\">www.karupesa.ee<\/a><br>\nTreenimiseks 1 RowErg<\/p>\n\n<h3>K\u00e4\u00e4riku Spordikeskus<\/h3>\n<p class=\"info\">K\u00e4\u00e4riku 67301, Otep\u00e4\u00e4 vald \u2022 tel. 766 5600 \u2022 <a href=\"mailto:kaariku@tehvandi.ee\">kaariku@tehvandi.ee<\/a> \u2022 <a href=\"http:\/\/www.kaariku.ee\/\" target=\"_blank\" rel=\"noopener noreferrer nofollow\">www.kaariku.ee<\/a><br>\nTreenimiseks 2 RowErgi<\/p>\n\n<h3>Otep\u00e4\u00e4 G\u00fcmnaasium<\/h3>\n<p class=\"info\">Koolitare 5, Otep\u00e4\u00e4 \u2022 tel: 766 8241 \u2022 <a href=\"mailto:kool@nuustaku.edu.ee\">kool@nuustaku.edu.ee<\/a> \u2022 <a href=\"http:\/\/www.nuustaku.edu.ee\/\" target=\"_blank\" rel=\"noopener noreferrer nofollow\">www.nuustaku.edu.ee<\/a><br>\nTreenimiseks 1 RowErg<\/p>\n\n<h3>P\u00fchaj\u00e4rve Puhkekeskus<\/h3>\n<p class=\"info\">P\u00fchaj\u00e4rve, Otep\u00e4\u00e4 \u2022 tel: 766 5588 \u2022 <a href=\"mailto:pjpk@pjpk.ee\">pjpk@pjpk.ee<\/a> \u2022 <a href=\"http:\/\/www.pyhajarve.com\/\" target=\"_blank\" rel=\"noopener noreferrer nofollow\">www.pyhajarve.com<\/a><br>\nTreenimiseks 1 RowErg<\/p>\n\n<h3>Tehvandi Spordikeskus<\/h3>\n<p class=\"info\">N\u00fcpli k\u00fcla 67408, Otep\u00e4\u00e4 vald \u2022 tel. 766 9500 \u2022 <a href=\"mailto:tehvandi@tehvandi.ee\">tehvandi@tehvandi.ee<\/a> \u2022 <a href=\"http:\/\/www.tehvandi.ee\/\" target=\"_blank\" rel=\"noopener noreferrer nofollow\">www.tehvandi.ee<\/a><br>\nTreenimiseks 1 RowErg<\/p>\n\n<h3>Valga Staadioni j\u00f5usaal<\/h3>\n<p class=\"info\">E.Enno 15, Valga \u2022 tel: 52 69 020 \u2022 <a href=\"http:\/\/www.valgasport.ee\/staadion\/jousaal\/\" target=\"_blank\" rel=\"noopener noreferrer nofollow\">www.valgasport.ee\/staadion\/jousaal<\/a><br>\nTreenimiseks 1 RowErg<\/p>\n\t\t<\/div>\n\t\n\t\t<\/div>\n\t\t\t\t\t<\/div>\n\n\t\n\n\t<div id=\"col-516106530\" class=\"col medium-3 small-12 large-3\"  >\n\t\t\t\t<div class=\"col-inner\"  >\n\t\t\t\n\t\t\t\n\t<div class=\"ux-menu stack stack-col justify-start menu-side ux-menu--divider-solid\">\n\t\t\r\n\r\n\t<div class=\"ux-menu-link flex menu-item\">\n\t\t<a class=\"ux-menu-link__link flex\" href=\"https:\/\/www.concept2.ee\/ru\/kluby\/rowerg-tallinn\/\">\n\t\t\t\t\t\t<span class=\"ux-menu-link__text\">\n\t\t\t\t\u0422\u0430\u043b\u043b\u0438\u043d\u043d\t\t\t<\/span>\n\t\t<\/a>\n\t<\/div>\n\t\r\n\r\n\t<div class=\"ux-menu-link flex menu-item\">\n\t\t<a class=\"ux-menu-link__link flex\" href=\"https:\/\/www.concept2.ee\/ru\/kluby\/rowerg-harjumaa\/\">\n\t\t\t\t\t\t<span class=\"ux-menu-link__text\">\n\t\t\t\t\u0425\u0430\u0440\u044c\u044e\u043c\u0430\u0430\t\t\t<\/span>\n\t\t<\/a>\n\t<\/div>\n\t\r\n\r\n\t<div class=\"ux-menu-link flex menu-item\">\n\t\t<a class=\"ux-menu-link__link flex\" href=\"https:\/\/www.concept2.ee\/ru\/kluby\/rowerg-hiiumaa\/\">\n\t\t\t\t\t\t<span class=\"ux-menu-link__text\">\n\t\t\t\t\u0425\u0438\u0439\u0443\u043c\u0430\u0430\t\t\t<\/span>\n\t\t<\/a>\n\t<\/div>\n\t\r\n\r\n\t<div class=\"ux-menu-link flex menu-item\">\n\t\t<a class=\"ux-menu-link__link flex\" href=\"https:\/\/www.concept2.ee\/ru\/kluby\/rowerg-ida-virumaa\/\">\n\t\t\t\t\t\t<span class=\"ux-menu-link__text\">\n\t\t\t\t\u0418\u0434\u0430-\u0412\u0438\u0440\u0443\u043c\u0430\u0430\t\t\t<\/span>\n\t\t<\/a>\n\t<\/div>\n\t\r\n\r\n\t<div class=\"ux-menu-link flex menu-item\">\n\t\t<a class=\"ux-menu-link__link flex\" href=\"https:\/\/www.concept2.ee\/ru\/kluby\/rowerg-jarvamaa\/\">\n\t\t\t\t\t\t<span class=\"ux-menu-link__text\">\n\t\t\t\t\u042f\u0440\u0432\u0430\u043c\u0430\u0430\t\t\t<\/span>\n\t\t<\/a>\n\t<\/div>\n\t\r\n\r\n\t<div class=\"ux-menu-link flex menu-item\">\n\t\t<a class=\"ux-menu-link__link flex\" href=\"https:\/\/www.concept2.ee\/ru\/kluby\/rowerg-jogevamaa\/\">\n\t\t\t\t\t\t<span class=\"ux-menu-link__text\">\n\t\t\t\t\u0419\u044b\u0433\u0435\u0432\u0430\u043c\u0430\u0430\t\t\t<\/span>\n\t\t<\/a>\n\t<\/div>\n\t\r\n\r\n\t<div class=\"ux-menu-link flex menu-item\">\n\t\t<a class=\"ux-menu-link__link flex\" href=\"https:\/\/www.concept2.ee\/ru\/kluby\/rowerg-laane-virumaa\/\">\n\t\t\t\t\t\t<span class=\"ux-menu-link__text\">\n\t\t\t\t\u041b\u044f\u044d\u043d\u0435-\u0412\u0438\u0440\u0443\u043c\u0430\u0430\t\t\t<\/span>\n\t\t<\/a>\n\t<\/div>\n\t\r\n\r\n\t<div class=\"ux-menu-link flex menu-item\">\n\t\t<a class=\"ux-menu-link__link flex\" href=\"https:\/\/www.concept2.ee\/ru\/kluby\/rowerg-laanemaa\/\">\n\t\t\t\t\t\t<span class=\"ux-menu-link__text\">\n\t\t\t\t\u041b\u044f\u044d\u043d\u0435\u043c\u0430\u0430\t\t\t<\/span>\n\t\t<\/a>\n\t<\/div>\n\t\r\n\r\n\t<div class=\"ux-menu-link flex menu-item\">\n\t\t<a class=\"ux-menu-link__link flex\" href=\"https:\/\/www.concept2.ee\/ru\/kluby\/rowerg-parnumaa\/\">\n\t\t\t\t\t\t<span class=\"ux-menu-link__text\">\n\t\t\t\t\u041f\u044f\u0440\u043d\u0443\u043c\u0430\u0430\t\t\t<\/span>\n\t\t<\/a>\n\t<\/div>\n\t\r\n\r\n\t<div class=\"ux-menu-link flex menu-item\">\n\t\t<a class=\"ux-menu-link__link flex\" href=\"https:\/\/www.concept2.ee\/ru\/kluby\/rowerg-polvamaa\/\">\n\t\t\t\t\t\t<span class=\"ux-menu-link__text\">\n\t\t\t\t\u041f\u044b\u043b\u0432\u0430\u043c\u0430\u0430\t\t\t<\/span>\n\t\t<\/a>\n\t<\/div>\n\t\r\n\r\n\t<div class=\"ux-menu-link flex menu-item\">\n\t\t<a class=\"ux-menu-link__link flex\" href=\"https:\/\/www.concept2.ee\/ru\/kluby\/rowerg-raplamaa\/\">\n\t\t\t\t\t\t<span class=\"ux-menu-link__text\">\n\t\t\t\t\u0420\u0430\u043f\u043b\u0430\u043c\u0430\u0430\t\t\t<\/span>\n\t\t<\/a>\n\t<\/div>\n\t\r\n\r\n\t<div class=\"ux-menu-link flex menu-item\">\n\t\t<a class=\"ux-menu-link__link flex\" href=\"https:\/\/www.concept2.ee\/ru\/kluby\/rowerg-saaremaa\/\">\n\t\t\t\t\t\t<span class=\"ux-menu-link__text\">\n\t\t\t\t\u0421\u0430\u0430\u0440\u0435\u043c\u0430\u0430\t\t\t<\/span>\n\t\t<\/a>\n\t<\/div>\n\t\r\n\r\n\t<div class=\"ux-menu-link flex menu-item\">\n\t\t<a class=\"ux-menu-link__link flex\" href=\"https:\/\/www.concept2.ee\/ru\/kluby\/rowerg-tartumaa\/\">\n\t\t\t\t\t\t<span class=\"ux-menu-link__text\">\n\t\t\t\t\u0422\u0430\u0440\u0442\u0443\u043c\u0430\u0430\t\t\t<\/span>\n\t\t<\/a>\n\t<\/div>\n\t\r\n\r\n\t<div class=\"ux-menu-link flex menu-item\">\n\t\t<a class=\"ux-menu-link__link flex\" href=\"https:\/\/www.concept2.ee\/ru\/kluby\/rowerg-valgamaa\/\">\n\t\t\t\t\t\t<span class=\"ux-menu-link__text\">\n\t\t\t\t\u0412\u0430\u043b\u0433\u0430\u043c\u0430\u0430\t\t\t<\/span>\n\t\t<\/a>\n\t<\/div>\n\t\r\n\r\n\t<div class=\"ux-menu-link flex menu-item\">\n\t\t<a class=\"ux-menu-link__link flex\" href=\"https:\/\/www.concept2.ee\/ru\/kluby\/rowerg-viljandimaa\/\">\n\t\t\t\t\t\t<span class=\"ux-menu-link__text\">\n\t\t\t\t\u0412\u0438\u043b\u044c\u044f\u043d\u0434\u0438\u043c\u0430\u0430\t\t\t<\/span>\n\t\t<\/a>\n\t<\/div>\n\t\r\n\r\n\t<div class=\"ux-menu-link flex menu-item\">\n\t\t<a class=\"ux-menu-link__link flex\" href=\"https:\/\/www.concept2.ee\/ru\/kluby\/rowerg-vorumaa\/\">\n\t\t\t\t\t\t<span class=\"ux-menu-link__text\">\n\t\t\t\t\u0412\u044b\u0440\u0443\u043c\u0430\u0430\t\t\t<\/span>\n\t\t<\/a>\n\t<\/div>\n\t\r\n\r\n\r\n\t<\/div>\n\t\n\t\t<\/div>\n\t\t\t\t\t<\/div>\n\n\t\n<\/div>\n\t\t<\/div>\n\t\t\t\t\t<\/div>\n\n\t\n<\/div>\n","protected":false},"excerpt":{"rendered":"","protected":false},"author":1,"featured_media":0,"parent":1720,"menu_order":0,"comment_status":"closed","ping_status":"closed","template":"","meta":{"footnotes":""},"class_list":["post-1734","page","type-page","status-publish","hentry"],"_links":{"self":[{"href":"https:\/\/www.concept2.ee\/ru\/wp-json\/wp\/v2\/pages\/1734","targetHints":{"allow":["GET"]}}],"collection":[{"href":"https:\/\/www.concept2.ee\/ru\/wp-json\/wp\/v2\/pages"}],"about":[{"href":"https:\/\/www.concept2.ee\/ru\/wp-json\/wp\/v2\/types\/page"}],"author":[{"embeddable":true,"href":"https:\/\/www.concept2.ee\/ru\/wp-json\/wp\/v2\/users\/1"}],"replies":[{"embeddable":true,"href":"https:\/\/www.concept2.ee\/ru\/wp-json\/wp\/v2\/comments?post=1734"}],"version-history":[{"count":0,"href":"https:\/\/www.concept2.ee\/ru\/wp-json\/wp\/v2\/pages\/1734\/revisions"}],"up":[{"embeddable":true,"href":"https:\/\/www.concept2.ee\/ru\/wp-json\/wp\/v2\/pages\/1720"}],"wp:attachment":[{"href":"https:\/\/www.concept2.ee\/ru\/wp-json\/wp\/v2\/media?parent=1734"}],"curies":[{"name":"wp","href":"https:\/\/api.w.org\/{rel}","templated":true}]}}