{"id":1729,"date":"2025-05-01T21:37:51","date_gmt":"2025-05-01T18:37:51","guid":{"rendered":"https:\/\/www.concept2.ee\/?page_id=1729"},"modified":"2025-06-06T16:39:00","modified_gmt":"2025-06-06T13:39:00","slug":"rowerg-polvamaa","status":"publish","type":"page","link":"https:\/\/www.concept2.ee\/ru\/kluby\/rowerg-polvamaa\/","title":{"rendered":"RowErg P\u00f5lvamaa"},"content":{"rendered":"\n  <div class=\"banner has-hover hero has-parallax\" id=\"banner-1020670900\">\n          <div class=\"banner-inner fill\">\n        <div class=\"banner-bg fill\" data-parallax=\"-2\" data-parallax-container=\".banner\" data-parallax-background>\n            <img loading=\"lazy\" decoding=\"async\" width=\"1200\" height=\"600\" src=\"https:\/\/www.concept2.ee\/wp-content\/uploads\/banner-treening-ryhmatreening-dsc08194.jpg\" class=\"bg attachment-original size-original\" alt=\"\" \/>                                    \n                    <\/div>\n\t\t\n        <div class=\"banner-layers container\">\n            <div class=\"fill banner-link\"><\/div>            \n   <div id=\"text-box-285145563\" class=\"text-box banner-layer x50 md-x50 lg-x50 y50 md-y50 lg-y50 res-text\">\n                                <div class=\"text-box-content text dark\">\n              \n              <div class=\"text-inner text-center\">\n                  \n<h1>\u041a\u043b\u0443\u0431\u044b \u0432 \u041f\u044b\u043b\u0432\u0430\u043c\u0430\u0430<\/h1>\n              <\/div>\n           <\/div>\n                            \n<style>\n#text-box-285145563 {\n  width: 90%;\n}\n#text-box-285145563 .text-box-content {\n  font-size: 100%;\n}\n<\/style>\n    <\/div>\n \n        <\/div>\n      <\/div>\n\n            \n<style>\n#banner-1020670900 {\n  padding-top: 15%;\n  background-color: rgb(255,255,255);\n}\n<\/style>\n  <\/div>\n\n\n<div class=\"row col-middle\"  id=\"row-675309412\">\n\n\t<div id=\"col-501749526\" class=\"col small-12 large-12\"  >\n\t\t\t\t<div class=\"col-inner\"  >\n\t\t\t\n\t\t\t\n<div class=\"row\"  id=\"row-110629001\">\n\n\t<div id=\"col-694319966\" class=\"col medium-8 small-12 large-8\"  >\n\t\t\t\t<div class=\"col-inner\"  >\n\t\t\t\n\t\t\t\n\t\t<div class=\"klubid\">\n\t\t\t\t\n\n<h3>Ahja Spordihoone<\/h3>\n<p class=\"info\">Allika 7, Ahja vald \u2022 tel: 79 21521, 55697233\u2022 <a href=\"http:\/\/spordihoone.ahja.ee\/\" target=\"_blank\" rel=\"noopener noreferrer nofollow\">spordihoone.ahja.ee<\/a><br>\nTreenimiseks 1 RowErg<\/p>\n\n<h3>P\u00f5lva Spordikool<\/h3>\n<p class=\"info\">P\u00f5lva Spordikeskus \u2022 Uus 3, P\u00f5lva 63308 \u2022 tel: 7994575 \u2022 <a href=\"http:\/\/www.spordikool.polva.ee\/\" target=\"_blank\" rel=\"noopener noreferrer nofollow\">www.spordikool.polva.ee<\/a><br>\nTreenimiseks 1 RowErg<\/p>\n\n<h3>V\u00e4rska Veekeskus<\/h3>\n<p class=\"info\">V\u00e4ike-R\u00f5sna k\u00fcla, V\u00e4rska vald \u2022 <a href=\"http:\/\/www.spavarska.ee\/veekeskus\" target=\"_blank\" rel=\"noopener noreferrer nofollow\">www.spavarska.ee\/veekeskus<\/a><br>\nTreenimiseks 1 RowErg<\/p>\n\t\t<\/div>\n\t\n\t\t<\/div>\n\t\t\t\t\t<\/div>\n\n\t\n\n\t<div id=\"col-83057626\" class=\"col medium-4 small-12 large-4\"  >\n\t\t\t\t<div class=\"col-inner\"  >\n\t\t\t\n\t\t\t\n\t<div class=\"ux-menu stack stack-col justify-start menu-side ux-menu--divider-solid\">\n\t\t\r\n\r\n\t<div class=\"ux-menu-link flex menu-item\">\n\t\t<a class=\"ux-menu-link__link flex\" href=\"https:\/\/www.concept2.ee\/ru\/kluby\/rowerg-tallinn\/\">\n\t\t\t\t\t\t<span class=\"ux-menu-link__text\">\n\t\t\t\t\u0422\u0430\u043b\u043b\u0438\u043d\u043d\t\t\t<\/span>\n\t\t<\/a>\n\t<\/div>\n\t\r\n\r\n\t<div class=\"ux-menu-link flex menu-item\">\n\t\t<a class=\"ux-menu-link__link flex\" href=\"https:\/\/www.concept2.ee\/ru\/kluby\/rowerg-harjumaa\/\">\n\t\t\t\t\t\t<span class=\"ux-menu-link__text\">\n\t\t\t\t\u0425\u0430\u0440\u044c\u044e\u043c\u0430\u0430\t\t\t<\/span>\n\t\t<\/a>\n\t<\/div>\n\t\r\n\r\n\t<div class=\"ux-menu-link flex menu-item\">\n\t\t<a class=\"ux-menu-link__link flex\" href=\"https:\/\/www.concept2.ee\/ru\/kluby\/rowerg-hiiumaa\/\">\n\t\t\t\t\t\t<span class=\"ux-menu-link__text\">\n\t\t\t\t\u0425\u0438\u0439\u0443\u043c\u0430\u0430\t\t\t<\/span>\n\t\t<\/a>\n\t<\/div>\n\t\r\n\r\n\t<div class=\"ux-menu-link flex menu-item\">\n\t\t<a class=\"ux-menu-link__link flex\" href=\"https:\/\/www.concept2.ee\/ru\/kluby\/rowerg-ida-virumaa\/\">\n\t\t\t\t\t\t<span class=\"ux-menu-link__text\">\n\t\t\t\t\u0418\u0434\u0430-\u0412\u0438\u0440\u0443\u043c\u0430\u0430\t\t\t<\/span>\n\t\t<\/a>\n\t<\/div>\n\t\r\n\r\n\t<div class=\"ux-menu-link flex menu-item\">\n\t\t<a class=\"ux-menu-link__link flex\" href=\"https:\/\/www.concept2.ee\/ru\/kluby\/rowerg-jarvamaa\/\">\n\t\t\t\t\t\t<span class=\"ux-menu-link__text\">\n\t\t\t\t\u042f\u0440\u0432\u0430\u043c\u0430\u0430\t\t\t<\/span>\n\t\t<\/a>\n\t<\/div>\n\t\r\n\r\n\t<div class=\"ux-menu-link flex menu-item\">\n\t\t<a class=\"ux-menu-link__link flex\" href=\"https:\/\/www.concept2.ee\/ru\/kluby\/rowerg-jogevamaa\/\">\n\t\t\t\t\t\t<span class=\"ux-menu-link__text\">\n\t\t\t\t\u0419\u044b\u0433\u0435\u0432\u0430\u043c\u0430\u0430\t\t\t<\/span>\n\t\t<\/a>\n\t<\/div>\n\t\r\n\r\n\t<div class=\"ux-menu-link flex menu-item\">\n\t\t<a class=\"ux-menu-link__link flex\" href=\"https:\/\/www.concept2.ee\/ru\/kluby\/rowerg-laane-virumaa\/\">\n\t\t\t\t\t\t<span class=\"ux-menu-link__text\">\n\t\t\t\t\u041b\u044f\u044d\u043d\u0435-\u0412\u0438\u0440\u0443\u043c\u0430\u0430\t\t\t<\/span>\n\t\t<\/a>\n\t<\/div>\n\t\r\n\r\n\t<div class=\"ux-menu-link flex menu-item\">\n\t\t<a class=\"ux-menu-link__link flex\" href=\"https:\/\/www.concept2.ee\/ru\/kluby\/rowerg-laanemaa\/\">\n\t\t\t\t\t\t<span class=\"ux-menu-link__text\">\n\t\t\t\t\u041b\u044f\u044d\u043d\u0435\u043c\u0430\u0430\t\t\t<\/span>\n\t\t<\/a>\n\t<\/div>\n\t\r\n\r\n\t<div class=\"ux-menu-link flex menu-item\">\n\t\t<a class=\"ux-menu-link__link flex\" href=\"https:\/\/www.concept2.ee\/ru\/kluby\/rowerg-parnumaa\/\">\n\t\t\t\t\t\t<span class=\"ux-menu-link__text\">\n\t\t\t\t\u041f\u044f\u0440\u043d\u0443\u043c\u0430\u0430\t\t\t<\/span>\n\t\t<\/a>\n\t<\/div>\n\t\r\n\r\n\t<div class=\"ux-menu-link flex menu-item\">\n\t\t<a class=\"ux-menu-link__link flex\" href=\"https:\/\/www.concept2.ee\/ru\/kluby\/rowerg-polvamaa\/\">\n\t\t\t\t\t\t<span class=\"ux-menu-link__text\">\n\t\t\t\t\u041f\u044b\u043b\u0432\u0430\u043c\u0430\u0430\t\t\t<\/span>\n\t\t<\/a>\n\t<\/div>\n\t\r\n\r\n\t<div class=\"ux-menu-link flex menu-item\">\n\t\t<a class=\"ux-menu-link__link flex\" href=\"https:\/\/www.concept2.ee\/ru\/kluby\/rowerg-raplamaa\/\">\n\t\t\t\t\t\t<span class=\"ux-menu-link__text\">\n\t\t\t\t\u0420\u0430\u043f\u043b\u0430\u043c\u0430\u0430\t\t\t<\/span>\n\t\t<\/a>\n\t<\/div>\n\t\r\n\r\n\t<div class=\"ux-menu-link flex menu-item\">\n\t\t<a class=\"ux-menu-link__link flex\" href=\"https:\/\/www.concept2.ee\/ru\/kluby\/rowerg-saaremaa\/\">\n\t\t\t\t\t\t<span class=\"ux-menu-link__text\">\n\t\t\t\t\u0421\u0430\u0430\u0440\u0435\u043c\u0430\u0430\t\t\t<\/span>\n\t\t<\/a>\n\t<\/div>\n\t\r\n\r\n\t<div class=\"ux-menu-link flex menu-item\">\n\t\t<a class=\"ux-menu-link__link flex\" href=\"https:\/\/www.concept2.ee\/ru\/kluby\/rowerg-tartumaa\/\">\n\t\t\t\t\t\t<span class=\"ux-menu-link__text\">\n\t\t\t\t\u0422\u0430\u0440\u0442\u0443\u043c\u0430\u0430\t\t\t<\/span>\n\t\t<\/a>\n\t<\/div>\n\t\r\n\r\n\t<div class=\"ux-menu-link flex menu-item\">\n\t\t<a class=\"ux-menu-link__link flex\" href=\"https:\/\/www.concept2.ee\/ru\/kluby\/rowerg-valgamaa\/\">\n\t\t\t\t\t\t<span class=\"ux-menu-link__text\">\n\t\t\t\t\u0412\u0430\u043b\u0433\u0430\u043c\u0430\u0430\t\t\t<\/span>\n\t\t<\/a>\n\t<\/div>\n\t\r\n\r\n\t<div class=\"ux-menu-link flex menu-item\">\n\t\t<a class=\"ux-menu-link__link flex\" href=\"https:\/\/www.concept2.ee\/ru\/kluby\/rowerg-viljandimaa\/\">\n\t\t\t\t\t\t<span class=\"ux-menu-link__text\">\n\t\t\t\t\u0412\u0438\u043b\u044c\u044f\u043d\u0434\u0438\u043c\u0430\u0430\t\t\t<\/span>\n\t\t<\/a>\n\t<\/div>\n\t\r\n\r\n\t<div class=\"ux-menu-link flex menu-item\">\n\t\t<a class=\"ux-menu-link__link flex\" href=\"https:\/\/www.concept2.ee\/ru\/kluby\/rowerg-vorumaa\/\">\n\t\t\t\t\t\t<span class=\"ux-menu-link__text\">\n\t\t\t\t\u0412\u044b\u0440\u0443\u043c\u0430\u0430\t\t\t<\/span>\n\t\t<\/a>\n\t<\/div>\n\t\r\n\r\n\r\n\t<\/div>\n\t\n\t\t<\/div>\n\t\t\t\t\t<\/div>\n\n\t\n<\/div>\n\t\t<\/div>\n\t\t\t\t\t<\/div>\n\n\t\n<\/div>\n","protected":false},"excerpt":{"rendered":"","protected":false},"author":1,"featured_media":0,"parent":1720,"menu_order":0,"comment_status":"closed","ping_status":"closed","template":"","meta":{"footnotes":""},"class_list":["post-1729","page","type-page","status-publish","hentry"],"_links":{"self":[{"href":"https:\/\/www.concept2.ee\/ru\/wp-json\/wp\/v2\/pages\/1729","targetHints":{"allow":["GET"]}}],"collection":[{"href":"https:\/\/www.concept2.ee\/ru\/wp-json\/wp\/v2\/pages"}],"about":[{"href":"https:\/\/www.concept2.ee\/ru\/wp-json\/wp\/v2\/types\/page"}],"author":[{"embeddable":true,"href":"https:\/\/www.concept2.ee\/ru\/wp-json\/wp\/v2\/users\/1"}],"replies":[{"embeddable":true,"href":"https:\/\/www.concept2.ee\/ru\/wp-json\/wp\/v2\/comments?post=1729"}],"version-history":[{"count":0,"href":"https:\/\/www.concept2.ee\/ru\/wp-json\/wp\/v2\/pages\/1729\/revisions"}],"up":[{"embeddable":true,"href":"https:\/\/www.concept2.ee\/ru\/wp-json\/wp\/v2\/pages\/1720"}],"wp:attachment":[{"href":"https:\/\/www.concept2.ee\/ru\/wp-json\/wp\/v2\/media?parent=1729"}],"curies":[{"name":"wp","href":"https:\/\/api.w.org\/{rel}","templated":true}]}}