{"id":2417,"date":"2025-10-26T15:08:19","date_gmt":"2025-10-26T13:08:19","guid":{"rendered":"https:\/\/www.concept2.ee\/?post_type=product&#038;p=2417"},"modified":"2025-11-13T12:55:03","modified_gmt":"2025-11-13T10:55:03","slug":"strokecoach-speedcoach-t-veida-stiprinajums-garais","status":"publish","type":"product","link":"https:\/\/www.concept2.ee\/lv\/product\/strokecoach-speedcoach-t-veida-stiprinajums-garais\/","title":{"rendered":"StrokeCoach \/ SpeedCoach T-veida stiprin\u0101jums garais"},"content":{"rendered":"<p>Elast\u012bgs, gar\u0161 T-veida stiprin\u0101jums ar tur\u0113t\u0101ju SpeedCoach GPS un StrokeCoach ier\u012bc\u0113m. Saliekam\u0101 sviras konstrukcija \u013cauj noregul\u0113t ekr\u0101na poz\u012bciju optim\u0101lai redzam\u012bbai un komfortam.<\/p>\n<p>Lab\u0101kiem rezult\u0101tiem uzst\u0101diet stiprin\u0101jumu perpendikul\u0101ri laivas bortiem \u2013 izvairieties no le\u0146\u0137a vai v\u0113r\u0161anas paral\u0113li priek\u0161galam. Novietojiet t\u0101, lai acis b\u016btu l\u012bmen\u012b ar displeju un netiktu trauc\u0113ta air\u0113\u0161anas kust\u012bba. P\u0101rliecinieties, ka virs ier\u012bces nav p\u0101rkaru vai cita air\u0113t\u0101ja, kas blo\u0137\u0113tu satel\u012bta sign\u0101lu.<\/p>\n<p>Piem\u0113rots visiem NK SpeedCoach un StrokeCoach mode\u013ciem.<\/p>\n","protected":false},"excerpt":{"rendered":"<p>Elast\u012bgs, gar\u0161 T-veida stiprin\u0101jums ar tur\u0113t\u0101ju SpeedCoach GPS un StrokeCoach ier\u012bc\u0113m. Saliekam\u0101 sviras konstrukcija \u013cauj noregul\u0113t ekr\u0101na poz\u012bciju optim\u0101lai redzam\u012bbai un komfortam. Lab\u0101kiem rezult\u0101tiem uzst\u0101diet stiprin\u0101jumu perpendikul\u0101ri laivas bortiem \u2013 izvairieties no le\u0146\u0137a vai v\u0113r\u0161anas paral\u0113li priek\u0161galam. Novietojiet t\u0101, lai acis b\u016btu l\u012bmen\u012b ar displeju un netiktu trauc\u0113ta air\u0113\u0161anas kust\u012bba. P\u0101rliecinieties, ka virs ier\u012bces nav [&#8230;]\n","protected":false},"featured_media":2328,"template":"","meta":[],"product_brand":[],"product_cat":[139],"product_tag":[],"class_list":{"0":"post-2417","1":"product","2":"type-product","3":"status-publish","4":"has-post-thumbnail","6":"product_cat-nielsen-kellerman-lv","7":"product_shipping_class-k1-pakiautomaat-lv","9":"first","10":"instock","11":"taxable","12":"shipping-taxable","13":"purchasable","14":"product-type-simple"},"_links":{"self":[{"href":"https:\/\/www.concept2.ee\/lv\/wp-json\/wp\/v2\/product\/2417","targetHints":{"allow":["GET"]}}],"collection":[{"href":"https:\/\/www.concept2.ee\/lv\/wp-json\/wp\/v2\/product"}],"about":[{"href":"https:\/\/www.concept2.ee\/lv\/wp-json\/wp\/v2\/types\/product"}],"wp:featuredmedia":[{"embeddable":true,"href":"https:\/\/www.concept2.ee\/lv\/wp-json\/wp\/v2\/media\/2328"}],"wp:attachment":[{"href":"https:\/\/www.concept2.ee\/lv\/wp-json\/wp\/v2\/media?parent=2417"}],"wp:term":[{"taxonomy":"product_brand","embeddable":true,"href":"https:\/\/www.concept2.ee\/lv\/wp-json\/wp\/v2\/product_brand?post=2417"},{"taxonomy":"product_cat","embeddable":true,"href":"https:\/\/www.concept2.ee\/lv\/wp-json\/wp\/v2\/product_cat?post=2417"},{"taxonomy":"product_tag","embeddable":true,"href":"https:\/\/www.concept2.ee\/lv\/wp-json\/wp\/v2\/product_tag?post=2417"}],"curies":[{"name":"wp","href":"https:\/\/api.w.org\/{rel}","templated":true}]}}