{"id":2412,"date":"2025-10-26T15:06:28","date_gmt":"2025-10-26T13:06:28","guid":{"rendered":"https:\/\/www.concept2.ee\/?post_type=product&#038;p=2412"},"modified":"2025-11-12T16:55:22","modified_gmt":"2025-11-12T14:55:22","slug":"bezvadu-lenka-stiprinajums-speedcoach-strokecoach-iericei","status":"publish","type":"product","link":"https:\/\/www.concept2.ee\/lv\/product\/bezvadu-lenka-stiprinajums-speedcoach-strokecoach-iericei\/","title":{"rendered":"Bezvadu le\u0146\u0137a stiprin\u0101jums SpeedCoach \/ StrokeCoach ier\u012bcei"},"content":{"rendered":"<p>Iepriek\u0161 samont\u0113ts le\u0146\u0137a stiprin\u0101jums ar tur\u0113t\u0101ju SpeedCoach GPS un StrokeCoach with Surge Rate monitoriem. Nodro\u0161ina dro\u0161u un \u0113rtu veidu ier\u012bces piestiprin\u0101\u0161anai pie laivas. Paredz\u0113ts lieto\u0161anai ar bezvadu mode\u013ciem, nodro\u0161inot optim\u0101lu redzam\u012bbu un stabilit\u0101ti treni\u0146u un sacens\u012bbu laik\u0101. Komplekt\u0101 ietilpst visas nepiecie\u0161am\u0101s deta\u013cas \u0101trai un vienk\u0101r\u0161ai uzst\u0101d\u012b\u0161anai.<\/p>\n","protected":false},"excerpt":{"rendered":"<p>Iepriek\u0161 samont\u0113ts le\u0146\u0137a stiprin\u0101jums ar tur\u0113t\u0101ju SpeedCoach GPS un StrokeCoach with Surge Rate monitoriem. Nodro\u0161ina dro\u0161u un \u0113rtu veidu ier\u012bces piestiprin\u0101\u0161anai pie laivas. Paredz\u0113ts lieto\u0161anai ar bezvadu mode\u013ciem, nodro\u0161inot optim\u0101lu redzam\u012bbu un stabilit\u0101ti treni\u0146u un sacens\u012bbu laik\u0101. Komplekt\u0101 ietilpst visas nepiecie\u0161am\u0101s deta\u013cas \u0101trai un vienk\u0101r\u0161ai uzst\u0101d\u012b\u0161anai.<\/p>\n","protected":false},"featured_media":2311,"template":"","meta":[],"product_brand":[],"product_cat":[139],"product_tag":[],"class_list":{"0":"post-2412","1":"product","2":"type-product","3":"status-publish","4":"has-post-thumbnail","6":"product_cat-nielsen-kellerman-lv","7":"product_shipping_class-k1-pakiautomaat-lv","9":"first","10":"instock","11":"taxable","12":"shipping-taxable","13":"purchasable","14":"product-type-simple"},"_links":{"self":[{"href":"https:\/\/www.concept2.ee\/lv\/wp-json\/wp\/v2\/product\/2412","targetHints":{"allow":["GET"]}}],"collection":[{"href":"https:\/\/www.concept2.ee\/lv\/wp-json\/wp\/v2\/product"}],"about":[{"href":"https:\/\/www.concept2.ee\/lv\/wp-json\/wp\/v2\/types\/product"}],"wp:featuredmedia":[{"embeddable":true,"href":"https:\/\/www.concept2.ee\/lv\/wp-json\/wp\/v2\/media\/2311"}],"wp:attachment":[{"href":"https:\/\/www.concept2.ee\/lv\/wp-json\/wp\/v2\/media?parent=2412"}],"wp:term":[{"taxonomy":"product_brand","embeddable":true,"href":"https:\/\/www.concept2.ee\/lv\/wp-json\/wp\/v2\/product_brand?post=2412"},{"taxonomy":"product_cat","embeddable":true,"href":"https:\/\/www.concept2.ee\/lv\/wp-json\/wp\/v2\/product_cat?post=2412"},{"taxonomy":"product_tag","embeddable":true,"href":"https:\/\/www.concept2.ee\/lv\/wp-json\/wp\/v2\/product_tag?post=2412"}],"curies":[{"name":"wp","href":"https:\/\/api.w.org\/{rel}","templated":true}]}}