{"id":2409,"date":"2025-10-26T15:03:33","date_gmt":"2025-10-26T13:03:33","guid":{"rendered":"https:\/\/www.concept2.ee\/?post_type=product&#038;p=2409"},"modified":"2025-11-12T16:52:16","modified_gmt":"2025-11-12T14:52:16","slug":"strokecoach-speedcoach-stiprinajuma-siksna","status":"publish","type":"product","link":"https:\/\/www.concept2.ee\/lv\/product\/strokecoach-speedcoach-stiprinajuma-siksna\/","title":{"rendered":"StrokeCoach \/ SpeedCoach stiprin\u0101juma siksna"},"content":{"rendered":"<p>Vienk\u0101r\u0161s risin\u0101jums SpeedCoach GPS vai StrokeCoach monitora p\u0101rvieto\u0161anai starp laiv\u0101m. Regul\u0113jama siksna nodro\u0161ina \u0101tru un dro\u0161u piestiprin\u0101\u0161anu pie riggera vai k\u0101ju balsta, garant\u0113jot stabilit\u0101ti treni\u0146u un sacens\u012bbu laik\u0101. Izgatavota no iztur\u012bgiem, laikapst\u0101k\u013ciem notur\u012bgiem materi\u0101liem, kas piem\u0113roti lieto\u0161anai jebkuros apst\u0101k\u013cos.<\/p>\n<p>Piem\u0113rota visiem NK SpeedCoach un StrokeCoach mode\u013ciem.<\/p>\n","protected":false},"excerpt":{"rendered":"<p>Vienk\u0101r\u0161s risin\u0101jums SpeedCoach GPS vai StrokeCoach monitora p\u0101rvieto\u0161anai starp laiv\u0101m. Regul\u0113jama siksna nodro\u0161ina \u0101tru un dro\u0161u piestiprin\u0101\u0161anu pie riggera vai k\u0101ju balsta, garant\u0113jot stabilit\u0101ti treni\u0146u un sacens\u012bbu laik\u0101. Izgatavota no iztur\u012bgiem, laikapst\u0101k\u013ciem notur\u012bgiem materi\u0101liem, kas piem\u0113roti lieto\u0161anai jebkuros apst\u0101k\u013cos. Piem\u0113rota visiem NK SpeedCoach un StrokeCoach mode\u013ciem.<\/p>\n","protected":false},"featured_media":2306,"template":"","meta":[],"product_brand":[],"product_cat":[139],"product_tag":[],"class_list":{"0":"post-2409","1":"product","2":"type-product","3":"status-publish","4":"has-post-thumbnail","6":"product_cat-nielsen-kellerman-lv","7":"product_shipping_class-k1-pakiautomaat-lv","9":"first","10":"instock","11":"taxable","12":"shipping-taxable","13":"purchasable","14":"product-type-simple"},"_links":{"self":[{"href":"https:\/\/www.concept2.ee\/lv\/wp-json\/wp\/v2\/product\/2409","targetHints":{"allow":["GET"]}}],"collection":[{"href":"https:\/\/www.concept2.ee\/lv\/wp-json\/wp\/v2\/product"}],"about":[{"href":"https:\/\/www.concept2.ee\/lv\/wp-json\/wp\/v2\/types\/product"}],"wp:featuredmedia":[{"embeddable":true,"href":"https:\/\/www.concept2.ee\/lv\/wp-json\/wp\/v2\/media\/2306"}],"wp:attachment":[{"href":"https:\/\/www.concept2.ee\/lv\/wp-json\/wp\/v2\/media?parent=2409"}],"wp:term":[{"taxonomy":"product_brand","embeddable":true,"href":"https:\/\/www.concept2.ee\/lv\/wp-json\/wp\/v2\/product_brand?post=2409"},{"taxonomy":"product_cat","embeddable":true,"href":"https:\/\/www.concept2.ee\/lv\/wp-json\/wp\/v2\/product_cat?post=2409"},{"taxonomy":"product_tag","embeddable":true,"href":"https:\/\/www.concept2.ee\/lv\/wp-json\/wp\/v2\/product_tag?post=2409"}],"curies":[{"name":"wp","href":"https:\/\/api.w.org\/{rel}","templated":true}]}}