{"id":2406,"date":"2025-10-26T14:36:03","date_gmt":"2025-10-26T12:36:03","guid":{"rendered":"https:\/\/www.concept2.ee\/?post_type=product&#038;p=2406"},"modified":"2025-11-12T16:49:11","modified_gmt":"2025-11-12T14:49:11","slug":"interval-2000-sporta-pulkstenis-tempometrs","status":"publish","type":"product","link":"https:\/\/www.concept2.ee\/lv\/product\/interval-2000-sporta-pulkstenis-tempometrs\/","title":{"rendered":"Interval 2000 sporta pulkstenis-tempometrs"},"content":{"rendered":"<p>Nosaki jebkuras komandas air\u0113\u0161anas tempu, nospie\u017eot pogu vienlaikus ar katru vilcienu. Hronometrs ar intuit\u012bv\u0101m pog\u0101m un displeju \u013cauj m\u0113r\u012bt vair\u0101kas laivas vienlaikus. Ergonomisks dizains un vienk\u0101r\u0161a tr\u012bs pogu izk\u0101rtojuma d\u0113\u013c ier\u012bci var viegli izmantot ar vienu roku \u2013 otra paliek br\u012bva, lai st\u016br\u0113tu, brauktu ar velosip\u0113du vai lietotu megafoonu.<\/p>\n<h2>Glab\u0101 l\u012bdz 2000 starplaiku un\/vai tempu atmi\u0146\u0101:<\/h2>\n<ul>\n<li>Glab\u0101 un atceras ap\u013cu laikus UN kop\u0113jos starplaikus.<\/li>\n<li>Air\u0113\u0161anas tempi tiek saglab\u0101ti kop\u0101 ar laika datiem.<\/li>\n<li>Sadal\u012bt\u0101 atmi\u0146a \u013cauj saglab\u0101t vair\u0101kas sacens\u012bbas vai treni\u0146us ar datumu un laiku.<\/li>\n<\/ul>\n<h2>Glab\u0101 vair\u0101kas sacens\u012bbas vai treni\u0146us:<\/h2>\n<ul>\n<li>Nospied \u201cnext segment\u201d pogu, lai saglab\u0101tu n\u0101kamo braucienu vai posmu (l\u012bdz 2000 segmentiem).<\/li>\n<li>Atmi\u0146\u0101 saglab\u0101tie segmenti tiek identific\u0113ti p\u0113c datuma un s\u0101kuma laika.<\/li>\n<\/ul>\n<h2>Tempa iesp\u0113jas:<\/h2>\n<ul>\n<li>Skaiti 1, 2 vai 3 air\u0113jumus, so\u013cus vai ciklus.<\/li>\n<li>Skaties air\u0113jumus min\u016bt\u0113 (1\/2 air\u0113juma precizit\u0101te) VAI sekundes uz vienu air\u0113jumu (1\/100 sekundes precizit\u0101te).<\/li>\n<\/ul>\n<h2>Aug\u0161upiel\u0101d\u0113 datus dator\u0101, izmantojot <a title=\"Interval Interface\" href=\"https:\/\/nksports.com\/interval-computer-interface-with-watchware-for-windows\" target=\"_blank\" rel=\"noopener nofollow\">Interval Interface<\/a> un WatchWare for Windows<\/h2>\n<ul>\n<li>Dokstacija piesl\u0113dzas pie COM porta. Pulkstenis tiek novietots uz dokstacijas un sazin\u0101s optiski. Datu p\u0101rraidi kontrol\u0113 programmat\u016bra.<\/li>\n<li>P\u0101rvaldi datu aug\u0161upiel\u0101di, saglab\u0101 un k\u0101rto datus, analiz\u0113 rezult\u0101tus. Uzturi sportistu sarakstu un pie\u0161\u0137ir katram starplaikus un tempu.<\/li>\n<li>Apr\u0113\u0137ini starplaikus vair\u0101kiem sportistiem vai komand\u0101m vien\u0101 braucien\u0101.<\/li>\n<li>Autom\u0101tiski apr\u0113\u0137ina att\u0101lumu uz air\u0113jumu un \u0101trumu, pamatojoties uz baseina garumu vai citu zin\u0101mu distanci.<\/li>\n<\/ul>\n","protected":false},"excerpt":{"rendered":"<p>Nosaki jebkuras komandas air\u0113\u0161anas tempu, nospie\u017eot pogu vienlaikus ar katru vilcienu. Hronometrs ar intuit\u012bv\u0101m pog\u0101m un displeju \u013cauj m\u0113r\u012bt vair\u0101kas laivas vienlaikus. Ergonomisks dizains un vienk\u0101r\u0161a tr\u012bs pogu izk\u0101rtojuma d\u0113\u013c ier\u012bci var viegli izmantot ar vienu roku \u2013 otra paliek br\u012bva, lai st\u016br\u0113tu, brauktu ar velosip\u0113du vai lietotu megafoonu. Glab\u0101 l\u012bdz 2000 starplaiku un\/vai tempu [&#8230;]\n","protected":false},"featured_media":2289,"template":"","meta":[],"product_brand":[],"product_cat":[139],"product_tag":[],"class_list":{"0":"post-2406","1":"product","2":"type-product","3":"status-publish","4":"has-post-thumbnail","6":"product_cat-nielsen-kellerman-lv","7":"product_shipping_class-k1-pakiautomaat-lv","9":"first","10":"instock","11":"taxable","12":"shipping-taxable","13":"purchasable","14":"product-type-simple"},"_links":{"self":[{"href":"https:\/\/www.concept2.ee\/lv\/wp-json\/wp\/v2\/product\/2406","targetHints":{"allow":["GET"]}}],"collection":[{"href":"https:\/\/www.concept2.ee\/lv\/wp-json\/wp\/v2\/product"}],"about":[{"href":"https:\/\/www.concept2.ee\/lv\/wp-json\/wp\/v2\/types\/product"}],"wp:featuredmedia":[{"embeddable":true,"href":"https:\/\/www.concept2.ee\/lv\/wp-json\/wp\/v2\/media\/2289"}],"wp:attachment":[{"href":"https:\/\/www.concept2.ee\/lv\/wp-json\/wp\/v2\/media?parent=2406"}],"wp:term":[{"taxonomy":"product_brand","embeddable":true,"href":"https:\/\/www.concept2.ee\/lv\/wp-json\/wp\/v2\/product_brand?post=2406"},{"taxonomy":"product_cat","embeddable":true,"href":"https:\/\/www.concept2.ee\/lv\/wp-json\/wp\/v2\/product_cat?post=2406"},{"taxonomy":"product_tag","embeddable":true,"href":"https:\/\/www.concept2.ee\/lv\/wp-json\/wp\/v2\/product_tag?post=2406"}],"curies":[{"name":"wp","href":"https:\/\/api.w.org\/{rel}","templated":true}]}}