{"id":2403,"date":"2025-10-26T14:30:27","date_gmt":"2025-10-26T12:30:27","guid":{"rendered":"https:\/\/www.concept2.ee\/?post_type=product&#038;p=2403"},"modified":"2025-11-12T16:43:50","modified_gmt":"2025-11-12T14:43:50","slug":"speedcoach-gps-model-2","status":"publish","type":"product","link":"https:\/\/www.concept2.ee\/lv\/product\/speedcoach-gps-model-2\/","title":{"rendered":"SpeedCoach GPS &#8211; Model 2"},"content":{"rendered":"<p>SpeedCoach GPS \u2013 Model 2 ir popul\u0101r\u0101kais air\u0113\u0161anas veiktsp\u0113jas monitors, kas nodro\u0161ina svar\u012bgu inform\u0101ciju par laivas \u0101trumu (split), vilcienu bie\u017eumu, distanci un laiku. Ier\u012bci var izmantot atsevi\u0161\u0137i GPS re\u017e\u012bm\u0101 vai savienot ar impulsatoru (impulsators un vadi tiek p\u0101rdoti atsevi\u0161\u0137i), lai nodro\u0161in\u0101tu liel\u0101ku precizit\u0101ti kust\u012bg\u0101 \u016bden\u012b.<\/p>\n<p>Treni\u0146u pakotnes funkcijas tagad ir iek\u013cautas standarta apr\u012bkojum\u0101 \u2013 ieprogramm\u0113 treni\u0146us iepriek\u0161, s\u0101c un ieraksti posmus neatlai\u017eot airi, un aug\u0161upiel\u0101d\u0113 datus bezvadu re\u017e\u012bm\u0101 dator\u0101 vai mobilaj\u0101 ier\u012bc\u0113.<\/p>\n<p>SpeedCoach GPS ar Training Pack atbalsta EmPower Oarlock un ir NK savienot\u0101s air\u0113\u0161anas vides centr\u0101lais elements.<\/p>\n<div class=\"gap clearfix\"><\/div>\n<h2>Funkcijas sportistiem un treneriem<\/h2>\n<p class=\"lead\">Tagad katram SpeedCoach GPS 2 ir visas Training Pack funkcijas k\u0101 standarta apr\u012bkojums<\/p>\n<div class=\"row\">\n<div class=\"col medium-6 small-12 large-6\">\n<ul>\n<li>\n<h3>Re\u0101llaika atgriezenisk\u0101 saite<\/h3>\n<p>Esi koncentr\u0113ts visa treni\u0146a laik\u0101 \u2013 sa\u0146em sitiena p\u0113c sitiena atjaunin\u0101jumus par \u0101trumu, bie\u017eumu, distanci un laiku.<\/li>\n<li>\n<h3>Augsta kontrasta displejs<\/h3>\n<p>Agrs r\u012bts vai dienas sacens\u012bbas \u2013 redzi savus datus skaidri jebkur\u0101 diennakts laik\u0101, pateicoties apgaismojumam un augsta kontrasta ekr\u0101nam.<\/li>\n<li>\n<h3>Piel\u0101gojami iepriek\u0161 iestat\u012bti treni\u0146i<\/h3>\n<p>Izmanto treni\u0146a laiku maksim\u0101li efekt\u012bvi \u2013 pabeidz pat sare\u017e\u0123\u012bt\u0101kos treni\u0146us bez nepiecie\u0161am\u012bbas aptur\u0113t taimeri vai manu\u0101li p\u0101rvald\u012bt datus.<\/li>\n<li>\n<h3>P\u0113ctreni\u0146a anal\u012bze<\/h3>\n<p>Aug\u0161upiel\u0101d\u0113 datus tie\u0161i dator\u0101 vai mobilaj\u0101 ier\u012bc\u0113, lai sekotu savam progresam laika gait\u0101.<\/li>\n<li>\n<h3>Bezmaksas atjaunin\u0101jumi<\/h3>\n<p>Izmanto visas jaun\u0101k\u0101s SpeedCoach GPS 2 iesp\u0113jas ar regul\u0101riem, bezmaksas programmat\u016bras atjaunin\u0101jumiem.<\/li>\n<\/ul>\n<\/div>\n<p><!-- .col --><\/p>\n<div class=\"col medium-6 small-12 large-6\">\n<ul>\n<li>\n<h3>Sak\u0101rtoti dati<\/h3>\n<p>Atrodi lab\u0101kos air\u0113t\u0101jus bez ergometra r\u0101d\u012bt\u0101jiem. Pievieno SpeedCoach Training Pack, lai apkoptu datus no m\u0113r\u012btiem posmiem.<\/li>\n<li>\n<h3>Objekt\u012bvs snieguma progress<\/h3>\n<p>Izseko komandas uzlabojumiem objekt\u012bvi sezonas gait\u0101 vai no gada uz gadu.<\/li>\n<li>\n<h3>Vienk\u0101r\u0161a komandu p\u0101rvald\u012bba<\/h3>\n<p>P\u0101rvaldi vair\u0101kas komandas \u016bden\u012b \u0113rt\u0101k. Ja sportistiem ir pieejami dati par tempu, laiku, distanci un splitu, tu vari uzdot treni\u0146u un \u013caut vi\u0146iem to izpild\u012bt patst\u0101v\u012bgi.<\/li>\n<li>\n<h3>Bezvadu dati<\/h3>\n<p>Nodro\u0161ini jebkuram sportistam \u2013 no st\u016brma\u0146a l\u012bdz priek\u0161gala air\u0113t\u0101jam \u2013 piek\u013cuvi SpeedCoach datiem ar bezvadu GPS funkcionalit\u0101ti.<\/li>\n<li>\n<h3>Precizit\u0101te kust\u012bg\u0101 \u016bden\u012b<\/h3>\n<p>Ieg\u016bsti visprec\u012bz\u0101kos \u0101truma datus ar\u012b straum\u0113, izmantojot zema profila impulsatoru.<\/li>\n<li>\n<h3>Neitr\u0101la sportistu atlase<\/h3>\n<p>Nosaki skaidrus m\u0113r\u0137us sportistiem un padari komandas sast\u0101va izv\u0113li caurskat\u0101m\u0101ku.<\/li>\n<\/ul>\n<\/div>\n<p><!-- .col -->\n<\/div>\n<p><!-- .row --><\/p>\n","protected":false},"excerpt":{"rendered":"<p>SpeedCoach GPS \u2013 Model 2 ir popul\u0101r\u0101kais air\u0113\u0161anas veiktsp\u0113jas monitors, kas nodro\u0161ina svar\u012bgu inform\u0101ciju par laivas \u0101trumu (split), vilcienu bie\u017eumu, distanci un laiku. Ier\u012bci var izmantot atsevi\u0161\u0137i GPS re\u017e\u012bm\u0101 vai savienot ar impulsatoru (impulsators un vadi tiek p\u0101rdoti atsevi\u0161\u0137i), lai nodro\u0161in\u0101tu liel\u0101ku precizit\u0101ti kust\u012bg\u0101 \u016bden\u012b. Treni\u0146u pakotnes funkcijas tagad ir iek\u013cautas standarta apr\u012bkojum\u0101 \u2013 ieprogramm\u0113 [&#8230;]\n","protected":false},"featured_media":2260,"template":"","meta":[],"product_brand":[],"product_cat":[139],"product_tag":[],"class_list":{"0":"post-2403","1":"product","2":"type-product","3":"status-publish","4":"has-post-thumbnail","6":"product_cat-nielsen-kellerman-lv","7":"product_shipping_class-k1-pakiautomaat-lv","9":"first","10":"instock","11":"taxable","12":"shipping-taxable","13":"purchasable","14":"product-type-simple"},"_links":{"self":[{"href":"https:\/\/www.concept2.ee\/lv\/wp-json\/wp\/v2\/product\/2403","targetHints":{"allow":["GET"]}}],"collection":[{"href":"https:\/\/www.concept2.ee\/lv\/wp-json\/wp\/v2\/product"}],"about":[{"href":"https:\/\/www.concept2.ee\/lv\/wp-json\/wp\/v2\/types\/product"}],"wp:featuredmedia":[{"embeddable":true,"href":"https:\/\/www.concept2.ee\/lv\/wp-json\/wp\/v2\/media\/2260"}],"wp:attachment":[{"href":"https:\/\/www.concept2.ee\/lv\/wp-json\/wp\/v2\/media?parent=2403"}],"wp:term":[{"taxonomy":"product_brand","embeddable":true,"href":"https:\/\/www.concept2.ee\/lv\/wp-json\/wp\/v2\/product_brand?post=2403"},{"taxonomy":"product_cat","embeddable":true,"href":"https:\/\/www.concept2.ee\/lv\/wp-json\/wp\/v2\/product_cat?post=2403"},{"taxonomy":"product_tag","embeddable":true,"href":"https:\/\/www.concept2.ee\/lv\/wp-json\/wp\/v2\/product_tag?post=2403"}],"curies":[{"name":"wp","href":"https:\/\/api.w.org\/{rel}","templated":true}]}}