{"id":2400,"date":"2025-10-24T15:23:46","date_gmt":"2025-10-24T12:23:46","guid":{"rendered":"https:\/\/www.concept2.ee\/?post_type=product&#038;p=2400"},"modified":"2025-11-12T15:23:53","modified_gmt":"2025-11-12T13:23:53","slug":"filippi-panamas-cepure","status":"publish","type":"product","link":"https:\/\/www.concept2.ee\/lv\/product\/filippi-panamas-cepure\/","title":{"rendered":"Filippi panamas cepure"},"content":{"rendered":"<p>Filippi panamas cepure apvieno klasisku stilu un funkcion\u0101lu \u0113rtumu \u2013 ide\u0101ls aksesu\u0101rs air\u0113\u0161anai, treni\u0146iem vai atp\u016btai. Izstr\u0101d\u0101ta sportistiem, kuri nov\u0113rt\u0113 gan aizsardz\u012bbu, gan stilu. Cepure pasarg\u0101 no saules un izskat\u0101s moderna un eleganta.<\/p>\n<p>Izgatavota no viegla balta poliestera auduma ar ori\u0123in\u0101lu apdruku. Malas platums \u2013 5,5 cm, maksim\u0101lais apk\u0101rtm\u0113rs \u2013 58 cm.<\/p>\n","protected":false},"excerpt":{"rendered":"<p>Filippi panamas cepure apvieno klasisku stilu un funkcion\u0101lu \u0113rtumu \u2013 ide\u0101ls aksesu\u0101rs air\u0113\u0161anai, treni\u0146iem vai atp\u016btai. Izstr\u0101d\u0101ta sportistiem, kuri nov\u0113rt\u0113 gan aizsardz\u012bbu, gan stilu. Cepure pasarg\u0101 no saules un izskat\u0101s moderna un eleganta. Izgatavota no viegla balta poliestera auduma ar ori\u0123in\u0101lu apdruku. Malas platums \u2013 5,5 cm, maksim\u0101lais apk\u0101rtm\u0113rs \u2013 58 cm.<\/p>\n","protected":false},"featured_media":2217,"template":"","meta":[],"product_brand":[],"product_cat":[136],"product_tag":[],"class_list":{"0":"post-2400","1":"product","2":"type-product","3":"status-publish","4":"has-post-thumbnail","6":"product_cat-filippi-lv","7":"product_shipping_class-k1-pakiautomaat-lv","9":"first","10":"instock","11":"taxable","12":"shipping-taxable","13":"purchasable","14":"product-type-simple"},"_links":{"self":[{"href":"https:\/\/www.concept2.ee\/lv\/wp-json\/wp\/v2\/product\/2400","targetHints":{"allow":["GET"]}}],"collection":[{"href":"https:\/\/www.concept2.ee\/lv\/wp-json\/wp\/v2\/product"}],"about":[{"href":"https:\/\/www.concept2.ee\/lv\/wp-json\/wp\/v2\/types\/product"}],"wp:featuredmedia":[{"embeddable":true,"href":"https:\/\/www.concept2.ee\/lv\/wp-json\/wp\/v2\/media\/2217"}],"wp:attachment":[{"href":"https:\/\/www.concept2.ee\/lv\/wp-json\/wp\/v2\/media?parent=2400"}],"wp:term":[{"taxonomy":"product_brand","embeddable":true,"href":"https:\/\/www.concept2.ee\/lv\/wp-json\/wp\/v2\/product_brand?post=2400"},{"taxonomy":"product_cat","embeddable":true,"href":"https:\/\/www.concept2.ee\/lv\/wp-json\/wp\/v2\/product_cat?post=2400"},{"taxonomy":"product_tag","embeddable":true,"href":"https:\/\/www.concept2.ee\/lv\/wp-json\/wp\/v2\/product_tag?post=2400"}],"curies":[{"name":"wp","href":"https:\/\/api.w.org\/{rel}","templated":true}]}}