{"id":2391,"date":"2025-10-24T15:20:17","date_gmt":"2025-10-24T12:20:17","guid":{"rendered":"https:\/\/www.concept2.ee\/?post_type=product&#038;p=2391"},"modified":"2025-11-12T15:20:33","modified_gmt":"2025-11-12T13:20:33","slug":"filippi-zeku-un-stilba-aizsargu-komplekts","status":"publish","type":"product","link":"https:\/\/www.concept2.ee\/lv\/product\/filippi-zeku-un-stilba-aizsargu-komplekts\/","title":{"rendered":"Filippi ze\u0137u un stilba aizsargu komplekts"},"content":{"rendered":"<p>Filippi ze\u0137u un stilba aizsargu komplekts ir \u012bpa\u0161i izstr\u0101d\u0101ts air\u0113\u0161anai. Komplekt\u0101 ietilpst augstas kvalit\u0101tes ze\u0137es un atbilsto\u0161i stilba aizsargi, kas pal\u012bdz samazin\u0101t berzi un nov\u0113rst savainojumus treni\u0146u laik\u0101. Nodro\u0161ina komfortu un aizsardz\u012bbu katr\u0101 air\u0113\u0161anas reiz\u0113.<\/p>\n","protected":false},"excerpt":{"rendered":"<p>Filippi ze\u0137u un stilba aizsargu komplekts ir \u012bpa\u0161i izstr\u0101d\u0101ts air\u0113\u0161anai. Komplekt\u0101 ietilpst augstas kvalit\u0101tes ze\u0137es un atbilsto\u0161i stilba aizsargi, kas pal\u012bdz samazin\u0101t berzi un nov\u0113rst savainojumus treni\u0146u laik\u0101. Nodro\u0161ina komfortu un aizsardz\u012bbu katr\u0101 air\u0113\u0161anas reiz\u0113.<\/p>\n","protected":false},"featured_media":2242,"template":"","meta":[],"product_brand":[],"product_cat":[136],"product_tag":[],"class_list":{"0":"post-2391","1":"product","2":"type-product","3":"status-publish","4":"has-post-thumbnail","6":"product_cat-filippi-lv","7":"product_shipping_class-k1-pakiautomaat-lv","9":"first","10":"instock","11":"taxable","12":"shipping-taxable","13":"purchasable","14":"product-type-variable"},"_links":{"self":[{"href":"https:\/\/www.concept2.ee\/lv\/wp-json\/wp\/v2\/product\/2391","targetHints":{"allow":["GET"]}}],"collection":[{"href":"https:\/\/www.concept2.ee\/lv\/wp-json\/wp\/v2\/product"}],"about":[{"href":"https:\/\/www.concept2.ee\/lv\/wp-json\/wp\/v2\/types\/product"}],"wp:featuredmedia":[{"embeddable":true,"href":"https:\/\/www.concept2.ee\/lv\/wp-json\/wp\/v2\/media\/2242"}],"wp:attachment":[{"href":"https:\/\/www.concept2.ee\/lv\/wp-json\/wp\/v2\/media?parent=2391"}],"wp:term":[{"taxonomy":"product_brand","embeddable":true,"href":"https:\/\/www.concept2.ee\/lv\/wp-json\/wp\/v2\/product_brand?post=2391"},{"taxonomy":"product_cat","embeddable":true,"href":"https:\/\/www.concept2.ee\/lv\/wp-json\/wp\/v2\/product_cat?post=2391"},{"taxonomy":"product_tag","embeddable":true,"href":"https:\/\/www.concept2.ee\/lv\/wp-json\/wp\/v2\/product_tag?post=2391"}],"curies":[{"name":"wp","href":"https:\/\/api.w.org\/{rel}","templated":true}]}}