{"id":2385,"date":"2025-10-24T15:09:16","date_gmt":"2025-10-24T12:09:16","guid":{"rendered":"https:\/\/www.concept2.ee\/?post_type=product&#038;p=2385"},"modified":"2025-11-12T15:13:04","modified_gmt":"2025-11-12T13:13:04","slug":"filippi-laivas-prieksgala-aizsargbumba","status":"publish","type":"product","link":"https:\/\/www.concept2.ee\/lv\/product\/filippi-laivas-prieksgala-aizsargbumba\/","title":{"rendered":"Filippi laivas priek\u0161gala aizsargbumba"},"content":{"rendered":"<p>Filippi priek\u0161gala aizsargbumba ir augstas kvalit\u0101tes gumijas piederums, kas piem\u0113rots visu z\u012bmolu air\u0113\u0161anas laiv\u0101m. T\u0101 nodro\u0161ina dro\u0161\u012bbu, m\u012bkstinot iesp\u0113jamos triecienus laivas priek\u0161gal\u0101 un aizsarg\u0101jot gan laivu, gan citus air\u0113t\u0101jus sadursmes gad\u012bjum\u0101.<\/p>\n","protected":false},"excerpt":{"rendered":"<p>Filippi priek\u0161gala aizsargbumba ir augstas kvalit\u0101tes gumijas piederums, kas piem\u0113rots visu z\u012bmolu air\u0113\u0161anas laiv\u0101m. T\u0101 nodro\u0161ina dro\u0161\u012bbu, m\u012bkstinot iesp\u0113jamos triecienus laivas priek\u0161gal\u0101 un aizsarg\u0101jot gan laivu, gan citus air\u0113t\u0101jus sadursmes gad\u012bjum\u0101.<\/p>\n","protected":false},"featured_media":2237,"template":"","meta":[],"product_brand":[],"product_cat":[136],"product_tag":[],"class_list":{"0":"post-2385","1":"product","2":"type-product","3":"status-publish","4":"has-post-thumbnail","6":"product_cat-filippi-lv","7":"product_shipping_class-k1-pakiautomaat-lv","9":"first","10":"instock","11":"taxable","12":"shipping-taxable","13":"purchasable","14":"product-type-simple"},"_links":{"self":[{"href":"https:\/\/www.concept2.ee\/lv\/wp-json\/wp\/v2\/product\/2385","targetHints":{"allow":["GET"]}}],"collection":[{"href":"https:\/\/www.concept2.ee\/lv\/wp-json\/wp\/v2\/product"}],"about":[{"href":"https:\/\/www.concept2.ee\/lv\/wp-json\/wp\/v2\/types\/product"}],"wp:featuredmedia":[{"embeddable":true,"href":"https:\/\/www.concept2.ee\/lv\/wp-json\/wp\/v2\/media\/2237"}],"wp:attachment":[{"href":"https:\/\/www.concept2.ee\/lv\/wp-json\/wp\/v2\/media?parent=2385"}],"wp:term":[{"taxonomy":"product_brand","embeddable":true,"href":"https:\/\/www.concept2.ee\/lv\/wp-json\/wp\/v2\/product_brand?post=2385"},{"taxonomy":"product_cat","embeddable":true,"href":"https:\/\/www.concept2.ee\/lv\/wp-json\/wp\/v2\/product_cat?post=2385"},{"taxonomy":"product_tag","embeddable":true,"href":"https:\/\/www.concept2.ee\/lv\/wp-json\/wp\/v2\/product_tag?post=2385"}],"curies":[{"name":"wp","href":"https:\/\/api.w.org\/{rel}","templated":true}]}}