{"id":2192,"date":"2025-08-13T14:28:03","date_gmt":"2025-08-13T11:28:03","guid":{"rendered":"https:\/\/www.concept2.ee\/?post_type=product&#038;p=2192"},"modified":"2025-10-15T19:28:35","modified_gmt":"2025-10-15T16:28:35","slug":"strengtherg-ar-pm5-monitoru","status":"publish","type":"product","link":"https:\/\/www.concept2.ee\/lv\/product\/strengtherg-ar-pm5-monitoru\/","title":{"rendered":"StrengthErg ar PM5 monitoru"},"content":{"rendered":"<p>Galvenie lieto\u0161anas veidi: <strong>spie\u0161ana ar k\u0101j\u0101m<\/strong> \/ <strong>kr\u016b\u0161u spie\u0161ana<\/strong> \/ <strong>air\u0113\u0161ana<\/strong>.<br \/>\nStrengthErg nodro\u0161ina dro\u0161u un efekt\u012bvu treni\u0146u, neizmantojot svaru diskus, stendus vai stie\u0146us.<br \/>\nJ\u016bs varat pielietot tik daudz vai tik maz sp\u0113ka, cik v\u0113laties, un StrengthErg prec\u012bzi izm\u0113r\u012bs un par\u0101d\u012bs j\u016bsu rezult\u0101tus. Ier\u012bce ir test\u0113ta ar sp\u0113ku virs 680 kg.<br \/>\nBezmaksas <a href=\"https:\/\/www.concept2.com\/ergdata\" target=\"_blank\" rel=\"noopener nofollow\">ErgData<\/a> lietotne nodro\u0161ina veiktsp\u0113jas uzraudz\u012bbu un anal\u012bzi, lai pal\u012bdz\u0113tu sasniegt j\u016bsu m\u0113r\u0137us.<br \/>\nStrengthErg ir pieejams ar PM5 monitoru vai bez t\u0101, lai savienotu ErgData tie\u0161i ar j\u016bsu ier\u012bci.<\/p>\n<hr \/>\n<h2>Izm\u0113ri un svars<\/h2>\n<ul>\n<li>Garums: 154 cm<\/li>\n<li>Platums: 61 cm<\/li>\n<li>Platums ar stum\u0161anas sviru: 66 cm<\/li>\n<li>S\u0113dek\u013ca augstums no gr\u012bdas: 53 cm<\/li>\n<li>Monorelsa garums: 114 cm<\/li>\n<li>Svars: 41 kg<\/li>\n<li>Lietot\u0101jam l\u012bdz 160 kg<\/li>\n<\/ul>\n<hr \/>\n<a href=\"https:\/\/www.concept2.ee\/tutvustus\/strengtherg\/\" class=\"button primary\"><span>Uzzin\u0101t vair\u0101k<\/span><\/a>\r\n\n","protected":false},"excerpt":{"rendered":"<p>Galvenie lieto\u0161anas veidi: spie\u0161ana ar k\u0101j\u0101m \/ kr\u016b\u0161u spie\u0161ana \/ air\u0113\u0161ana. StrengthErg nodro\u0161ina dro\u0161u un efekt\u012bvu treni\u0146u, neizmantojot svaru diskus, stendus vai stie\u0146us. J\u016bs varat pielietot tik daudz vai tik maz sp\u0113ka, cik v\u0113laties, un StrengthErg prec\u012bzi izm\u0113r\u012bs un par\u0101d\u012bs j\u016bsu rezult\u0101tus. Ier\u012bce ir test\u0113ta ar sp\u0113ku virs 680 kg. Bezmaksas ErgData lietotne nodro\u0161ina veiktsp\u0113jas [&#8230;]\n","protected":false},"featured_media":2027,"template":"","meta":[],"product_brand":[],"product_cat":[131],"product_tag":[],"class_list":{"0":"post-2192","1":"product","2":"type-product","3":"status-publish","4":"has-post-thumbnail","6":"product_cat-strengtherg-lv","8":"first","9":"instock","10":"taxable","11":"shipping-taxable","12":"purchasable","13":"product-type-simple"},"_links":{"self":[{"href":"https:\/\/www.concept2.ee\/lv\/wp-json\/wp\/v2\/product\/2192","targetHints":{"allow":["GET"]}}],"collection":[{"href":"https:\/\/www.concept2.ee\/lv\/wp-json\/wp\/v2\/product"}],"about":[{"href":"https:\/\/www.concept2.ee\/lv\/wp-json\/wp\/v2\/types\/product"}],"wp:featuredmedia":[{"embeddable":true,"href":"https:\/\/www.concept2.ee\/lv\/wp-json\/wp\/v2\/media\/2027"}],"wp:attachment":[{"href":"https:\/\/www.concept2.ee\/lv\/wp-json\/wp\/v2\/media?parent=2192"}],"wp:term":[{"taxonomy":"product_brand","embeddable":true,"href":"https:\/\/www.concept2.ee\/lv\/wp-json\/wp\/v2\/product_brand?post=2192"},{"taxonomy":"product_cat","embeddable":true,"href":"https:\/\/www.concept2.ee\/lv\/wp-json\/wp\/v2\/product_cat?post=2192"},{"taxonomy":"product_tag","embeddable":true,"href":"https:\/\/www.concept2.ee\/lv\/wp-json\/wp\/v2\/product_tag?post=2192"}],"curies":[{"name":"wp","href":"https:\/\/api.w.org\/{rel}","templated":true}]}}