{"id":1408,"date":"2025-04-29T15:19:46","date_gmt":"2025-04-29T12:19:46","guid":{"rendered":"https:\/\/www.concept2.ee\/?post_type=product&#038;p=1408"},"modified":"2025-07-18T11:45:00","modified_gmt":"2025-07-18T08:45:00","slug":"3-in-one-ella-kedei-100-ml","status":"publish","type":"product","link":"https:\/\/www.concept2.ee\/lv\/product\/3-in-one-ella-kedei-100-ml\/","title":{"rendered":"3-In-One E\u013c\u013ca \u0137\u0113dei (100 ml)"},"content":{"rendered":"<p>3-IN-ONE \u0137\u0113des e\u013c\u013ca ir augstas kvalit\u0101tes sm\u0113rviela, kas samazina berzi un pagarina iek\u0101rtas kalpo\u0161anas laiku. Ide\u0101li piem\u0113rota Concept2 RowErg un citu iek\u0101rtu \u0137\u0113des apkopei, k\u0101 ar\u012b da\u017e\u0101du meh\u0101nismu e\u013c\u013co\u0161anai. \u0112rts 100 ml iepakojums nodro\u0161ina prec\u012bzu un vienk\u0101r\u0161u uzkl\u0101\u0161anu. Nodro\u0161ina vienm\u0113r\u012bgu un klusu darb\u012bbu!<\/p>\n","protected":false},"excerpt":{"rendered":"<p>Daudzfunkcion\u0101la e\u013c\u013ca<\/p>\n","protected":false},"featured_media":1402,"template":"","meta":[],"product_brand":[],"product_cat":[58],"product_tag":[],"class_list":{"0":"post-1408","1":"product","2":"type-product","3":"status-publish","4":"has-post-thumbnail","6":"product_cat-piederumi","7":"product_shipping_class-k1-pakiautomaat-lv","9":"first","10":"instock","11":"taxable","12":"shipping-taxable","13":"purchasable","14":"product-type-simple"},"_links":{"self":[{"href":"https:\/\/www.concept2.ee\/lv\/wp-json\/wp\/v2\/product\/1408","targetHints":{"allow":["GET"]}}],"collection":[{"href":"https:\/\/www.concept2.ee\/lv\/wp-json\/wp\/v2\/product"}],"about":[{"href":"https:\/\/www.concept2.ee\/lv\/wp-json\/wp\/v2\/types\/product"}],"wp:featuredmedia":[{"embeddable":true,"href":"https:\/\/www.concept2.ee\/lv\/wp-json\/wp\/v2\/media\/1402"}],"wp:attachment":[{"href":"https:\/\/www.concept2.ee\/lv\/wp-json\/wp\/v2\/media?parent=1408"}],"wp:term":[{"taxonomy":"product_brand","embeddable":true,"href":"https:\/\/www.concept2.ee\/lv\/wp-json\/wp\/v2\/product_brand?post=1408"},{"taxonomy":"product_cat","embeddable":true,"href":"https:\/\/www.concept2.ee\/lv\/wp-json\/wp\/v2\/product_cat?post=1408"},{"taxonomy":"product_tag","embeddable":true,"href":"https:\/\/www.concept2.ee\/lv\/wp-json\/wp\/v2\/product_tag?post=1408"}],"curies":[{"name":"wp","href":"https:\/\/api.w.org\/{rel}","templated":true}]}}