{"id":1287,"date":"2024-11-26T12:18:38","date_gmt":"2024-11-26T10:18:38","guid":{"rendered":"https:\/\/www.concept2.ee\/?post_type=product&#038;p=1287"},"modified":"2025-11-12T12:50:11","modified_gmt":"2025-11-12T10:50:11","slug":"bikeerg","status":"publish","type":"product","link":"https:\/\/www.concept2.ee\/lv\/product\/bikeerg\/","title":{"rendered":"BikeErg"},"content":{"rendered":"<ul>\n<li>PM5 monitors<\/li>\n<li>Bluetooth un ANT+ savietojam\u012bba<\/li>\n<li>Univers\u0101ls viedier\u012b\u010du tur\u0113t\u0101js t\u0101lru\u0146iem un plan\u0161et\u0113m<\/li>\n<li>Regul\u0113jams s\u0113deklis un st\u016bre<\/li>\n<li>Inerces ritenis un gaisa v\u0101rsts<\/li>\n<li>Viegla piel\u0101go\u0161ana<\/li>\n<li>Siksnu piedzi\u0146a<\/li>\n<\/ul>\n<hr \/>\n<h3>Izm\u0113ri un svars<\/h3>\n<ul>\n<li>Garums 122 cm<\/li>\n<li>Platums 61 cm<\/li>\n<li>Klo\u0137a garums 170 mm<\/li>\n<li>Svars 26 kg<\/li>\n<\/ul>\n<hr \/>\n<a href=\"https:\/\/www.concept2.ee\/tutvustus\/bikeerg\/\" class=\"button primary\"><span>Uzzin\u0101t vair\u0101k<\/span><\/a>\r\n\n","protected":false},"excerpt":{"rendered":"<p>PM5 monitors Bluetooth un ANT+ savietojam\u012bba Univers\u0101ls viedier\u012b\u010du tur\u0113t\u0101js t\u0101lru\u0146iem un plan\u0161et\u0113m Regul\u0113jams s\u0113deklis un st\u016bre Inerces ritenis un gaisa v\u0101rsts Viegla piel\u0101go\u0161ana Siksnu piedzi\u0146a Izm\u0113ri un svars Garums 122 cm Platums 61 cm Klo\u0137a garums 170 mm Svars 26 kg<\/p>\n","protected":false},"featured_media":471,"template":"","meta":[],"product_brand":[],"product_cat":[55],"product_tag":[],"class_list":{"0":"post-1287","1":"product","2":"type-product","3":"status-publish","4":"has-post-thumbnail","6":"product_cat-bikeerg","7":"product_shipping_class-k6-bikeerg-lv","9":"first","10":"instock","11":"taxable","12":"shipping-taxable","13":"purchasable","14":"product-type-simple"},"_links":{"self":[{"href":"https:\/\/www.concept2.ee\/lv\/wp-json\/wp\/v2\/product\/1287","targetHints":{"allow":["GET"]}}],"collection":[{"href":"https:\/\/www.concept2.ee\/lv\/wp-json\/wp\/v2\/product"}],"about":[{"href":"https:\/\/www.concept2.ee\/lv\/wp-json\/wp\/v2\/types\/product"}],"wp:featuredmedia":[{"embeddable":true,"href":"https:\/\/www.concept2.ee\/lv\/wp-json\/wp\/v2\/media\/471"}],"wp:attachment":[{"href":"https:\/\/www.concept2.ee\/lv\/wp-json\/wp\/v2\/media?parent=1287"}],"wp:term":[{"taxonomy":"product_brand","embeddable":true,"href":"https:\/\/www.concept2.ee\/lv\/wp-json\/wp\/v2\/product_brand?post=1287"},{"taxonomy":"product_cat","embeddable":true,"href":"https:\/\/www.concept2.ee\/lv\/wp-json\/wp\/v2\/product_cat?post=1287"},{"taxonomy":"product_tag","embeddable":true,"href":"https:\/\/www.concept2.ee\/lv\/wp-json\/wp\/v2\/product_tag?post=1287"}],"curies":[{"name":"wp","href":"https:\/\/api.w.org\/{rel}","templated":true}]}}