{"id":1283,"date":"2024-11-21T16:21:59","date_gmt":"2024-11-21T14:21:59","guid":{"rendered":"https:\/\/www.concept2.ee\/?post_type=product&#038;p=1283"},"modified":"2025-11-12T14:01:04","modified_gmt":"2025-11-12T12:01:04","slug":"skierg","status":"publish","type":"product","link":"https:\/\/www.concept2.ee\/lv\/product\/skierg\/","title":{"rendered":"SkiErg"},"content":{"rendered":"<ul>\n<li>izmantojams gan dubultvilcienam, gan main\u012bgajam vilcienam<\/li>\n<li>autom\u0101tiska iesl\u0113g\u0161an\u0101s<\/li>\n<li>prec\u012bza treni\u0146u rezult\u0101tu uzraudz\u012bbas sist\u0113ma<\/li>\n<li>monitora displej\u0101 var par\u0101d\u012bt piecus da\u017e\u0101dus r\u0101d\u012bt\u0101jus<\/li>\n<li>viedt\u0101lru\u0146a tur\u0113t\u0101js<\/li>\n<li>USB atmi\u0146as diska izmanto\u0161anas iesp\u0113ja treni\u0146u saglab\u0101\u0161anai<\/li>\n<li>datu p\u0101rs\u016bt\u012b\u0161anas iesp\u0113ja uz datoru<\/li>\n<li>ieb\u016bv\u0113ta ANT+ un Bluetooth Smart sirds ritma sist\u0113ma<\/li>\n<li>monitors darbojas ar 2 \u00d7 D baterij\u0101m<\/li>\n<li>bezvadu sacens\u012bbu iesp\u0113ja<\/li>\n<li>augstums 212 cm; platums 52 cm; dzi\u013cums 41 cm<\/li>\n<\/ul>\n","protected":false},"excerpt":{"rendered":"<p>izmantojams gan dubultvilcienam, gan main\u012bgajam vilcienam autom\u0101tiska iesl\u0113g\u0161an\u0101s prec\u012bza treni\u0146u rezult\u0101tu uzraudz\u012bbas sist\u0113ma monitora displej\u0101 var par\u0101d\u012bt piecus da\u017e\u0101dus r\u0101d\u012bt\u0101jus viedt\u0101lru\u0146a tur\u0113t\u0101js USB atmi\u0146as diska izmanto\u0161anas iesp\u0113ja treni\u0146u saglab\u0101\u0161anai datu p\u0101rs\u016bt\u012b\u0161anas iesp\u0113ja uz datoru ieb\u016bv\u0113ta ANT+ un Bluetooth Smart sirds ritma sist\u0113ma monitors darbojas ar 2 \u00d7 D baterij\u0101m bezvadu sacens\u012bbu iesp\u0113ja augstums 212 cm; [&#8230;]\n","protected":false},"featured_media":395,"template":"","meta":[],"product_brand":[],"product_cat":[52],"product_tag":[],"class_list":{"0":"post-1283","1":"product","2":"type-product","3":"status-publish","4":"has-post-thumbnail","6":"product_cat-skierg","7":"product_shipping_class-k4-rowerg-standard-skierg-lv","9":"first","10":"instock","11":"taxable","12":"shipping-taxable","13":"purchasable","14":"product-type-simple"},"_links":{"self":[{"href":"https:\/\/www.concept2.ee\/lv\/wp-json\/wp\/v2\/product\/1283","targetHints":{"allow":["GET"]}}],"collection":[{"href":"https:\/\/www.concept2.ee\/lv\/wp-json\/wp\/v2\/product"}],"about":[{"href":"https:\/\/www.concept2.ee\/lv\/wp-json\/wp\/v2\/types\/product"}],"wp:featuredmedia":[{"embeddable":true,"href":"https:\/\/www.concept2.ee\/lv\/wp-json\/wp\/v2\/media\/395"}],"wp:attachment":[{"href":"https:\/\/www.concept2.ee\/lv\/wp-json\/wp\/v2\/media?parent=1283"}],"wp:term":[{"taxonomy":"product_brand","embeddable":true,"href":"https:\/\/www.concept2.ee\/lv\/wp-json\/wp\/v2\/product_brand?post=1283"},{"taxonomy":"product_cat","embeddable":true,"href":"https:\/\/www.concept2.ee\/lv\/wp-json\/wp\/v2\/product_cat?post=1283"},{"taxonomy":"product_tag","embeddable":true,"href":"https:\/\/www.concept2.ee\/lv\/wp-json\/wp\/v2\/product_tag?post=1283"}],"curies":[{"name":"wp","href":"https:\/\/api.w.org\/{rel}","templated":true}]}}