{"id":1134,"date":"2024-12-13T13:32:04","date_gmt":"2024-12-13T11:32:04","guid":{"rendered":"https:\/\/www.concept2.ee\/?post_type=product&#038;p=1134"},"modified":"2025-07-18T18:56:08","modified_gmt":"2025-07-18T15:56:08","slug":"paliknis-sezamvietas-aizsargasanai","status":"publish","type":"product","link":"https:\/\/www.concept2.ee\/lv\/product\/paliknis-sezamvietas-aizsargasanai\/","title":{"rendered":"Paliknis s\u0113\u017eamvietas aizsarg\u0101\u0161anai"},"content":{"rendered":"<p>RowErg s\u0113dek\u013ca paliktnis ir \u0113rts piederums, kas nodro\u0161ina papildu polster\u0113jumu air\u0113\u0161anas trena\u017eiera s\u0113deklim. Ide\u0101li piem\u0113rots ilg\u0101kiem treni\u0146iem, lai samazin\u0101tu diskomfortu. Izgatavots no iztur\u012bga un nesl\u012bdo\u0161a materi\u0101la. \u0100tri un viegli uzliekams un no\u0146emams. Piem\u0113rots visiem Concept2 RowErg mode\u013ciem.<\/p>\n","protected":false},"excerpt":{"rendered":"<p>RowErg s\u0113dek\u013ca paliktnis ir \u0113rts piederums, kas nodro\u0161ina papildu polster\u0113jumu air\u0113\u0161anas trena\u017eiera s\u0113deklim. Ide\u0101li piem\u0113rots ilg\u0101kiem treni\u0146iem, lai samazin\u0101tu diskomfortu. Izgatavots no iztur\u012bga un nesl\u012bdo\u0161a materi\u0101la. \u0100tri un viegli uzliekams un no\u0146emams. Piem\u0113rots visiem Concept2 RowErg mode\u013ciem.<\/p>\n","protected":false},"featured_media":640,"template":"","meta":[],"product_brand":[],"product_cat":[58],"product_tag":[],"class_list":{"0":"post-1134","1":"product","2":"type-product","3":"status-publish","4":"has-post-thumbnail","6":"product_cat-piederumi","7":"product_shipping_class-k1-pakiautomaat-lv","9":"first","10":"instock","11":"taxable","12":"shipping-taxable","13":"purchasable","14":"product-type-simple"},"_links":{"self":[{"href":"https:\/\/www.concept2.ee\/lv\/wp-json\/wp\/v2\/product\/1134","targetHints":{"allow":["GET"]}}],"collection":[{"href":"https:\/\/www.concept2.ee\/lv\/wp-json\/wp\/v2\/product"}],"about":[{"href":"https:\/\/www.concept2.ee\/lv\/wp-json\/wp\/v2\/types\/product"}],"wp:featuredmedia":[{"embeddable":true,"href":"https:\/\/www.concept2.ee\/lv\/wp-json\/wp\/v2\/media\/640"}],"wp:attachment":[{"href":"https:\/\/www.concept2.ee\/lv\/wp-json\/wp\/v2\/media?parent=1134"}],"wp:term":[{"taxonomy":"product_brand","embeddable":true,"href":"https:\/\/www.concept2.ee\/lv\/wp-json\/wp\/v2\/product_brand?post=1134"},{"taxonomy":"product_cat","embeddable":true,"href":"https:\/\/www.concept2.ee\/lv\/wp-json\/wp\/v2\/product_cat?post=1134"},{"taxonomy":"product_tag","embeddable":true,"href":"https:\/\/www.concept2.ee\/lv\/wp-json\/wp\/v2\/product_tag?post=1134"}],"curies":[{"name":"wp","href":"https:\/\/api.w.org\/{rel}","templated":true}]}}