{"id":1127,"date":"2024-12-13T13:28:11","date_gmt":"2024-12-13T11:28:11","guid":{"rendered":"https:\/\/www.concept2.ee\/?post_type=product&#038;p=1127"},"modified":"2025-08-01T19:30:25","modified_gmt":"2025-08-01T16:30:25","slug":"atminas-karte-rowerg","status":"publish","type":"product","link":"https:\/\/www.concept2.ee\/lv\/product\/atminas-karte-rowerg\/","title":{"rendered":"Atmi\u0146as karte RowErg"},"content":{"rendered":"<p>\u0160\u012b mikrosh\u0113mas karte ir bezpap\u012bra veids, k\u0101 sekot saviem treni\u0146iem \u2013 t\u0101 saglab\u0101 treni\u0146u datus tie\u0161i no Performance Monitora. Atbalsta l\u012bdz 5 lietot\u0101ju datu saglab\u0101\u0161anu. Savietojama ar PM3 un PM4 monitoriem. Vienk\u0101r\u0161i ievietojiet LogCard karti monitor\u0101 pirms treni\u0146a s\u0101kuma, un p\u0113c t\u0101 pabeig\u0161anas monitor\u0101 tiks ierakst\u012bti j\u016bsu treni\u0146u dati.<\/p>\n<p>Nav savietojama ar PM5 monitoru.<\/p>\n","protected":false},"excerpt":{"rendered":"<p>\u0160\u012b mikrosh\u0113mas karte ir bezpap\u012bra veids, k\u0101 sekot saviem treni\u0146iem \u2013 t\u0101 saglab\u0101 treni\u0146u datus tie\u0161i no Performance Monitora. Atbalsta l\u012bdz 5 lietot\u0101ju datu saglab\u0101\u0161anu. Savietojama ar PM3 un PM4 monitoriem. Vienk\u0101r\u0161i ievietojiet LogCard karti monitor\u0101 pirms treni\u0146a s\u0101kuma, un p\u0113c t\u0101 pabeig\u0161anas monitor\u0101 tiks ierakst\u012bti j\u016bsu treni\u0146u dati. Nav savietojama ar PM5 monitoru.<\/p>\n","protected":false},"featured_media":630,"template":"","meta":[],"product_brand":[],"product_cat":[58],"product_tag":[],"class_list":{"0":"post-1127","1":"product","2":"type-product","3":"status-publish","4":"has-post-thumbnail","6":"product_cat-piederumi","7":"product_shipping_class-k1-pakiautomaat-lv","9":"first","10":"instock","11":"taxable","12":"shipping-taxable","13":"purchasable","14":"product-type-simple"},"_links":{"self":[{"href":"https:\/\/www.concept2.ee\/lv\/wp-json\/wp\/v2\/product\/1127","targetHints":{"allow":["GET"]}}],"collection":[{"href":"https:\/\/www.concept2.ee\/lv\/wp-json\/wp\/v2\/product"}],"about":[{"href":"https:\/\/www.concept2.ee\/lv\/wp-json\/wp\/v2\/types\/product"}],"wp:featuredmedia":[{"embeddable":true,"href":"https:\/\/www.concept2.ee\/lv\/wp-json\/wp\/v2\/media\/630"}],"wp:attachment":[{"href":"https:\/\/www.concept2.ee\/lv\/wp-json\/wp\/v2\/media?parent=1127"}],"wp:term":[{"taxonomy":"product_brand","embeddable":true,"href":"https:\/\/www.concept2.ee\/lv\/wp-json\/wp\/v2\/product_brand?post=1127"},{"taxonomy":"product_cat","embeddable":true,"href":"https:\/\/www.concept2.ee\/lv\/wp-json\/wp\/v2\/product_cat?post=1127"},{"taxonomy":"product_tag","embeddable":true,"href":"https:\/\/www.concept2.ee\/lv\/wp-json\/wp\/v2\/product_tag?post=1127"}],"curies":[{"name":"wp","href":"https:\/\/api.w.org\/{rel}","templated":true}]}}