{"id":1124,"date":"2024-12-12T21:48:03","date_gmt":"2024-12-12T19:48:03","guid":{"rendered":"https:\/\/www.concept2.ee\/?post_type=product&#038;p=1124"},"modified":"2025-08-01T10:55:59","modified_gmt":"2025-08-01T07:55:59","slug":"trenaziera-parvalks-modelis-e","status":"publish","type":"product","link":"https:\/\/www.concept2.ee\/lv\/product\/trenaziera-parvalks-modelis-e\/","title":{"rendered":"RowErg p\u0101rsegs modelim E"},"content":{"rendered":"<p>Kvalitat\u012bvs aizsargp\u0101rsegs Concept2 RowErg air\u0113\u0161anas trena\u017eierim, kas paredz\u0113ts tie\u0161i modelim E. Aizsarg\u0101 ier\u012bci no putek\u013ciem un net\u012brumiem. Ide\u0101li piem\u0113rots lieto\u0161anai m\u0101j\u0101s, studij\u0101 vai trena\u017eieru z\u0101l\u0113, kur svar\u012bgi uztur\u0113t iek\u0101rtu t\u012bru un darba k\u0101rt\u012bb\u0101. P\u0101rsegs ir viegls, iztur\u012bgs un viegli uzliekams. \u0100r\u0101 lietojot neaizsarg\u0101 no visiem laikapst\u0101k\u013ciem. Nav ieteicams lietot augstas mitruma telp\u0101s, lai izvair\u012btos no kondens\u0101ta veido\u0161an\u0101s zem p\u0101rsega.<\/p>\n<p>Citiem mode\u013ciem paredz\u0113tos p\u0101rsegus atrad\u012bsiet \u0161aj\u0101 pa\u0161\u0101 Piederumu kategorij\u0101.<\/p>\n","protected":false},"excerpt":{"rendered":"<p>Kvalitat\u012bvs aizsargp\u0101rsegs Concept2 RowErg air\u0113\u0161anas trena\u017eierim, kas paredz\u0113ts tie\u0161i modelim E. Aizsarg\u0101 ier\u012bci no putek\u013ciem un net\u012brumiem. Ide\u0101li piem\u0113rots lieto\u0161anai m\u0101j\u0101s, studij\u0101 vai trena\u017eieru z\u0101l\u0113, kur svar\u012bgi uztur\u0113t iek\u0101rtu t\u012bru un darba k\u0101rt\u012bb\u0101. P\u0101rsegs ir viegls, iztur\u012bgs un viegli uzliekams. \u0100r\u0101 lietojot neaizsarg\u0101 no visiem laikapst\u0101k\u013ciem. Nav ieteicams lietot augstas mitruma telp\u0101s, lai izvair\u012btos no [&#8230;]\n","protected":false},"featured_media":621,"template":"","meta":[],"product_brand":[],"product_cat":[58],"product_tag":[],"class_list":{"0":"post-1124","1":"product","2":"type-product","3":"status-publish","4":"has-post-thumbnail","6":"product_cat-piederumi","7":"product_shipping_class-k1-pakiautomaat-lv","9":"first","10":"instock","11":"taxable","12":"shipping-taxable","13":"purchasable","14":"product-type-simple"},"_links":{"self":[{"href":"https:\/\/www.concept2.ee\/lv\/wp-json\/wp\/v2\/product\/1124","targetHints":{"allow":["GET"]}}],"collection":[{"href":"https:\/\/www.concept2.ee\/lv\/wp-json\/wp\/v2\/product"}],"about":[{"href":"https:\/\/www.concept2.ee\/lv\/wp-json\/wp\/v2\/types\/product"}],"wp:featuredmedia":[{"embeddable":true,"href":"https:\/\/www.concept2.ee\/lv\/wp-json\/wp\/v2\/media\/621"}],"wp:attachment":[{"href":"https:\/\/www.concept2.ee\/lv\/wp-json\/wp\/v2\/media?parent=1124"}],"wp:term":[{"taxonomy":"product_brand","embeddable":true,"href":"https:\/\/www.concept2.ee\/lv\/wp-json\/wp\/v2\/product_brand?post=1124"},{"taxonomy":"product_cat","embeddable":true,"href":"https:\/\/www.concept2.ee\/lv\/wp-json\/wp\/v2\/product_cat?post=1124"},{"taxonomy":"product_tag","embeddable":true,"href":"https:\/\/www.concept2.ee\/lv\/wp-json\/wp\/v2\/product_tag?post=1124"}],"curies":[{"name":"wp","href":"https:\/\/api.w.org\/{rel}","templated":true}]}}