{"id":1771,"date":"2025-05-01T18:34:52","date_gmt":"2025-05-01T15:34:52","guid":{"rendered":"https:\/\/www.concept2.ee\/?page_id=1771"},"modified":"2025-06-12T10:53:33","modified_gmt":"2025-06-12T07:53:33","slug":"klubi","status":"publish","type":"page","link":"https:\/\/www.concept2.ee\/lv\/klubi\/","title":{"rendered":"Klubi"},"content":{"rendered":"\n  <div class=\"banner has-hover hero has-parallax\" id=\"banner-1410418988\">\n          <div class=\"banner-inner fill\">\n        <div class=\"banner-bg fill\" data-parallax=\"-2\" data-parallax-container=\".banner\" data-parallax-background>\n            <img loading=\"lazy\" decoding=\"async\" width=\"1200\" height=\"600\" src=\"https:\/\/www.concept2.ee\/wp-content\/uploads\/banner-treening-ryhmatreening-dsc08194.jpg\" class=\"bg attachment-original size-original\" alt=\"\" \/>                                    \n                    <\/div>\n\t\t\n        <div class=\"banner-layers container\">\n            <div class=\"fill banner-link\"><\/div>            \n   <div id=\"text-box-1995233134\" class=\"text-box banner-layer x50 md-x50 lg-x50 y50 md-y50 lg-y50 res-text\">\n                                <div class=\"text-box-content text dark\">\n              \n              <div class=\"text-inner text-center\">\n                  \n<h1>Klubi<\/h1>\n              <\/div>\n           <\/div>\n                            \n<style>\n#text-box-1995233134 {\n  width: 90%;\n}\n#text-box-1995233134 .text-box-content {\n  font-size: 100%;\n}\n<\/style>\n    <\/div>\n \n        <\/div>\n      <\/div>\n\n            \n<style>\n#banner-1410418988 {\n  padding-top: 15%;\n  background-color: rgb(255,255,255);\n}\n<\/style>\n  <\/div>\n\n\n<div class=\"row col-middle\"  id=\"row-93284080\">\n\n\t<div id=\"col-1988518583\" class=\"col small-12 large-12\"  >\n\t\t\t\t<div class=\"col-inner\"  >\n\t\t\t\n\t\t\t\n<div class=\"row\"  id=\"row-184118366\">\n\n\t<div id=\"col-138044048\" class=\"col medium-9 small-12 large-9\"  >\n\t\t\t\t<div class=\"col-inner\"  >\n\t\t\t\n\t\t\t\n\t\t<div class=\"klubid\">\n\t\t\t\t\n<h2>R\u012bga:<\/h2>\n<h3>Capital Gym<\/h3>\n<p class=\"info\">Valdeku iela 33, Riga LV-1058 \u2022 T\u0101lrunis: +371-22 303 551 \u2022 <a href=\"http:\/\/www.capitalgym.lv\/\" target=\"_blank\" rel=\"noopener noreferrer nofollow\">www.capitalgym.lv<\/a><\/p>\n<h3>Sporta klubs \u201eCity Fitness\u201d<\/h3>\n<p class=\"info\">Nomet\u0146u iel\u0101 59b,  R\u012bga, LV-1002 \u2022  T\u0101lrunis: +371-67 808 199 \u2022  Fax: +371-67 808 194 <br \/><a href=\"mailto:info@cityfitness.lv\">info@cityfitness.lv<\/a> \u2022 <a href=\"http:\/\/www.myfitness.lv\/\" target=\"_blank\" rel=\"noopener noreferrer nofollow\">\u0100genskalns<\/a><\/p>\n<h3>CrossFit 4Life<\/h3>\n<p class=\"info\">Udens iela 14\/16, Riga, LV-1007 \u2022 T\u0101lrunis: +371-29 589 845<br \/><a href=\"mailto:info@crossfit4life.lv\">info@crossfit4life.lv<\/a> \u2022 <a href=\"http:\/\/www.crossfit4life.lv\/\" target=\"_blank\" rel=\"noopener noreferrer nofollow\">www.crossfit4life.lv<\/a><\/p>\n<h3>CrossFit Andrejsala<\/h3>\n<p class=\"info\">Andrejostas iela 4A, Zieme\u013cu rajons, R\u012bga, LV-1045 \u2022 T\u0101lrunis: +371-22 000 256<\/p>\n<h3>Crossfit Ridzene<\/h3>\n<p class=\"info\">Lugazu iela 11, R\u012bga, LV-1045 \u2022 T\u0101lrunis: +371-26 163 433 <br \/><a href=\"mailto:info@crossfitridzene.lv\">info@crossfitridzene.lv<\/a> \u2022 <a href=\"http:\/\/www.crossfitridzene.lv\/\" target=\"_blank\" rel=\"noopener noreferrer nofollow\">www.crossfitridzene.lv<\/a><\/p>\n<h3>Crossfit Teika<\/h3>\n<p class=\"info\">Udens iela 14, R\u012bga, LV-1007 \u2022 T\u0101lrunis: +371-25 141 170 <br \/><a href=\"mailto:info@crossfitteika.lv\">info@crossfitteika.lv<\/a> \u2022 <a href=\"http:\/\/crossfitteika.lv\/\" target=\"_blank\" rel=\"noopener noreferrer nofollow\">www.crossfitteika.lv<\/a><\/p>\n<h3>Crossfit Factory<\/h3>\n<p class=\"info\">Unijas iela 4 k-5, R\u012bga, LV-1039 \u2022 T\u0101lrunis: +371-25 778 813 <br \/><a href=\"mailto:info@crossfitfactory.lv\">info@crossfitfactory.lv<\/a> \u2022 <a href=\"http:\/\/www.crossfitfactory.lv\/\" target=\"_blank\" rel=\"noopener noreferrer nofollow\">www.crossfitfactory.lv<\/a><\/p>\n<h3>Crossfit Jugla<\/h3>\n<p class=\"info\">Brivibas gatve 401, R\u012bga \u2022 T\u0101lrunis: +371-22 399 999<\/p>\n<h3>Dinamika Sporta Klubs<\/h3>\n<p class=\"info\">Kurzeme District, Riga, LV-1055 \u2022 T\u0101lrunis: +371-28 980 172<br \/><a href=\"mailto:info@dinamika.lv\">info@dinamika.lv<\/a> \u2022 <a href=\"http:\/\/www.dinamika.lv\/\" target=\"_blank\" rel=\"noopener noreferrer nofollow\">www.dinamika.lv<\/a><\/p>\n<h3>Sporta klubs \u201eGlobal Fitness\u201d<\/h3>\n<p class=\"info\">T\u0113rbatas iela 73 \u2022 <a href=\"http:\/\/www.globalfitness.lv\/\" target=\"_blank\" rel=\"noopener noreferrer nofollow\">www.globalfitness.lv<\/a><\/p>\n<h3>Gym!<\/h3>\n<ol style=\"padding-top:4px\">\n<li><strong>Gym! Origo<\/strong><br \/>\nOrigo shopping center, Stacijas laukums 2, R\u012bga<\/li>\n<li><strong>Gym! Imanta<\/strong><br \/>\nK3 Mall of Imanta, Kurzemes prospekts 3, R\u012bga<\/li>\n<li><strong>Gym! Olimpia<\/strong><br \/>\n\u0100zenes iela 5, Kurzemes rajons, R\u012bga<\/li>\n<li><strong>Gym! Daugava<\/strong><br \/>\nDaugavas vieglatl\u0113tikas man\u0113\u017ea | 1st Floor | Aug\u0161iela 1, R\u012bga<\/li>\n<li><strong>Gym! Barons, Barona Centrs<\/strong><br \/>\n3rd Floor | Kri\u0161j\u0101\u0146a Barona iela 46, R\u012bga<\/li>\n<li><strong>Gym! Zolitude<\/strong><br \/>\nAnni\u0146mui\u017eas iela 17, R\u012bga<\/li>\n<\/ol>\n<p><a href=\"mailto:info@gymlatvija.lv\">info@gymlatvija.lv<\/a><br \/>\n<a href=\"https:\/\/www.gymlatvija.lv\/\" target=\"_blank\" rel=\"noopener noreferrer nofollow\">www.gymlatvija.lv<\/a><\/p>\n<h3>Infinity Fitness<\/h3>\n<p class=\"info\">Br\u012bv\u012bbas iela 244, R\u012bga, LV-1039 \u2022 T\u0101lrunis: +371-67 569 398 vai +371-26 705 953 <br \/><a href=\"mailto:info@infinityfitness.lv\">info@infinityfitness.lv<\/a> \u2022 <a href=\"http:\/\/www.infinityfitness.lv\/\" target=\"_blank\" rel=\"noopener noreferrer nofollow\">www.infinityfitness.lv<\/a><\/p>\n<h3>Lemon Gym<\/h3>\n<ol style=\"padding-top:4px\">\n<li>Lemon Gym Purvciems<br \/>\nDzelzavas iela 72, Riga \u2022 T\u0101lrunis: 371-28 813 312<\/li>\n<li>Lemon Gym Imanta<br \/>\nSlokas iela 161, R\u012bga \u2022 T\u0101lrunis: +371-24 113 378<\/li>\n<li>Lemon Gym Jugla<br \/>\nJuglas krastmala 2, R\u012bga \u2022 T\u0101lrunis: +371-29 909 464<\/li>\n<li>Lemon Gym Teika<br \/>\nGustava Zemgala iela 71, Riga \u2022 T\u0101lrunis: +371-24 113 312<\/li>\n<\/ol>\n<p><a href=\"http:\/\/www.lemongym.lv\/\" target=\"_blank\" rel=\"noopener noreferrer nofollow\">www.lemongym.lv<\/a><\/p>\n<h3>MyFitness<\/h3>\n<ol>\n<li><a href=\"https:\/\/www.myfitness.lv\/en\/club\/barona-centrs\/\" target=\"_blank\" rel=\"noopener noreferrer nofollow\">MyFitness Barona Centrs &gt;&gt;<\/a> &nbsp; <br \/>\nKri\u0161j\u0101\u0146a Barona iela 46, LV-1011 \u2022 T\u0101lrunis: +371-67 280 161 \u2022 <a href=\"mailto:baronacentrs@myfitness.lv\">baronacentrs@myfitness.lv<\/a><\/li>\n<li><a href=\"https:\/\/www.myfitness.lv\/club\/bolero\/\" target=\"_blank\" rel=\"noopener noreferrer nofollow\">MyFitness Bolero &gt;&gt;<\/a> &nbsp; <br \/>\nLielirbes 27, LV-1046 \u2022 T\u0101lrunis: +371-67 798 115 \u2022 <a href=\"mailto:bolero@myfitness.lv\">bolero@myfitness.lv<\/a><\/li>\n<li><a href=\"https:\/\/www.myfitness.lv\/club\/imanta\/\" target=\"_blank\" rel=\"noopener noreferrer nofollow\">MyFitness Imanta &gt;&gt;<\/a> &nbsp; <br \/>\nAnni\u0146mui\u017eas bulv\u0101ris 40A, LV-1069 \u2022 T\u0101lrunis: +371-67 280 143 \u2022 <a href=\"mailto:imanta@myfitness.lv\">imanta@myfitness.lv<\/a><\/li>\n<li><a href=\"https:\/\/www.myfitness.lv\/club\/matiss\/\" target=\"_blank\" rel=\"noopener noreferrer nofollow\">MyFitness Matiss &gt;&gt;<\/a> &nbsp; <br \/>\nMatisa 25, R\u012bga, LV-1001 \u2022 T\u0101lrunis: +371-67 280 142 \u2022 <a href=\"mailto:matiss@myfitness.lv\">matiss@myfitness.lv<\/a><\/li>\n<li><a href=\"https:\/\/www.myfitness.lv\/club\/olimpia\/\" target=\"_blank\" rel=\"noopener noreferrer nofollow\">MyFitness Olimpia &gt;&gt;<\/a> &nbsp; <br \/>\nAzenes 5, R\u012bga, LV-1048 \u2022 T\u0101lrunis: +371-67 065 646 \u2022 <a href=\"mailto:olimpia@myfitness.lv\">olimpia@myfitness.lv<\/a><\/li>\n<li><a href=\"https:\/\/www.myfitness.lv\/club\/sky-more\/\" target=\"_blank\" rel=\"noopener noreferrer nofollow\">MyFitness Sky&amp;More &gt;&gt;<\/a> &nbsp; <br \/>\nDuntes 19A, R\u012bga, LV-1005 \u2022 T\u0101lrunis: +371-67 704 084 \u2022 <a href=\"mailto:skyandmore@myfitness.lv\">skyandmore@myfitness.lv<\/a><\/li>\n<li><a href=\"https:\/\/www.myfitness.lv\/club\/zolitude\/\" target=\"_blank\" rel=\"noopener noreferrer nofollow\">MyFitness Zolit\u016bde &gt;&gt;<\/a> &nbsp; <br \/>\nAnni\u0146mui\u017eas iela 17, R\u012bga, LV-1029 \u2022 T\u0101lrunis: +371-67 280 147 \u2022 <a href=\"mailto:zolitude@myfitness.lv\">zolitude@myfitness.lv<\/a>\n<\/li>\n<\/ol>\n<p><a href=\"http:\/\/www.myfitness.lv\/\" target=\"_blank\" rel=\"noopener noreferrer nofollow\">www.myfitness.lv<\/a><\/p>\n<h3>People Fitness Riga Center<\/h3>\n<p class=\"info\">E. Birznieka-Up\u012b\u0161a 21A, R\u012bga \u2022 <a href=\"mailto:peoplefitness@peoplefitness.eu');\">peoplefitness@peoplefitness.eu<\/a> \u2022 <a href=\"https:\/\/peoplefitness.eu\/\" target=\"_blank\" rel=\"noopener noreferrer nofollow\">www.peoplefitness.eu<\/a><\/p>\n<h3>Sporta klubs &quot;Reaktors&quot;<\/h3>\n<p class=\"info\">Toma iela 4, R\u012bga \u2022 T\u0101lrunis: +371-67 509 210 \u2022 <a href=\"mailto:reaktors@reaktors.lv\">reaktors@reaktors.lv<\/a> \u2022 <a href=\"http:\/\/www.reaktors.lv\/\" target=\"_blank\" rel=\"noopener noreferrer nofollow\">www.reaktors.lv<\/a><\/p>\n<h3>Rojas vidusskol\u0101<\/h3>\n<p class=\"info\">Zvejnieku iela 7, Rojas pagasts, <a href=\"images\/klubi-talsu-rajons.gif'\">Talsu rajons<\/a> LV-3264<\/p>\n<h3>SQUAD Hour<\/h3>\n<p class=\"info\">Gustava Zemgala gatve 74, R\u012bga \u2022 T\u0101lrunis: +371-29 108 601 \u2022 <a href=\"mailto:welcome@squadhour.lv\">welcome@squadhour.lv<\/a> \u2022 <a href=\"https:\/\/squadhour.lv\/\" target=\"_blank\" rel=\"noopener noreferrer nofollow\">www.squadhour.lv<\/a><\/p>\n<h3>Sporta klubs Sunfit<\/h3>\n<p class=\"info\">Balasta dambis 15, R\u012bga LV-1048 \u2022 <a href=\"http:\/\/www.sunfitness.lv\/\" target=\"_blank\" rel=\"noopener noreferrer nofollow\">www.sunfitness.lv<\/a><\/p>\n<h3>Tornado Sporta Klubs<\/h3>\n<p class=\"info\">Maskavas 418, R\u012bga \u2022 T\u0101lrunis: +371-26 001 433 \u2022 <a href=\"mailto:tornado@tornado.lv\">tornado@tornado.lv<\/a> \u2022 <a href=\"http:\/\/www.tornado.lv\/\" target=\"_blank\" rel=\"noopener noreferrer nofollow\">www.tornado.lv<\/a><\/p>\n<h3>Sporta klubs &quot;V\u0113tra&quot;<\/h3>\n<p class=\"info\">Br\u012bv\u012bbas 155 \u2022 T\u0101lrunis: +371-6750 1999 \u2022 <a href=\"mailto:info@sportaklubs.lv\">info@sportaklubs.lv<\/a><\/p>\n<h3>Sporta Klubas Veselibas Fabrika<\/h3>\n<p class=\"info\">Brivibas gatve 214M-2, Riga, LV-1039 \u2022 Tel. +37167887188 \u2022 <a href=\"http:\/\/www.vfabrika.lv\/\" target=\"_blank\" rel=\"noopener noreferrer nofollow\">www.vfabrika.lv<\/a><\/p>\n<h2>Daugavpils<\/h2>\n<h3>Gym! Daugavpils<\/h3>\n<p class=\"info\">Saules 62, Daugavpils \u2022 <a href=\"mailto:info@gymlatvija.lv\">info@gymlatvija.lv<\/a> \u2022 <a href=\"https:\/\/gymlatvija.lv\/\" target=\"_blank\" rel=\"noopener noreferrer nofollow\">www.gymlatvija.lv<\/a><\/p>\n<h2>J\u0113kabpils<\/h2>\n<h3>CF J\u0113kabpils<\/h3>\n<p class=\"info\">Ausek\u013ca iela 3, J\u0113kabpils, LV-5201 \u2022 T\u0101lrunis: +371-29 868 512 <br \/><a href=\"mailto:cf_jekabpils@inbox.lv\">cf_jekabpils@inbox.lv<\/a> \u2022 <a href=\"http:\/\/cfjekabpils.lv\/\" target=\"_blank\" rel=\"noopener noreferrer nofollow\">www.cfjekabpils.lv<\/a><\/p>\n<h2>Jurmala<\/h2>\n<h3>Powerlab Fitness &#8211; Baltic Beach Hotel &amp; Spa<\/h3>\n<p class=\"info\">Juras street 23\/25, Jurmala, LV-2015 \u2022 T\u0101lrunis: +371-6777 1443 \u2022 <a href=\"mailto:spa@balticbeach.lv\">spa@balticbeach.lv<\/a> \u2022 <a href=\"https:\/\/www.balticbeach.lv\/lv\/trenezieru-zale\/\" target=\"_blank\" rel=\"noopener noreferrer nofollow\">www.balticbeach.lv\/lv\/trenezieru-zale\/<\/a><\/p>\n<p style=\"margin-top: 30px;\">Ja datos atradat k\u0101du k\u013c\u016bdu vai v\u0113laties tos papildin\u0101t, <a href=\"mailto:vame1956@inbox.lv\">tad zi\u0146ojiet  mums &gt;&gt;&gt;<\/a><\/p>\n\t\t<\/div>\n\t\n\t\t<\/div>\n\t\t\t\t\t<\/div>\n\n\t\n\n\t<div id=\"col-1879702362\" class=\"col medium-3 small-12 large-3\"  >\n\t\t\t\t<div class=\"col-inner\"  >\n\t\t\t\n\t\t\t\n\t\t<\/div>\n\t\t\t\t\t<\/div>\n\n\t\n<\/div>\n\t\t<\/div>\n\t\t\t\t\t<\/div>\n\n\t\n<\/div>\n","protected":false},"excerpt":{"rendered":"","protected":false},"author":1,"featured_media":847,"parent":0,"menu_order":0,"comment_status":"closed","ping_status":"closed","template":"","meta":{"footnotes":""},"class_list":["post-1771","page","type-page","status-publish","has-post-thumbnail","hentry"],"_links":{"self":[{"href":"https:\/\/www.concept2.ee\/lv\/wp-json\/wp\/v2\/pages\/1771","targetHints":{"allow":["GET"]}}],"collection":[{"href":"https:\/\/www.concept2.ee\/lv\/wp-json\/wp\/v2\/pages"}],"about":[{"href":"https:\/\/www.concept2.ee\/lv\/wp-json\/wp\/v2\/types\/page"}],"author":[{"embeddable":true,"href":"https:\/\/www.concept2.ee\/lv\/wp-json\/wp\/v2\/users\/1"}],"replies":[{"embeddable":true,"href":"https:\/\/www.concept2.ee\/lv\/wp-json\/wp\/v2\/comments?post=1771"}],"version-history":[{"count":0,"href":"https:\/\/www.concept2.ee\/lv\/wp-json\/wp\/v2\/pages\/1771\/revisions"}],"wp:featuredmedia":[{"embeddable":true,"href":"https:\/\/www.concept2.ee\/lv\/wp-json\/wp\/v2\/media\/847"}],"wp:attachment":[{"href":"https:\/\/www.concept2.ee\/lv\/wp-json\/wp\/v2\/media?parent=1771"}],"curies":[{"name":"wp","href":"https:\/\/api.w.org\/{rel}","templated":true}]}}