{"id":1203,"date":"2023-12-28T17:39:04","date_gmt":"2023-12-28T15:39:04","guid":{"rendered":"https:\/\/www.concept2.ee\/?page_id=1203"},"modified":"2025-05-03T11:22:02","modified_gmt":"2025-05-03T08:22:02","slug":"avaleht-lv","status":"publish","type":"page","link":"https:\/\/www.concept2.ee\/lv\/","title":{"rendered":"Avaleht LV"},"content":{"rendered":"<div class=\"slider-wrapper relative slider-main\" id=\"slider-625917708\" >\n    <div class=\"slider slider-type-fade slider-nav-circle slider-nav-large slider-nav-light slider-style-normal\"\n        data-flickity-options='{\n            \"cellAlign\": \"center\",\n            \"imagesLoaded\": true,\n            \"lazyLoad\": 1,\n            \"freeScroll\": false,\n            \"wrapAround\": true,\n            \"autoPlay\": 3500,\n            \"pauseAutoPlayOnHover\" : true,\n            \"prevNextButtons\": true,\n            \"contain\" : true,\n            \"adaptiveHeight\" : true,\n            \"dragThreshold\" : 10,\n            \"percentPosition\": true,\n            \"pageDots\": false,\n            \"rightToLeft\": false,\n            \"draggable\": true,\n            \"selectedAttraction\": 0.1,\n            \"parallax\" : 0,\n            \"friction\": 0.6        }'\n        >\n        \n\t<div class=\"img has-hover x md-x lg-x y md-y lg-y\" id=\"image_1807458579\">\n\t\t\t\t\t\t\t\t<div class=\"img-inner dark\" >\n\t\t\t<img loading=\"lazy\" decoding=\"async\" width=\"1020\" height=\"510\" src=\"https:\/\/www.concept2.ee\/wp-content\/uploads\/slide-01-20220319-emom-concept2-0366-detail.jpg\" class=\"attachment-large size-large\" alt=\"\" srcset=\"https:\/\/www.concept2.ee\/wp-content\/uploads\/slide-01-20220319-emom-concept2-0366-detail.jpg 1200w, https:\/\/www.concept2.ee\/wp-content\/uploads\/slide-01-20220319-emom-concept2-0366-detail-600x300.jpg 600w, https:\/\/www.concept2.ee\/wp-content\/uploads\/slide-01-20220319-emom-concept2-0366-detail-768x384.jpg 768w\" sizes=\"auto, (max-width: 1020px) 100vw, 1020px\" \/>\t\t\t\t\t\t\n\t\t\t\t\t<\/div>\n\t\t\t\t\t\t\t\t\n<style>\n#image_1807458579 {\n  width: 100%;\n}\n<\/style>\n\t<\/div>\n\t\n\t<div class=\"img has-hover x md-x lg-x y md-y lg-y\" id=\"image_1232418943\">\n\t\t\t\t\t\t\t\t<div class=\"img-inner dark\" >\n\t\t\t<img loading=\"lazy\" decoding=\"async\" width=\"1020\" height=\"510\" src=\"https:\/\/www.concept2.ee\/wp-content\/uploads\/slide-02-20221020-kiedaisch-2785-detail.jpg\" class=\"attachment-large size-large\" alt=\"\" srcset=\"https:\/\/www.concept2.ee\/wp-content\/uploads\/slide-02-20221020-kiedaisch-2785-detail.jpg 1200w, https:\/\/www.concept2.ee\/wp-content\/uploads\/slide-02-20221020-kiedaisch-2785-detail-600x300.jpg 600w, https:\/\/www.concept2.ee\/wp-content\/uploads\/slide-02-20221020-kiedaisch-2785-detail-768x384.jpg 768w\" sizes=\"auto, (max-width: 1020px) 100vw, 1020px\" \/>\t\t\t\t\t\t\n\t\t\t\t\t<\/div>\n\t\t\t\t\t\t\t\t\n<style>\n#image_1232418943 {\n  width: 100%;\n}\n<\/style>\n\t<\/div>\n\t\n\t<div class=\"img has-hover x md-x lg-x y md-y lg-y\" id=\"image_2031512430\">\n\t\t\t\t\t\t\t\t<div class=\"img-inner dark\" >\n\t\t\t<img loading=\"lazy\" decoding=\"async\" width=\"1020\" height=\"510\" src=\"https:\/\/www.concept2.ee\/wp-content\/uploads\/slide-03-20221020-kiedaisch-2755-detail.jpg\" class=\"attachment-large size-large\" alt=\"\" srcset=\"https:\/\/www.concept2.ee\/wp-content\/uploads\/slide-03-20221020-kiedaisch-2755-detail.jpg 1200w, https:\/\/www.concept2.ee\/wp-content\/uploads\/slide-03-20221020-kiedaisch-2755-detail-600x300.jpg 600w, https:\/\/www.concept2.ee\/wp-content\/uploads\/slide-03-20221020-kiedaisch-2755-detail-768x384.jpg 768w\" sizes=\"auto, (max-width: 1020px) 100vw, 1020px\" \/>\t\t\t\t\t\t\n\t\t\t\t\t<\/div>\n\t\t\t\t\t\t\t\t\n<style>\n#image_2031512430 {\n  width: 100%;\n}\n<\/style>\n\t<\/div>\n\t\n\t<div class=\"img has-hover x md-x lg-x y md-y lg-y\" id=\"image_1986764288\">\n\t\t\t\t\t\t\t\t<div class=\"img-inner dark\" >\n\t\t\t<img loading=\"lazy\" decoding=\"async\" width=\"1020\" height=\"510\" src=\"https:\/\/www.concept2.ee\/wp-content\/uploads\/slide-04-20190219-bharewyn-c2-300dpi-100-detail.jpg\" class=\"attachment-large size-large\" alt=\"\" srcset=\"https:\/\/www.concept2.ee\/wp-content\/uploads\/slide-04-20190219-bharewyn-c2-300dpi-100-detail.jpg 1200w, https:\/\/www.concept2.ee\/wp-content\/uploads\/slide-04-20190219-bharewyn-c2-300dpi-100-detail-600x300.jpg 600w, https:\/\/www.concept2.ee\/wp-content\/uploads\/slide-04-20190219-bharewyn-c2-300dpi-100-detail-768x384.jpg 768w\" sizes=\"auto, (max-width: 1020px) 100vw, 1020px\" \/>\t\t\t\t\t\t\n\t\t\t\t\t<\/div>\n\t\t\t\t\t\t\t\t\n<style>\n#image_1986764288 {\n  width: 100%;\n}\n<\/style>\n\t<\/div>\n\t\n\t<div class=\"img has-hover x md-x lg-x y md-y lg-y\" id=\"image_1434976233\">\n\t\t\t\t\t\t\t\t<div class=\"img-inner dark\" >\n\t\t\t<img loading=\"lazy\" decoding=\"async\" width=\"1020\" height=\"510\" src=\"https:\/\/www.concept2.ee\/wp-content\/uploads\/slide-05-lfa0627-detail.jpg\" class=\"attachment-large size-large\" alt=\"\" srcset=\"https:\/\/www.concept2.ee\/wp-content\/uploads\/slide-05-lfa0627-detail.jpg 1200w, https:\/\/www.concept2.ee\/wp-content\/uploads\/slide-05-lfa0627-detail-600x300.jpg 600w, https:\/\/www.concept2.ee\/wp-content\/uploads\/slide-05-lfa0627-detail-768x384.jpg 768w\" sizes=\"auto, (max-width: 1020px) 100vw, 1020px\" \/>\t\t\t\t\t\t\n\t\t\t\t\t<\/div>\n\t\t\t\t\t\t\t\t\n<style>\n#image_1434976233 {\n  width: 100%;\n}\n<\/style>\n\t<\/div>\n\t\n\t<div class=\"img has-hover x md-x lg-x y md-y lg-y\" id=\"image_334218417\">\n\t\t\t\t\t\t\t\t<div class=\"img-inner dark\" >\n\t\t\t<img loading=\"lazy\" decoding=\"async\" width=\"1020\" height=\"510\" src=\"https:\/\/www.concept2.ee\/wp-content\/uploads\/slide-06-lfa3551-detail.jpg\" class=\"attachment-large size-large\" alt=\"\" srcset=\"https:\/\/www.concept2.ee\/wp-content\/uploads\/slide-06-lfa3551-detail.jpg 1200w, https:\/\/www.concept2.ee\/wp-content\/uploads\/slide-06-lfa3551-detail-600x300.jpg 600w, https:\/\/www.concept2.ee\/wp-content\/uploads\/slide-06-lfa3551-detail-768x384.jpg 768w\" sizes=\"auto, (max-width: 1020px) 100vw, 1020px\" \/>\t\t\t\t\t\t\n\t\t\t\t\t<\/div>\n\t\t\t\t\t\t\t\t\n<style>\n#image_334218417 {\n  width: 100%;\n}\n<\/style>\n\t<\/div>\n\t\n\t<div class=\"img has-hover x md-x lg-x y md-y lg-y\" id=\"image_437121846\">\n\t\t\t\t\t\t\t\t<div class=\"img-inner dark\" >\n\t\t\t<img loading=\"lazy\" decoding=\"async\" width=\"1020\" height=\"510\" src=\"https:\/\/www.concept2.ee\/wp-content\/uploads\/slide-07-lfa3369-detail.jpg\" class=\"attachment-large size-large\" alt=\"\" srcset=\"https:\/\/www.concept2.ee\/wp-content\/uploads\/slide-07-lfa3369-detail.jpg 1200w, https:\/\/www.concept2.ee\/wp-content\/uploads\/slide-07-lfa3369-detail-600x300.jpg 600w, https:\/\/www.concept2.ee\/wp-content\/uploads\/slide-07-lfa3369-detail-768x384.jpg 768w\" sizes=\"auto, (max-width: 1020px) 100vw, 1020px\" \/>\t\t\t\t\t\t\n\t\t\t\t\t<\/div>\n\t\t\t\t\t\t\t\t\n<style>\n#image_437121846 {\n  width: 100%;\n}\n<\/style>\n\t<\/div>\n\t\n     <\/div>\n\n     <div class=\"loading-spin dark large centered\"><\/div>\n\n\t<\/div>\n\n\n\n\t<section class=\"section main-h1\" id=\"section_1110765411\">\n\t\t<div class=\"section-bg fill\" >\n\t\t\t\t\t\t\t\t\t\n\t\t\t\n\n\t\t<\/div>\n\n\t\t\n\n\t\t<div class=\"section-content relative\">\n\t\t\t\n\t<div id=\"text-2564891835\" class=\"text\">\n\t\t\n<h1 class=\"main\"><em>RowErg, SkiErg, BikeErg, StrengthErg<\/em><\/h1>\n\t\t\n<style>\n#text-2564891835 {\n  font-size: 1.75rem;\n  text-align: center;\n}\n<\/style>\n\t<\/div>\n\t\n\t\t<\/div>\n\n\t\t\n<style>\n#section_1110765411 {\n  padding-top: 30px;\n  padding-bottom: 30px;\n}\n<\/style>\n\t<\/section>\n\t\n\t<div id=\"gap-431497675\" class=\"gap-element clearfix\" style=\"display:block; height:auto;\">\n\t\t\n<style>\n#gap-431497675 {\n  padding-top: 30px;\n}\n<\/style>\n\t<\/div>\n\t\n<div class=\"row row-collapse align-middle\"  id=\"row-1728524741\">\n\n\t<div id=\"col-230578439\" class=\"col medium-6 small-12 large-6\"  >\n\t\t\t\t<div class=\"col-inner\"  >\n\t\t\t\n\t\t\t\n\t<div class=\"img has-hover x md-x lg-x y md-y lg-y\" id=\"image_405345435\">\n\t\t<a class=\"\" href=\"\/lv\/ievads\/rowerg-standard\/\" >\t\t\t\t<div data-animate=\"flipInX\">\t\t<div class=\"img-inner image-zoom dark\" >\n\t\t\t<img loading=\"lazy\" decoding=\"async\" width=\"600\" height=\"400\" src=\"https:\/\/www.concept2.ee\/wp-content\/uploads\/rowerg-monorail-indoors-kate2-600x400.jpg\" class=\"attachment-medium size-medium\" alt=\"\" srcset=\"https:\/\/www.concept2.ee\/wp-content\/uploads\/rowerg-monorail-indoors-kate2-600x400.jpg 600w, https:\/\/www.concept2.ee\/wp-content\/uploads\/rowerg-monorail-indoors-kate2-768x512.jpg 768w, https:\/\/www.concept2.ee\/wp-content\/uploads\/rowerg-monorail-indoors-kate2.jpg 1180w\" sizes=\"auto, (max-width: 600px) 100vw, 600px\" \/>\t\t\t\t\t\t\n\t\t\t\t\t<\/div>\n\t\t<\/div>\t\t\t\t<\/a>\t\t\n<style>\n#image_405345435 {\n  width: 100%;\n}\n<\/style>\n\t<\/div>\n\t\n\t\t<\/div>\n\t\t\t\t\t<\/div>\n\n\t\n\n\t<div id=\"col-1039436081\" class=\"col cbtextright medium-6 small-12 large-6\"  data-animate=\"flipInY\">\n\t\t\t\t<div class=\"col-inner\"  >\n\t\t\t\n\t\t\t\n<h2>RowErg Standard un Augst\u0101ks<\/h2>\n<p>Uzticam\u012bba, iztur\u012bba un precizit\u0101te treni\u0146u rezult\u0101tu m\u0113r\u012b\u0161an\u0101 pace\u013c <em>RowErg<\/em> krietni p\u0101r konkurentiem. <em>RowErg<\/em> ir treni\u0146u trena\u017eieris, kas ir piem\u0113rots gan sporta z\u0101l\u0113m, gan m\u0101j\u0101m, un jau gadiem ilgi ir lab\u0101kais air\u0113\u0161anas trena\u017eieris pasaul\u0113.<\/p>\n<a href=\"https:\/\/www.concept2.ee\/tutvustus\/rowerg-standard\/\" class=\"button primary\"><span>Uzzin\u0101t vair\u0101k<\/span><\/a>\r\n\n\t\t<\/div>\n\t\t\t\t\t<\/div>\n\n\t\n<\/div>\n<div class=\"row row-collapse align-middle reverse\"  id=\"row-118205685\">\n\n\t<div id=\"col-511280731\" class=\"col medium-6 small-12 large-6\"  >\n\t\t\t\t<div class=\"col-inner\"  >\n\t\t\t\n\t\t\t\n\t<div class=\"img has-hover x md-x lg-x y md-y lg-y\" id=\"image_318174382\">\n\t\t<a class=\"\" href=\"\/lv\/ievads\/rowerg-augstaks\/\" >\t\t\t\t<div data-animate=\"flipInX\">\t\t<div class=\"img-inner image-zoom dark\" >\n\t\t\t<img loading=\"lazy\" decoding=\"async\" width=\"600\" height=\"400\" src=\"https:\/\/www.concept2.ee\/wp-content\/uploads\/dynamic-rowerg-20190219-bharewyn-600x400.jpg\" class=\"attachment-medium size-medium\" alt=\"\" srcset=\"https:\/\/www.concept2.ee\/wp-content\/uploads\/dynamic-rowerg-20190219-bharewyn-600x400.jpg 600w, https:\/\/www.concept2.ee\/wp-content\/uploads\/dynamic-rowerg-20190219-bharewyn-768x512.jpg 768w, https:\/\/www.concept2.ee\/wp-content\/uploads\/dynamic-rowerg-20190219-bharewyn.jpg 1180w\" sizes=\"auto, (max-width: 600px) 100vw, 600px\" \/>\t\t\t\t\t\t\n\t\t\t\t\t<\/div>\n\t\t<\/div>\t\t\t\t<\/a>\t\t\n<style>\n#image_318174382 {\n  width: 100%;\n}\n<\/style>\n\t<\/div>\n\t\n\t\t<\/div>\n\t\t\t\t\t<\/div>\n\n\t\n\n\t<div id=\"col-308107665\" class=\"col cbtextleft medium-6 small-12 large-6\"  data-animate=\"flipInY\">\n\t\t\t\t<div class=\"col-inner\"  >\n\t\t\t\n\t\t\t\n<h1>RowErg Dynamic<\/h1>\n<ul>\n<li>Tuv\u0101k\u0101 saj\u016bta air\u0113\u0161anai uz \u016bdens<\/li>\n<li>Specifisks treni\u0146a trena\u017eieris sal\u012bdzin\u0101jum\u0101 ar <em>RowErg<\/em><\/li>\n<li>L\u012bdz\u012bga saj\u016bta k\u0101 air\u0113jot ar slaidu, bet vien\u0101 gabal\u0101<\/li>\n<li>Aiz\u0146em maz\u0101k vietas, nek\u0101 <em>RowErg<\/em><\/li>\n<li>Pirms lieto\u0161anas j\u0101uzl\u0101d\u0113<\/li>\n<li>Nesadal\u0101s div\u0101s da\u013c\u0101s<\/li>\n<\/ul>\n<a href=\"https:\/\/www.concept2.ee\/tutvustus\/rowerg-korgem\/\" class=\"button primary\"><span>Uzzin\u0101t vair\u0101k<\/span><\/a>\r\n\n\t\t<\/div>\n\t\t\t\t\t<\/div>\n\n\t\n<\/div>\n\t<div id=\"text-3638469437\" class=\"text hidden\">\n\t\t\n<h2>Osta v\u00f5i rendi<\/h2>\n\t\t\t<\/div>\n\t\n\t<div id=\"gap-562108392\" class=\"gap-element clearfix\" style=\"display:block; height:auto;\">\n\t\t\n<style>\n#gap-562108392 {\n  padding-top: 90px;\n}\n<\/style>\n\t<\/div>\n\t\n<div class=\"container section-title-container\" ><h2 class=\"section-title section-title-center\"><b aria-hidden=\"true\"><\/b><span class=\"section-title-main\" >Pirkt vai nom\u0101t<\/span><b aria-hidden=\"true\"><\/b><\/h2><\/div>\n\t\n  \n    <div id=\"product-grid-378464466\" class=\"row large-columns-4 medium-columns-3 small-columns-2 row-small has-shadow row-box-shadow-2 row-box-shadow-4-hover row-masonry\" data-packery-options='{\"itemSelector\": \".col\", \"gutter\": 0, \"presentageWidth\" : true}'>\n\n  \n\t     <div class=\"col\" data-animate=\"fadeInUp\">\n\t\t\t\t\t\t<div class=\"col-inner\">\n\t\t\t\t\t\t\n<div class=\"badge-container absolute left top z-1\">\n\n<\/div>\n\t\t\t\t\t\t<div class=\"product-small box has-hover box-normal box-text-bottom\">\n\t\t\t\t\t\t\t<div class=\"box-image\" >\n\t\t\t\t\t\t\t\t<div class=\"\" >\n\t\t\t\t\t\t\t\t\t<a href=\"https:\/\/www.concept2.ee\/lv\/product\/rowerg-standard\/\" aria-label=\"RowErg Standard\">\n\t\t\t\t\t\t\t\t\t\t<img loading=\"lazy\" decoding=\"async\" width=\"300\" height=\"300\" src=\"https:\/\/www.concept2.ee\/wp-content\/uploads\/rowerg-standard-flyprofile-gator-300x300.jpg\" class=\"show-on-hover absolute fill hide-for-small back-image\" alt=\"Alternative view of RowErg Standard\" aria-hidden=\"true\" srcset=\"https:\/\/www.concept2.ee\/wp-content\/uploads\/rowerg-standard-flyprofile-gator-300x300.jpg 300w, https:\/\/www.concept2.ee\/wp-content\/uploads\/rowerg-standard-flyprofile-gator-600x600.jpg 600w, https:\/\/www.concept2.ee\/wp-content\/uploads\/rowerg-standard-flyprofile-gator-1200x1200.jpg 1200w, https:\/\/www.concept2.ee\/wp-content\/uploads\/rowerg-standard-flyprofile-gator-768x768.jpg 768w, https:\/\/www.concept2.ee\/wp-content\/uploads\/rowerg-standard-flyprofile-gator-1536x1536.jpg 1536w, https:\/\/www.concept2.ee\/wp-content\/uploads\/rowerg-standard-flyprofile-gator-2048x2048.jpg 2048w, https:\/\/www.concept2.ee\/wp-content\/uploads\/rowerg-standard-flyprofile-gator-100x100.jpg 100w\" sizes=\"auto, (max-width: 300px) 100vw, 300px\" \/><img loading=\"lazy\" decoding=\"async\" width=\"300\" height=\"300\" src=\"https:\/\/www.concept2.ee\/wp-content\/uploads\/rowerg-standard-flyfrontangle-gator-300x300.jpg\" class=\"attachment-woocommerce_thumbnail size-woocommerce_thumbnail\" alt=\"RowErg Standard\" srcset=\"https:\/\/www.concept2.ee\/wp-content\/uploads\/rowerg-standard-flyfrontangle-gator-300x300.jpg 300w, https:\/\/www.concept2.ee\/wp-content\/uploads\/rowerg-standard-flyfrontangle-gator-600x600.jpg 600w, https:\/\/www.concept2.ee\/wp-content\/uploads\/rowerg-standard-flyfrontangle-gator-1200x1200.jpg 1200w, https:\/\/www.concept2.ee\/wp-content\/uploads\/rowerg-standard-flyfrontangle-gator-768x768.jpg 768w, https:\/\/www.concept2.ee\/wp-content\/uploads\/rowerg-standard-flyfrontangle-gator-1536x1536.jpg 1536w, https:\/\/www.concept2.ee\/wp-content\/uploads\/rowerg-standard-flyfrontangle-gator-2048x2048.jpg 2048w, https:\/\/www.concept2.ee\/wp-content\/uploads\/rowerg-standard-flyfrontangle-gator-100x100.jpg 100w\" sizes=\"auto, (max-width: 300px) 100vw, 300px\" \/>\t\t\t\t\t\t\t\t\t<\/a>\n\t\t\t\t\t\t\t\t\t\t\t\t\t\t\t\t\t\t \t\t\t\t\t\t\t\t<\/div>\n\t\t\t\t\t\t\t\t<div class=\"image-tools top right show-on-hover\">\n\t\t\t\t\t\t\t\t\t\t\t\t\t\t\t\t\t<\/div>\n\t\t\t\t\t\t\t\t\t\t\t\t\t\t\t\t\t<div class=\"image-tools grid-tools text-center hide-for-small bottom hover-slide-in show-on-hover\">\n\t\t\t\t\t\t\t\t\t\t\t\t\t\t\t\t\t\t\t<\/div>\n\t\t\t\t\t\t\t\t\t\t\t\t\t\t\t\t\t\t\t\t\t\t\t<\/div>\n\n\t\t\t\t\t\t\t<div class=\"box-text text-left\" >\n\t\t\t\t\t\t\t\t<div class=\"title-wrapper\"><p class=\"name product-title woocommerce-loop-product__title\"><a href=\"https:\/\/www.concept2.ee\/lv\/product\/rowerg-standard\/\" class=\"woocommerce-LoopProduct-link woocommerce-loop-product__link\">RowErg Standard<\/a><\/p><\/div><div class=\"price-wrapper\">\n\t<span class=\"price\"><span class=\"woocommerce-Price-amount amount\"><bdi>1265,00&nbsp;<span class=\"woocommerce-Price-currencySymbol\">&euro;<\/span><\/bdi><\/span><\/span>\n<\/div>\t\t\t\t\t\t\t<\/div>\n\t\t\t\t\t\t<\/div>\n\t\t\t\t\t\t<\/div>\n\t\t\t\t\t<\/div><div class=\"col\" data-animate=\"fadeInUp\">\n\t\t\t\t\t\t<div class=\"col-inner\">\n\t\t\t\t\t\t\n<div class=\"badge-container absolute left top z-1\">\n\n<\/div>\n\t\t\t\t\t\t<div class=\"product-small box has-hover box-normal box-text-bottom\">\n\t\t\t\t\t\t\t<div class=\"box-image\" >\n\t\t\t\t\t\t\t\t<div class=\"\" >\n\t\t\t\t\t\t\t\t\t<a href=\"https:\/\/www.concept2.ee\/lv\/product\/rowerg-tall\/\" aria-label=\"RowErg Tall\">\n\t\t\t\t\t\t\t\t\t\t<img loading=\"lazy\" decoding=\"async\" width=\"300\" height=\"300\" src=\"https:\/\/www.concept2.ee\/wp-content\/uploads\/rowerg-high-flyprofile-gator-new-300x300.jpg\" class=\"show-on-hover absolute fill hide-for-small back-image\" alt=\"Alternative view of RowErg Tall\" aria-hidden=\"true\" srcset=\"https:\/\/www.concept2.ee\/wp-content\/uploads\/rowerg-high-flyprofile-gator-new-300x300.jpg 300w, https:\/\/www.concept2.ee\/wp-content\/uploads\/rowerg-high-flyprofile-gator-new-600x600.jpg 600w, https:\/\/www.concept2.ee\/wp-content\/uploads\/rowerg-high-flyprofile-gator-new-1200x1200.jpg 1200w, https:\/\/www.concept2.ee\/wp-content\/uploads\/rowerg-high-flyprofile-gator-new-768x768.jpg 768w, https:\/\/www.concept2.ee\/wp-content\/uploads\/rowerg-high-flyprofile-gator-new-1536x1536.jpg 1536w, https:\/\/www.concept2.ee\/wp-content\/uploads\/rowerg-high-flyprofile-gator-new-2048x2048.jpg 2048w, https:\/\/www.concept2.ee\/wp-content\/uploads\/rowerg-high-flyprofile-gator-new-100x100.jpg 100w\" sizes=\"auto, (max-width: 300px) 100vw, 300px\" \/><img loading=\"lazy\" decoding=\"async\" width=\"300\" height=\"300\" src=\"https:\/\/www.concept2.ee\/wp-content\/uploads\/rowerg-high-frontflyangle-gator-new-300x300.jpg\" class=\"attachment-woocommerce_thumbnail size-woocommerce_thumbnail\" alt=\"RowErg Tall\" srcset=\"https:\/\/www.concept2.ee\/wp-content\/uploads\/rowerg-high-frontflyangle-gator-new-300x300.jpg 300w, https:\/\/www.concept2.ee\/wp-content\/uploads\/rowerg-high-frontflyangle-gator-new-600x600.jpg 600w, https:\/\/www.concept2.ee\/wp-content\/uploads\/rowerg-high-frontflyangle-gator-new-1200x1200.jpg 1200w, https:\/\/www.concept2.ee\/wp-content\/uploads\/rowerg-high-frontflyangle-gator-new-768x768.jpg 768w, https:\/\/www.concept2.ee\/wp-content\/uploads\/rowerg-high-frontflyangle-gator-new-1536x1536.jpg 1536w, https:\/\/www.concept2.ee\/wp-content\/uploads\/rowerg-high-frontflyangle-gator-new-2048x2048.jpg 2048w, https:\/\/www.concept2.ee\/wp-content\/uploads\/rowerg-high-frontflyangle-gator-new-100x100.jpg 100w\" sizes=\"auto, (max-width: 300px) 100vw, 300px\" \/>\t\t\t\t\t\t\t\t\t<\/a>\n\t\t\t\t\t\t\t\t\t\t\t\t\t\t\t\t\t\t \t\t\t\t\t\t\t\t<\/div>\n\t\t\t\t\t\t\t\t<div class=\"image-tools top right show-on-hover\">\n\t\t\t\t\t\t\t\t\t\t\t\t\t\t\t\t\t<\/div>\n\t\t\t\t\t\t\t\t\t\t\t\t\t\t\t\t\t<div class=\"image-tools grid-tools text-center hide-for-small bottom hover-slide-in show-on-hover\">\n\t\t\t\t\t\t\t\t\t\t\t\t\t\t\t\t\t\t\t<\/div>\n\t\t\t\t\t\t\t\t\t\t\t\t\t\t\t\t\t\t\t\t\t\t\t<\/div>\n\n\t\t\t\t\t\t\t<div class=\"box-text text-left\" >\n\t\t\t\t\t\t\t\t<div class=\"title-wrapper\"><p class=\"name product-title woocommerce-loop-product__title\"><a href=\"https:\/\/www.concept2.ee\/lv\/product\/rowerg-tall\/\" class=\"woocommerce-LoopProduct-link woocommerce-loop-product__link\">RowErg Tall<\/a><\/p><\/div><div class=\"price-wrapper\">\n\t<span class=\"price\"><span class=\"woocommerce-Price-amount amount\"><bdi>1470,00&nbsp;<span class=\"woocommerce-Price-currencySymbol\">&euro;<\/span><\/bdi><\/span><\/span>\n<\/div>\t\t\t\t\t\t\t<\/div>\n\t\t\t\t\t\t<\/div>\n\t\t\t\t\t\t<\/div>\n\t\t\t\t\t<\/div><div class=\"col\" data-animate=\"fadeInUp\">\n\t\t\t\t\t\t<div class=\"col-inner\">\n\t\t\t\t\t\t\n<div class=\"badge-container absolute left top z-1\">\n\n<\/div>\n\t\t\t\t\t\t<div class=\"product-small box has-hover box-normal box-text-bottom\">\n\t\t\t\t\t\t\t<div class=\"box-image\" >\n\t\t\t\t\t\t\t\t<div class=\"\" >\n\t\t\t\t\t\t\t\t\t<a href=\"https:\/\/www.concept2.ee\/lv\/product\/paklajins-prieks-ergometra\/\" aria-label=\"Pakl\u0101ji\u0146\u0161 priek\u0161 ergometra\">\n\t\t\t\t\t\t\t\t\t\t<img loading=\"lazy\" decoding=\"async\" width=\"300\" height=\"300\" src=\"https:\/\/www.concept2.ee\/wp-content\/uploads\/c2-rowerg-floor-mat-black-300x300.jpg\" class=\"show-on-hover absolute fill hide-for-small back-image\" alt=\"Alternative view of Pakl\u0101ji\u0146\u0161 priek\u0161 ergometra\" aria-hidden=\"true\" srcset=\"https:\/\/www.concept2.ee\/wp-content\/uploads\/c2-rowerg-floor-mat-black-300x300.jpg 300w, https:\/\/www.concept2.ee\/wp-content\/uploads\/c2-rowerg-floor-mat-black-600x600.jpg 600w, https:\/\/www.concept2.ee\/wp-content\/uploads\/c2-rowerg-floor-mat-black-1200x1200.jpg 1200w, https:\/\/www.concept2.ee\/wp-content\/uploads\/c2-rowerg-floor-mat-black-768x768.jpg 768w, https:\/\/www.concept2.ee\/wp-content\/uploads\/c2-rowerg-floor-mat-black-100x100.jpg 100w, https:\/\/www.concept2.ee\/wp-content\/uploads\/c2-rowerg-floor-mat-black.jpg 1500w\" sizes=\"auto, (max-width: 300px) 100vw, 300px\" \/><img loading=\"lazy\" decoding=\"async\" width=\"300\" height=\"300\" src=\"https:\/\/www.concept2.ee\/wp-content\/uploads\/c2-rowerg-floor-mat-black-angle-300x300.jpg\" class=\"attachment-woocommerce_thumbnail size-woocommerce_thumbnail\" alt=\"Pakl\u0101ji\u0146\u0161 priek\u0161 ergometra\" srcset=\"https:\/\/www.concept2.ee\/wp-content\/uploads\/c2-rowerg-floor-mat-black-angle-300x300.jpg 300w, https:\/\/www.concept2.ee\/wp-content\/uploads\/c2-rowerg-floor-mat-black-angle-600x600.jpg 600w, https:\/\/www.concept2.ee\/wp-content\/uploads\/c2-rowerg-floor-mat-black-angle-1200x1200.jpg 1200w, https:\/\/www.concept2.ee\/wp-content\/uploads\/c2-rowerg-floor-mat-black-angle-768x768.jpg 768w, https:\/\/www.concept2.ee\/wp-content\/uploads\/c2-rowerg-floor-mat-black-angle-100x100.jpg 100w, https:\/\/www.concept2.ee\/wp-content\/uploads\/c2-rowerg-floor-mat-black-angle.jpg 1500w\" sizes=\"auto, (max-width: 300px) 100vw, 300px\" \/>\t\t\t\t\t\t\t\t\t<\/a>\n\t\t\t\t\t\t\t\t\t\t\t\t\t\t\t\t\t\t \t\t\t\t\t\t\t\t<\/div>\n\t\t\t\t\t\t\t\t<div class=\"image-tools top right show-on-hover\">\n\t\t\t\t\t\t\t\t\t\t\t\t\t\t\t\t\t<\/div>\n\t\t\t\t\t\t\t\t\t\t\t\t\t\t\t\t\t<div class=\"image-tools grid-tools text-center hide-for-small bottom hover-slide-in show-on-hover\">\n\t\t\t\t\t\t\t\t\t\t\t\t\t\t\t\t\t\t\t<\/div>\n\t\t\t\t\t\t\t\t\t\t\t\t\t\t\t\t\t\t\t\t\t\t\t<\/div>\n\n\t\t\t\t\t\t\t<div class=\"box-text text-left\" >\n\t\t\t\t\t\t\t\t<div class=\"title-wrapper\"><p class=\"name product-title woocommerce-loop-product__title\"><a href=\"https:\/\/www.concept2.ee\/lv\/product\/paklajins-prieks-ergometra\/\" class=\"woocommerce-LoopProduct-link woocommerce-loop-product__link\">Pakl\u0101ji\u0146\u0161 priek\u0161 ergometra<\/a><\/p><\/div><div class=\"price-wrapper\">\n\t<span class=\"price\"><span class=\"woocommerce-Price-amount amount\"><bdi>59,00&nbsp;<span class=\"woocommerce-Price-currencySymbol\">&euro;<\/span><\/bdi><\/span><\/span>\n<\/div>\t\t\t\t\t\t\t<\/div>\n\t\t\t\t\t\t<\/div>\n\t\t\t\t\t\t<\/div>\n\t\t\t\t\t<\/div><div class=\"col\" data-animate=\"fadeInUp\">\n\t\t\t\t\t\t<div class=\"col-inner\">\n\t\t\t\t\t\t\n<div class=\"badge-container absolute left top z-1\">\n\n<\/div>\n\t\t\t\t\t\t<div class=\"product-small box has-hover box-normal box-text-bottom\">\n\t\t\t\t\t\t\t<div class=\"box-image\" >\n\t\t\t\t\t\t\t\t<div class=\"\" >\n\t\t\t\t\t\t\t\t\t<a href=\"https:\/\/www.concept2.ee\/lv\/product\/bikeerg\/\" aria-label=\"BikeErg\">\n\t\t\t\t\t\t\t\t\t\t<img loading=\"lazy\" decoding=\"async\" width=\"300\" height=\"300\" src=\"https:\/\/www.concept2.ee\/wp-content\/uploads\/bikeerg-profile-300x300.jpg\" class=\"show-on-hover absolute fill hide-for-small back-image\" alt=\"Alternative view of BikeErg\" aria-hidden=\"true\" srcset=\"https:\/\/www.concept2.ee\/wp-content\/uploads\/bikeerg-profile-300x300.jpg 300w, https:\/\/www.concept2.ee\/wp-content\/uploads\/bikeerg-profile-600x600.jpg 600w, https:\/\/www.concept2.ee\/wp-content\/uploads\/bikeerg-profile-1200x1200.jpg 1200w, https:\/\/www.concept2.ee\/wp-content\/uploads\/bikeerg-profile-768x768.jpg 768w, https:\/\/www.concept2.ee\/wp-content\/uploads\/bikeerg-profile-1536x1536.jpg 1536w, https:\/\/www.concept2.ee\/wp-content\/uploads\/bikeerg-profile-2048x2048.jpg 2048w, https:\/\/www.concept2.ee\/wp-content\/uploads\/bikeerg-profile-100x100.jpg 100w\" sizes=\"auto, (max-width: 300px) 100vw, 300px\" \/><img loading=\"lazy\" decoding=\"async\" width=\"300\" height=\"300\" src=\"https:\/\/www.concept2.ee\/wp-content\/uploads\/bikeerg-3q-300x300.jpg\" class=\"attachment-woocommerce_thumbnail size-woocommerce_thumbnail\" alt=\"BikeErg\" srcset=\"https:\/\/www.concept2.ee\/wp-content\/uploads\/bikeerg-3q-300x300.jpg 300w, https:\/\/www.concept2.ee\/wp-content\/uploads\/bikeerg-3q-600x600.jpg 600w, https:\/\/www.concept2.ee\/wp-content\/uploads\/bikeerg-3q-1200x1200.jpg 1200w, https:\/\/www.concept2.ee\/wp-content\/uploads\/bikeerg-3q-768x768.jpg 768w, https:\/\/www.concept2.ee\/wp-content\/uploads\/bikeerg-3q-1536x1536.jpg 1536w, https:\/\/www.concept2.ee\/wp-content\/uploads\/bikeerg-3q-2048x2048.jpg 2048w, https:\/\/www.concept2.ee\/wp-content\/uploads\/bikeerg-3q-100x100.jpg 100w\" sizes=\"auto, (max-width: 300px) 100vw, 300px\" \/>\t\t\t\t\t\t\t\t\t<\/a>\n\t\t\t\t\t\t\t\t\t\t\t\t\t\t\t\t\t\t \t\t\t\t\t\t\t\t<\/div>\n\t\t\t\t\t\t\t\t<div class=\"image-tools top right show-on-hover\">\n\t\t\t\t\t\t\t\t\t\t\t\t\t\t\t\t\t<\/div>\n\t\t\t\t\t\t\t\t\t\t\t\t\t\t\t\t\t<div class=\"image-tools grid-tools text-center hide-for-small bottom hover-slide-in show-on-hover\">\n\t\t\t\t\t\t\t\t\t\t\t\t\t\t\t\t\t\t\t<\/div>\n\t\t\t\t\t\t\t\t\t\t\t\t\t\t\t\t\t\t\t\t\t\t\t<\/div>\n\n\t\t\t\t\t\t\t<div class=\"box-text text-left\" >\n\t\t\t\t\t\t\t\t<div class=\"title-wrapper\"><p class=\"name product-title woocommerce-loop-product__title\"><a href=\"https:\/\/www.concept2.ee\/lv\/product\/bikeerg\/\" class=\"woocommerce-LoopProduct-link woocommerce-loop-product__link\">BikeErg<\/a><\/p><\/div><div class=\"price-wrapper\">\n\t<span class=\"price\"><span class=\"woocommerce-Price-amount amount\"><bdi>1465,00&nbsp;<span class=\"woocommerce-Price-currencySymbol\">&euro;<\/span><\/bdi><\/span><\/span>\n<\/div>\t\t\t\t\t\t\t<\/div>\n\t\t\t\t\t\t<\/div>\n\t\t\t\t\t\t<\/div>\n\t\t\t\t\t<\/div><\/div>\n","protected":false},"excerpt":{"rendered":"","protected":false},"author":1,"featured_media":0,"parent":0,"menu_order":0,"comment_status":"closed","ping_status":"closed","template":"","meta":{"footnotes":""},"class_list":["post-1203","page","type-page","status-publish","hentry"],"_links":{"self":[{"href":"https:\/\/www.concept2.ee\/lv\/wp-json\/wp\/v2\/pages\/1203","targetHints":{"allow":["GET"]}}],"collection":[{"href":"https:\/\/www.concept2.ee\/lv\/wp-json\/wp\/v2\/pages"}],"about":[{"href":"https:\/\/www.concept2.ee\/lv\/wp-json\/wp\/v2\/types\/page"}],"author":[{"embeddable":true,"href":"https:\/\/www.concept2.ee\/lv\/wp-json\/wp\/v2\/users\/1"}],"replies":[{"embeddable":true,"href":"https:\/\/www.concept2.ee\/lv\/wp-json\/wp\/v2\/comments?post=1203"}],"version-history":[{"count":0,"href":"https:\/\/www.concept2.ee\/lv\/wp-json\/wp\/v2\/pages\/1203\/revisions"}],"wp:attachment":[{"href":"https:\/\/www.concept2.ee\/lv\/wp-json\/wp\/v2\/media?parent=1203"}],"curies":[{"name":"wp","href":"https:\/\/api.w.org\/{rel}","templated":true}]}}