{"id":2418,"date":"2025-10-26T15:08:19","date_gmt":"2025-10-26T13:08:19","guid":{"rendered":"https:\/\/www.concept2.ee\/?post_type=product&#038;p=2418"},"modified":"2025-11-13T12:55:47","modified_gmt":"2025-11-13T10:55:47","slug":"strokecoach-speedcoach-ilgas-t-laikiklis","status":"publish","type":"product","link":"https:\/\/www.concept2.ee\/lt\/product\/strokecoach-speedcoach-ilgas-t-laikiklis\/","title":{"rendered":"StrokeCoach \/ SpeedCoach ilgas T laikiklis"},"content":{"rendered":"<p>Lankstus ilgas formos T tipo laikiklis, skirtas SpeedCoach GPS ir StrokeCoach \u012frenginiams. Lankstus laikiklio stiebas leid\u017eia reguliuoti monitoriaus pad\u0117t\u012f, kad b\u016bt\u0173 pasiektas optimalus matomumas ir patogumas.<\/p>\n<p>Geriausiems rezultatams laikikl\u012f montuokite statmenai laivo bortams \u2013 venkite pasvirimo arba lygiagretaus tvirtinimo su laivo priekiu. \u012erengkite taip, kad aki\u0173 linija i\u0161likt\u0173 ties monitoriumi ir netrukdyt\u0173 irklavimo judesiams. \u012esitikinkite, kad vir\u0161 \u012frenginio n\u0117ra perdangos ar kito irkluotojo, blokuojan\u010dio palydovin\u012f signal\u0105.<\/p>\n<p>Tinka visiems NK SpeedCoach ir StrokeCoach modeliams.<\/p>\n","protected":false},"excerpt":{"rendered":"<p>Lankstus ilgas formos T tipo laikiklis, skirtas SpeedCoach GPS ir StrokeCoach \u012frenginiams. Lankstus laikiklio stiebas leid\u017eia reguliuoti monitoriaus pad\u0117t\u012f, kad b\u016bt\u0173 pasiektas optimalus matomumas ir patogumas. Geriausiems rezultatams laikikl\u012f montuokite statmenai laivo bortams \u2013 venkite pasvirimo arba lygiagretaus tvirtinimo su laivo priekiu. \u012erengkite taip, kad aki\u0173 linija i\u0161likt\u0173 ties monitoriumi ir netrukdyt\u0173 irklavimo judesiams. \u012esitikinkite, [&#8230;]\n","protected":false},"featured_media":2329,"template":"","meta":[],"product_brand":[],"product_cat":[140],"product_tag":[],"class_list":{"0":"post-2418","1":"product","2":"type-product","3":"status-publish","4":"has-post-thumbnail","6":"product_cat-nielsen-kellerman-lt","7":"product_shipping_class-k1-pakiautomaat-lt","9":"first","10":"instock","11":"taxable","12":"shipping-taxable","13":"purchasable","14":"product-type-simple"},"_links":{"self":[{"href":"https:\/\/www.concept2.ee\/lt\/wp-json\/wp\/v2\/product\/2418","targetHints":{"allow":["GET"]}}],"collection":[{"href":"https:\/\/www.concept2.ee\/lt\/wp-json\/wp\/v2\/product"}],"about":[{"href":"https:\/\/www.concept2.ee\/lt\/wp-json\/wp\/v2\/types\/product"}],"wp:featuredmedia":[{"embeddable":true,"href":"https:\/\/www.concept2.ee\/lt\/wp-json\/wp\/v2\/media\/2329"}],"wp:attachment":[{"href":"https:\/\/www.concept2.ee\/lt\/wp-json\/wp\/v2\/media?parent=2418"}],"wp:term":[{"taxonomy":"product_brand","embeddable":true,"href":"https:\/\/www.concept2.ee\/lt\/wp-json\/wp\/v2\/product_brand?post=2418"},{"taxonomy":"product_cat","embeddable":true,"href":"https:\/\/www.concept2.ee\/lt\/wp-json\/wp\/v2\/product_cat?post=2418"},{"taxonomy":"product_tag","embeddable":true,"href":"https:\/\/www.concept2.ee\/lt\/wp-json\/wp\/v2\/product_tag?post=2418"}],"curies":[{"name":"wp","href":"https:\/\/api.w.org\/{rel}","templated":true}]}}