{"id":2413,"date":"2025-10-26T15:06:28","date_gmt":"2025-10-26T13:06:28","guid":{"rendered":"https:\/\/www.concept2.ee\/?post_type=product&#038;p=2413"},"modified":"2025-11-12T16:56:41","modified_gmt":"2025-11-12T14:56:41","slug":"belaidis-kampinis-laikiklis-speedcoach-strokecoach-irenginiui","status":"publish","type":"product","link":"https:\/\/www.concept2.ee\/lt\/product\/belaidis-kampinis-laikiklis-speedcoach-strokecoach-irenginiui\/","title":{"rendered":"Belaidis kampinis laikiklis SpeedCoach \/ StrokeCoach \u012frenginiui"},"content":{"rendered":"<p>I\u0161 anksto surinktas kampinis laikiklis su tvirtinimu SpeedCoach GPS ir StrokeCoach with Surge Rate monitoriams. U\u017etikrina patikim\u0105 ir patog\u0173 b\u016bd\u0105 pritvirtinti \u012frengin\u012f prie valties. Sukurtas naudoti su belaid\u017eiais modeliais, garantuojant ger\u0105 matomum\u0105 ir stabilum\u0105 treniruo\u010di\u0173 bei var\u017eyb\u0173 metu. Komplekte yra visos reikalingos dalys greitam ir paprastam montavimui.<\/p>\n","protected":false},"excerpt":{"rendered":"<p>I\u0161 anksto surinktas kampinis laikiklis su tvirtinimu SpeedCoach GPS ir StrokeCoach with Surge Rate monitoriams. U\u017etikrina patikim\u0105 ir patog\u0173 b\u016bd\u0105 pritvirtinti \u012frengin\u012f prie valties. Sukurtas naudoti su belaid\u017eiais modeliais, garantuojant ger\u0105 matomum\u0105 ir stabilum\u0105 treniruo\u010di\u0173 bei var\u017eyb\u0173 metu. Komplekte yra visos reikalingos dalys greitam ir paprastam montavimui.<\/p>\n","protected":false},"featured_media":2312,"template":"","meta":[],"product_brand":[],"product_cat":[140],"product_tag":[],"class_list":{"0":"post-2413","1":"product","2":"type-product","3":"status-publish","4":"has-post-thumbnail","6":"product_cat-nielsen-kellerman-lt","7":"product_shipping_class-k1-pakiautomaat-lt","9":"first","10":"instock","11":"taxable","12":"shipping-taxable","13":"purchasable","14":"product-type-simple"},"_links":{"self":[{"href":"https:\/\/www.concept2.ee\/lt\/wp-json\/wp\/v2\/product\/2413","targetHints":{"allow":["GET"]}}],"collection":[{"href":"https:\/\/www.concept2.ee\/lt\/wp-json\/wp\/v2\/product"}],"about":[{"href":"https:\/\/www.concept2.ee\/lt\/wp-json\/wp\/v2\/types\/product"}],"wp:featuredmedia":[{"embeddable":true,"href":"https:\/\/www.concept2.ee\/lt\/wp-json\/wp\/v2\/media\/2312"}],"wp:attachment":[{"href":"https:\/\/www.concept2.ee\/lt\/wp-json\/wp\/v2\/media?parent=2413"}],"wp:term":[{"taxonomy":"product_brand","embeddable":true,"href":"https:\/\/www.concept2.ee\/lt\/wp-json\/wp\/v2\/product_brand?post=2413"},{"taxonomy":"product_cat","embeddable":true,"href":"https:\/\/www.concept2.ee\/lt\/wp-json\/wp\/v2\/product_cat?post=2413"},{"taxonomy":"product_tag","embeddable":true,"href":"https:\/\/www.concept2.ee\/lt\/wp-json\/wp\/v2\/product_tag?post=2413"}],"curies":[{"name":"wp","href":"https:\/\/api.w.org\/{rel}","templated":true}]}}