{"id":2410,"date":"2025-10-26T15:03:33","date_gmt":"2025-10-26T13:03:33","guid":{"rendered":"https:\/\/www.concept2.ee\/?post_type=product&#038;p=2410"},"modified":"2025-11-12T16:52:59","modified_gmt":"2025-11-12T14:52:59","slug":"strokecoach-speedcoach-tvirtinimo-dirzelis","status":"publish","type":"product","link":"https:\/\/www.concept2.ee\/lt\/product\/strokecoach-speedcoach-tvirtinimo-dirzelis\/","title":{"rendered":"StrokeCoach \/ SpeedCoach tvirtinimo dir\u017eelis"},"content":{"rendered":"<p>Lengvai perkelkite savo SpeedCoach GPS arba StrokeCoach \u012frengin\u012f i\u0161 vienos valties \u012f kit\u0105. Reguliuojamas dir\u017eelis leid\u017eia greitai ir patikimai pritvirtinti prie riggerio arba koj\u0173 atramos, u\u017etikrinant stabil\u0173 laikym\u0105si treniruo\u010di\u0173 ar var\u017eyb\u0173 metu. Pagaminta i\u0161 patvari\u0173, oro s\u0105lygoms atspari\u0173 med\u017eiag\u0173, tinkam\u0173 naudoti \u012fvairiomis s\u0105lygomis.<\/p>\n<p>Tinka visiems NK SpeedCoach ir StrokeCoach modeliams.<\/p>\n","protected":false},"excerpt":{"rendered":"<p>Lengvai perkelkite savo SpeedCoach GPS arba StrokeCoach \u012frengin\u012f i\u0161 vienos valties \u012f kit\u0105. Reguliuojamas dir\u017eelis leid\u017eia greitai ir patikimai pritvirtinti prie riggerio arba koj\u0173 atramos, u\u017etikrinant stabil\u0173 laikym\u0105si treniruo\u010di\u0173 ar var\u017eyb\u0173 metu. Pagaminta i\u0161 patvari\u0173, oro s\u0105lygoms atspari\u0173 med\u017eiag\u0173, tinkam\u0173 naudoti \u012fvairiomis s\u0105lygomis. Tinka visiems NK SpeedCoach ir StrokeCoach modeliams.<\/p>\n","protected":false},"featured_media":2307,"template":"","meta":[],"product_brand":[],"product_cat":[140],"product_tag":[],"class_list":{"0":"post-2410","1":"product","2":"type-product","3":"status-publish","4":"has-post-thumbnail","6":"product_cat-nielsen-kellerman-lt","7":"product_shipping_class-k1-pakiautomaat-lt","9":"first","10":"instock","11":"taxable","12":"shipping-taxable","13":"purchasable","14":"product-type-simple"},"_links":{"self":[{"href":"https:\/\/www.concept2.ee\/lt\/wp-json\/wp\/v2\/product\/2410","targetHints":{"allow":["GET"]}}],"collection":[{"href":"https:\/\/www.concept2.ee\/lt\/wp-json\/wp\/v2\/product"}],"about":[{"href":"https:\/\/www.concept2.ee\/lt\/wp-json\/wp\/v2\/types\/product"}],"wp:featuredmedia":[{"embeddable":true,"href":"https:\/\/www.concept2.ee\/lt\/wp-json\/wp\/v2\/media\/2307"}],"wp:attachment":[{"href":"https:\/\/www.concept2.ee\/lt\/wp-json\/wp\/v2\/media?parent=2410"}],"wp:term":[{"taxonomy":"product_brand","embeddable":true,"href":"https:\/\/www.concept2.ee\/lt\/wp-json\/wp\/v2\/product_brand?post=2410"},{"taxonomy":"product_cat","embeddable":true,"href":"https:\/\/www.concept2.ee\/lt\/wp-json\/wp\/v2\/product_cat?post=2410"},{"taxonomy":"product_tag","embeddable":true,"href":"https:\/\/www.concept2.ee\/lt\/wp-json\/wp\/v2\/product_tag?post=2410"}],"curies":[{"name":"wp","href":"https:\/\/api.w.org\/{rel}","templated":true}]}}