{"id":2407,"date":"2025-10-26T14:36:03","date_gmt":"2025-10-26T12:36:03","guid":{"rendered":"https:\/\/www.concept2.ee\/?post_type=product&#038;p=2407"},"modified":"2025-11-12T16:50:01","modified_gmt":"2025-11-12T14:50:01","slug":"interval-2000-sportinis-laikrodis-tempometras","status":"publish","type":"product","link":"https:\/\/www.concept2.ee\/lt\/product\/interval-2000-sportinis-laikrodis-tempometras\/","title":{"rendered":"Interval 2000 sportinis laikrodis\u2013tempometras"},"content":{"rendered":"<p>Nustatykite bet kurios \u012fgulos temp\u0105 paspausdami mygtuk\u0105 tuo pa\u010diu metu kaip irklas. Galite laikuoti kelias valtis vienu metu naudodami intuityvius chronometro mygtukus ir ekran\u0105. Ergonomi\u0161kas dizainas ir paprastas trij\u0173 mygtuk\u0173 i\u0161d\u0117stymas leid\u017eia naudoti Interval 2000 viena ranka \u2013 kita ranka galite vairuoti, va\u017eiuoti dvira\u010diu ar laikyti megafon\u0105.<\/p>\n<h2>I\u0161saugokite iki 2000 tarpini\u0173 laik\u0173 ir (arba) temp\u0173 atmintyje:<\/h2>\n<ul>\n<li>I\u0161saugo ir rodo rato laikus IR bendrus tarpinius laikus.<\/li>\n<li>Tempai i\u0161saugomi kartu su laiko duomenimis.<\/li>\n<li>Segmentuota atmintis leid\u017eia i\u0161saugoti kelias var\u017eybas ar treniruotes v\u0117lesniam per\u017ei\u016br\u0117jimui (su data ir laiku).<\/li>\n<\/ul>\n<h2>I\u0161saugokite kelias var\u017eybas ar treniruotes:<\/h2>\n<ul>\n<li>Tiesiog paspauskite \u201cnext segment\u201d mygtuk\u0105, kad i\u0161saugotum\u0117te kitus duomenis (iki 2000 segment\u0173).<\/li>\n<li>I\u0161saugoti segmentai identifikuojami pagal prad\u017eios dat\u0105 ir laik\u0105.<\/li>\n<\/ul>\n<h2>Tempo parinktys:<\/h2>\n<ul>\n<li>Skai\u010diuokite 1, 2 arba 3 irklus, \u017eingsnius ar ciklus.<\/li>\n<li>Rodykite sm\u016bgius per minut\u0119 (tikslumas 1\/2 sm\u016bgio) ARBA sekundes vienam sm\u016bgiui (tikslumas 1\/100 sekund\u0117s).<\/li>\n<\/ul>\n<h2>\u012ekelkite duomenis \u012f kompiuter\u012f naudodami <a title=\"Interval Interface\" href=\"https:\/\/nksports.com\/interval-computer-interface-with-watchware-for-windows\" target=\"_blank\" rel=\"noopener nofollow\">Interval Interface<\/a> ir WatchWare for Windows<\/h2>\n<ul>\n<li>Dokavimo stotel\u0117 jungiasi prie COM prievado. Laikrodis u\u017ededamas ant stotel\u0117s ir perduoda duomenis opti\u0161kai. Duomen\u0173 perdavim\u0105 valdo programin\u0117 \u012franga.<\/li>\n<li>Valdykite \u012fk\u0117lim\u0105, saugokite, r\u016b\u0161iuokite ir per\u017ei\u016br\u0117kite duomenis. Tvarkykite sportinink\u0173 s\u0105ra\u0161\u0105, priskirkite laikus ir temp\u0105 kiekvienam sportininkui.<\/li>\n<li>Apskai\u010diuokite tarpinius laikus keliems sportininkams ar \u012fguloms viename plaukime.<\/li>\n<li>Automati\u0161kai apskai\u010diuoja atstum\u0105 per sm\u016bg\u012f ir greit\u012f pagal baseino ilg\u012f ar kit\u0105 \u017einom\u0105 atstum\u0105.<\/li>\n<\/ul>\n","protected":false},"excerpt":{"rendered":"<p>Nustatykite bet kurios \u012fgulos temp\u0105 paspausdami mygtuk\u0105 tuo pa\u010diu metu kaip irklas. Galite laikuoti kelias valtis vienu metu naudodami intuityvius chronometro mygtukus ir ekran\u0105. Ergonomi\u0161kas dizainas ir paprastas trij\u0173 mygtuk\u0173 i\u0161d\u0117stymas leid\u017eia naudoti Interval 2000 viena ranka \u2013 kita ranka galite vairuoti, va\u017eiuoti dvira\u010diu ar laikyti megafon\u0105. I\u0161saugokite iki 2000 tarpini\u0173 laik\u0173 ir (arba) temp\u0173 [&#8230;]\n","protected":false},"featured_media":2290,"template":"","meta":[],"product_brand":[],"product_cat":[140],"product_tag":[],"class_list":{"0":"post-2407","1":"product","2":"type-product","3":"status-publish","4":"has-post-thumbnail","6":"product_cat-nielsen-kellerman-lt","7":"product_shipping_class-k1-pakiautomaat-lt","9":"first","10":"instock","11":"taxable","12":"shipping-taxable","13":"purchasable","14":"product-type-simple"},"_links":{"self":[{"href":"https:\/\/www.concept2.ee\/lt\/wp-json\/wp\/v2\/product\/2407","targetHints":{"allow":["GET"]}}],"collection":[{"href":"https:\/\/www.concept2.ee\/lt\/wp-json\/wp\/v2\/product"}],"about":[{"href":"https:\/\/www.concept2.ee\/lt\/wp-json\/wp\/v2\/types\/product"}],"wp:featuredmedia":[{"embeddable":true,"href":"https:\/\/www.concept2.ee\/lt\/wp-json\/wp\/v2\/media\/2290"}],"wp:attachment":[{"href":"https:\/\/www.concept2.ee\/lt\/wp-json\/wp\/v2\/media?parent=2407"}],"wp:term":[{"taxonomy":"product_brand","embeddable":true,"href":"https:\/\/www.concept2.ee\/lt\/wp-json\/wp\/v2\/product_brand?post=2407"},{"taxonomy":"product_cat","embeddable":true,"href":"https:\/\/www.concept2.ee\/lt\/wp-json\/wp\/v2\/product_cat?post=2407"},{"taxonomy":"product_tag","embeddable":true,"href":"https:\/\/www.concept2.ee\/lt\/wp-json\/wp\/v2\/product_tag?post=2407"}],"curies":[{"name":"wp","href":"https:\/\/api.w.org\/{rel}","templated":true}]}}