{"id":2404,"date":"2025-10-26T14:30:27","date_gmt":"2025-10-26T12:30:27","guid":{"rendered":"https:\/\/www.concept2.ee\/?post_type=product&#038;p=2404"},"modified":"2025-11-12T16:44:41","modified_gmt":"2025-11-12T14:44:41","slug":"speedcoach-gps-model-2","status":"publish","type":"product","link":"https:\/\/www.concept2.ee\/lt\/product\/speedcoach-gps-model-2\/","title":{"rendered":"SpeedCoach GPS &#8211; Model 2"},"content":{"rendered":"<p>SpeedCoach GPS \u2013 Model 2 yra populiariausias irklavimo na\u0161umo monitorius, suteikiantis svarbi\u0105 informacij\u0105 apie valties greit\u012f (split), irklavimo da\u017en\u012f, atstum\u0105 ir laik\u0105. Prietais\u0105 galima naudoti savaranki\u0161kai GPS re\u017eimu arba prijungti prie sraigto (sraigtas ir laidai parduodami atskirai), kad b\u016bt\u0173 pasiektas didesnis tikslumas judan\u010diame vandenyje.<\/p>\n<p>Treniruo\u010di\u0173 paketo funkcijos dabar yra standartin\u0117s \u2013 suplanuokite treniruotes i\u0161 anksto, prad\u0117kite ir \u012fra\u0161ykite atkarpas neatleisdami irklo, o duomenis belaid\u017eiu b\u016bdu \u012fkelkite \u012f kompiuter\u012f ar mobil\u0173j\u012f \u012frengin\u012f.<\/p>\n<p>SpeedCoach GPS su Training Pack palaiko EmPower Oarlock ir yra pagrindin\u0117 NK sujungtos irklavimo sistemos dalis.<\/p>\n<div class=\"gap clearfix\"><\/div>\n<h2>Funkcijos sportininkams ir treneriams<\/h2>\n<p class=\"lead\">Dabar kiekvienas SpeedCoach GPS 2 turi visas Training Pack funkcijas kaip standartin\u0119 \u012frang\u0105<\/p>\n<div class=\"row\">\n<div class=\"col medium-6 small-12 large-6\">\n<ul>\n<li>\n<h3>Gr\u012f\u017etamasis ry\u0161ys realiu laiku<\/h3>\n<p>I\u0161lik susitelk\u0119s viso treniruot\u0117s metu \u2013 gauk atnaujinimus po kiekvieno irklavimo apie greit\u012f, da\u017en\u012f, atstum\u0105 ir laik\u0105.<\/li>\n<li>\n<h3>Didelio kontrasto ekranas<\/h3>\n<p>Ankstyvas rytas ar dienos var\u017eybos \u2013 matyk savo duomenis ai\u0161kiai bet kuriuo paros metu d\u0117l ap\u0161vietimo ir didelio kontrasto ekrano.<\/li>\n<li>\n<h3>Individualiai nustatyti treniruo\u010di\u0173 re\u017eimai<\/h3>\n<p>I\u0161naudok treniruo\u010di\u0173 laik\u0105 maksimaliai \u2013 u\u017ebaik net sud\u0117tingiausias programas nestabdydamas laikma\u010dio ir nekeisdamas duomen\u0173 rankiniu b\u016bdu.<\/li>\n<li>\n<h3>Po treniruot\u0117s analiz\u0117<\/h3>\n<p>\u012ekelk duomenis tiesiogiai \u012f kompiuter\u012f ar mobil\u0173j\u012f \u012frengin\u012f, kad gal\u0117tum steb\u0117ti savo pa\u017eang\u0105 laikui b\u0117gant.<\/li>\n<li>\n<h3>Nemokami atnaujinimai<\/h3>\n<p>Naudokis visomis naujausiomis SpeedCoach GPS 2 funkcijomis su reguliariais, nemokamais programin\u0117s \u012frangos atnaujinimais.<\/li>\n<\/ul>\n<\/div>\n<p><!-- .col --><\/p>\n<div class=\"col medium-6 small-12 large-6\">\n<ul>\n<li>\n<h3>Tvarkingi duomenys<\/h3>\n<p>Nustatyk geriausius irkluotojus be ergometro rezultat\u0173. Prid\u0117k SpeedCoach Training Pack, kad apibendrintum duomenis i\u0161 i\u0161matuot\u0173 atkarp\u0173.<\/li>\n<li>\n<h3>Objektyvus rezultato ger\u0117jimas<\/h3>\n<p>Steb\u0117k komandos tobul\u0117jim\u0105 objektyviai per sezon\u0105 ar kelis metus.<\/li>\n<li>\n<h3>Paprastas komand\u0173 valdymas<\/h3>\n<p>Lengviau valdyk kelias komandas vandenyje. Kai sportininkai turi prieig\u0105 prie tempo, laiko, atstumo ir split duomen\u0173, gali leisti jiems treniruotis savaranki\u0161kai.<\/li>\n<li>\n<h3>Belaid\u017eiai duomenys<\/h3>\n<p>Suteik prieig\u0105 prie SpeedCoach duomen\u0173 bet kuriam sportininkui \u2013 nuo vairininko iki pirmojo irkluotojo \u2013 per belaid\u012f GPS ry\u0161\u012f.<\/li>\n<li>\n<h3>Tikslumas judan\u010diame vandenyje<\/h3>\n<p>Gauk itin tikslius grei\u010dio duomenis net srov\u0117je naudodamas \u017eemo profilio sraigt\u0105.<\/li>\n<li>\n<h3>Nes\u0161ali\u0161kas sportinink\u0173 atrankos procesas<\/h3>\n<p>Nustatyk ai\u0161kius tikslus sportininkams ir padaryk komandos sudarymo proces\u0105 skaidresn\u012f.<\/li>\n<\/ul>\n<\/div>\n<p><!-- .col -->\n<\/div>\n<p><!-- .row --><\/p>\n","protected":false},"excerpt":{"rendered":"<p>SpeedCoach GPS \u2013 Model 2 yra populiariausias irklavimo na\u0161umo monitorius, suteikiantis svarbi\u0105 informacij\u0105 apie valties greit\u012f (split), irklavimo da\u017en\u012f, atstum\u0105 ir laik\u0105. Prietais\u0105 galima naudoti savaranki\u0161kai GPS re\u017eimu arba prijungti prie sraigto (sraigtas ir laidai parduodami atskirai), kad b\u016bt\u0173 pasiektas didesnis tikslumas judan\u010diame vandenyje. Treniruo\u010di\u0173 paketo funkcijos dabar yra standartin\u0117s \u2013 suplanuokite treniruotes i\u0161 anksto, [&#8230;]\n","protected":false},"featured_media":2261,"template":"","meta":[],"product_brand":[],"product_cat":[140],"product_tag":[],"class_list":{"0":"post-2404","1":"product","2":"type-product","3":"status-publish","4":"has-post-thumbnail","6":"product_cat-nielsen-kellerman-lt","7":"product_shipping_class-k1-pakiautomaat-lt","9":"first","10":"instock","11":"taxable","12":"shipping-taxable","13":"purchasable","14":"product-type-simple"},"_links":{"self":[{"href":"https:\/\/www.concept2.ee\/lt\/wp-json\/wp\/v2\/product\/2404","targetHints":{"allow":["GET"]}}],"collection":[{"href":"https:\/\/www.concept2.ee\/lt\/wp-json\/wp\/v2\/product"}],"about":[{"href":"https:\/\/www.concept2.ee\/lt\/wp-json\/wp\/v2\/types\/product"}],"wp:featuredmedia":[{"embeddable":true,"href":"https:\/\/www.concept2.ee\/lt\/wp-json\/wp\/v2\/media\/2261"}],"wp:attachment":[{"href":"https:\/\/www.concept2.ee\/lt\/wp-json\/wp\/v2\/media?parent=2404"}],"wp:term":[{"taxonomy":"product_brand","embeddable":true,"href":"https:\/\/www.concept2.ee\/lt\/wp-json\/wp\/v2\/product_brand?post=2404"},{"taxonomy":"product_cat","embeddable":true,"href":"https:\/\/www.concept2.ee\/lt\/wp-json\/wp\/v2\/product_cat?post=2404"},{"taxonomy":"product_tag","embeddable":true,"href":"https:\/\/www.concept2.ee\/lt\/wp-json\/wp\/v2\/product_tag?post=2404"}],"curies":[{"name":"wp","href":"https:\/\/api.w.org\/{rel}","templated":true}]}}