{"id":2401,"date":"2025-10-24T15:23:46","date_gmt":"2025-10-24T12:23:46","guid":{"rendered":"https:\/\/www.concept2.ee\/?post_type=product&#038;p=2401"},"modified":"2025-11-12T15:24:29","modified_gmt":"2025-11-12T13:24:29","slug":"filippi-skrybele-bucket-hat","status":"publish","type":"product","link":"https:\/\/www.concept2.ee\/lt\/product\/filippi-skrybele-bucket-hat\/","title":{"rendered":"Filippi skryb\u0117l\u0117 (Bucket Hat)"},"content":{"rendered":"<p>Filippi skryb\u0117l\u0117 derina klasikin\u012f stili\u0173 ir funkcionalum\u0105 \u2013 puikus aksesuaras irklavimui, treniruot\u0117ms ar laisvalaikiui. Skirta sportininkams, vertinantiems tiek apsaug\u0105, tiek stili\u0173. Apsaugo nuo saul\u0117s ir suteikia \u0161iuolaiki\u0161k\u0105, tvarking\u0105 i\u0161vaizd\u0105.<\/p>\n<p>Pagaminta i\u0161 lengvo balto poliesterio audinio su originaliu spaudos ra\u0161tu. Kra\u0161telio plotis \u2013 5,5 cm, maksimalus apimtis \u2013 58 cm.<\/p>\n","protected":false},"excerpt":{"rendered":"<p>Filippi skryb\u0117l\u0117 derina klasikin\u012f stili\u0173 ir funkcionalum\u0105 \u2013 puikus aksesuaras irklavimui, treniruot\u0117ms ar laisvalaikiui. Skirta sportininkams, vertinantiems tiek apsaug\u0105, tiek stili\u0173. Apsaugo nuo saul\u0117s ir suteikia \u0161iuolaiki\u0161k\u0105, tvarking\u0105 i\u0161vaizd\u0105. Pagaminta i\u0161 lengvo balto poliesterio audinio su originaliu spaudos ra\u0161tu. Kra\u0161telio plotis \u2013 5,5 cm, maksimalus apimtis \u2013 58 cm.<\/p>\n","protected":false},"featured_media":2218,"template":"","meta":[],"product_brand":[],"product_cat":[137],"product_tag":[],"class_list":{"0":"post-2401","1":"product","2":"type-product","3":"status-publish","4":"has-post-thumbnail","6":"product_cat-filippi-lt","7":"product_shipping_class-k1-pakiautomaat-lt","9":"first","10":"instock","11":"taxable","12":"shipping-taxable","13":"purchasable","14":"product-type-simple"},"_links":{"self":[{"href":"https:\/\/www.concept2.ee\/lt\/wp-json\/wp\/v2\/product\/2401","targetHints":{"allow":["GET"]}}],"collection":[{"href":"https:\/\/www.concept2.ee\/lt\/wp-json\/wp\/v2\/product"}],"about":[{"href":"https:\/\/www.concept2.ee\/lt\/wp-json\/wp\/v2\/types\/product"}],"wp:featuredmedia":[{"embeddable":true,"href":"https:\/\/www.concept2.ee\/lt\/wp-json\/wp\/v2\/media\/2218"}],"wp:attachment":[{"href":"https:\/\/www.concept2.ee\/lt\/wp-json\/wp\/v2\/media?parent=2401"}],"wp:term":[{"taxonomy":"product_brand","embeddable":true,"href":"https:\/\/www.concept2.ee\/lt\/wp-json\/wp\/v2\/product_brand?post=2401"},{"taxonomy":"product_cat","embeddable":true,"href":"https:\/\/www.concept2.ee\/lt\/wp-json\/wp\/v2\/product_cat?post=2401"},{"taxonomy":"product_tag","embeddable":true,"href":"https:\/\/www.concept2.ee\/lt\/wp-json\/wp\/v2\/product_tag?post=2401"}],"curies":[{"name":"wp","href":"https:\/\/api.w.org\/{rel}","templated":true}]}}