{"id":2394,"date":"2025-10-24T15:20:17","date_gmt":"2025-10-24T12:20:17","guid":{"rendered":"https:\/\/www.concept2.ee\/?post_type=product&#038;p=2394"},"modified":"2025-11-12T15:21:19","modified_gmt":"2025-11-12T13:21:19","slug":"filippi-kojiniu-ir-blauzdu-apsaugu-rinkinys","status":"publish","type":"product","link":"https:\/\/www.concept2.ee\/lt\/product\/filippi-kojiniu-ir-blauzdu-apsaugu-rinkinys\/","title":{"rendered":"Filippi kojini\u0173 ir blauzd\u0173 apsaug\u0173 rinkinys"},"content":{"rendered":"<p>Filippi kojini\u0173 ir blauzd\u0173 apsaug\u0173 rinkinys sukurtas specialiai irklavimui. Rinkinyje yra auk\u0161tos kokyb\u0117s kojin\u0117s ir deran\u010dios blauzd\u0173 apsaugos, padedan\u010dios suma\u017einti trint\u012f ir i\u0161vengti traum\u0173 treniruo\u010di\u0173 metu. U\u017etikrina patogum\u0105 ir apsaug\u0105 kiekvienos treniruot\u0117s metu.<\/p>\n","protected":false},"excerpt":{"rendered":"<p>Filippi kojini\u0173 ir blauzd\u0173 apsaug\u0173 rinkinys sukurtas specialiai irklavimui. Rinkinyje yra auk\u0161tos kokyb\u0117s kojin\u0117s ir deran\u010dios blauzd\u0173 apsaugos, padedan\u010dios suma\u017einti trint\u012f ir i\u0161vengti traum\u0173 treniruo\u010di\u0173 metu. U\u017etikrina patogum\u0105 ir apsaug\u0105 kiekvienos treniruot\u0117s metu.<\/p>\n","protected":false},"featured_media":2243,"template":"","meta":[],"product_brand":[],"product_cat":[137],"product_tag":[],"class_list":{"0":"post-2394","1":"product","2":"type-product","3":"status-publish","4":"has-post-thumbnail","6":"product_cat-filippi-lt","7":"product_shipping_class-k1-pakiautomaat-lt","9":"first","10":"instock","11":"taxable","12":"shipping-taxable","13":"purchasable","14":"product-type-variable"},"_links":{"self":[{"href":"https:\/\/www.concept2.ee\/lt\/wp-json\/wp\/v2\/product\/2394","targetHints":{"allow":["GET"]}}],"collection":[{"href":"https:\/\/www.concept2.ee\/lt\/wp-json\/wp\/v2\/product"}],"about":[{"href":"https:\/\/www.concept2.ee\/lt\/wp-json\/wp\/v2\/types\/product"}],"wp:featuredmedia":[{"embeddable":true,"href":"https:\/\/www.concept2.ee\/lt\/wp-json\/wp\/v2\/media\/2243"}],"wp:attachment":[{"href":"https:\/\/www.concept2.ee\/lt\/wp-json\/wp\/v2\/media?parent=2394"}],"wp:term":[{"taxonomy":"product_brand","embeddable":true,"href":"https:\/\/www.concept2.ee\/lt\/wp-json\/wp\/v2\/product_brand?post=2394"},{"taxonomy":"product_cat","embeddable":true,"href":"https:\/\/www.concept2.ee\/lt\/wp-json\/wp\/v2\/product_cat?post=2394"},{"taxonomy":"product_tag","embeddable":true,"href":"https:\/\/www.concept2.ee\/lt\/wp-json\/wp\/v2\/product_tag?post=2394"}],"curies":[{"name":"wp","href":"https:\/\/api.w.org\/{rel}","templated":true}]}}