{"id":2386,"date":"2025-10-24T15:09:16","date_gmt":"2025-10-24T12:09:16","guid":{"rendered":"https:\/\/www.concept2.ee\/?post_type=product&#038;p=2386"},"modified":"2025-11-12T15:14:10","modified_gmt":"2025-11-12T13:14:10","slug":"filippi-valties-priekio-apsauginis-kamuolys","status":"publish","type":"product","link":"https:\/\/www.concept2.ee\/lt\/product\/filippi-valties-priekio-apsauginis-kamuolys\/","title":{"rendered":"Filippi valties priekio apsauginis kamuolys"},"content":{"rendered":"<p>Filippi priekio apsauginis kamuolys \u2013 auk\u0161tos kokyb\u0117s guminis priedas, tinkantis vis\u0173 gamintoj\u0173 irklavimo valtims. Jis padidina saugum\u0105, su\u0161velnindamas galimus sm\u016bgius valt\u0117s priekyje ir apsaugodamas tiek valt\u012f, tiek kitus irkluotojus susid\u016brimo metu.<\/p>\n","protected":false},"excerpt":{"rendered":"<p>Filippi priekio apsauginis kamuolys \u2013 auk\u0161tos kokyb\u0117s guminis priedas, tinkantis vis\u0173 gamintoj\u0173 irklavimo valtims. Jis padidina saugum\u0105, su\u0161velnindamas galimus sm\u016bgius valt\u0117s priekyje ir apsaugodamas tiek valt\u012f, tiek kitus irkluotojus susid\u016brimo metu.<\/p>\n","protected":false},"featured_media":2238,"template":"","meta":[],"product_brand":[],"product_cat":[137],"product_tag":[],"class_list":{"0":"post-2386","1":"product","2":"type-product","3":"status-publish","4":"has-post-thumbnail","6":"product_cat-filippi-lt","7":"product_shipping_class-k1-pakiautomaat-lt","9":"first","10":"instock","11":"taxable","12":"shipping-taxable","13":"purchasable","14":"product-type-simple"},"_links":{"self":[{"href":"https:\/\/www.concept2.ee\/lt\/wp-json\/wp\/v2\/product\/2386","targetHints":{"allow":["GET"]}}],"collection":[{"href":"https:\/\/www.concept2.ee\/lt\/wp-json\/wp\/v2\/product"}],"about":[{"href":"https:\/\/www.concept2.ee\/lt\/wp-json\/wp\/v2\/types\/product"}],"wp:featuredmedia":[{"embeddable":true,"href":"https:\/\/www.concept2.ee\/lt\/wp-json\/wp\/v2\/media\/2238"}],"wp:attachment":[{"href":"https:\/\/www.concept2.ee\/lt\/wp-json\/wp\/v2\/media?parent=2386"}],"wp:term":[{"taxonomy":"product_brand","embeddable":true,"href":"https:\/\/www.concept2.ee\/lt\/wp-json\/wp\/v2\/product_brand?post=2386"},{"taxonomy":"product_cat","embeddable":true,"href":"https:\/\/www.concept2.ee\/lt\/wp-json\/wp\/v2\/product_cat?post=2386"},{"taxonomy":"product_tag","embeddable":true,"href":"https:\/\/www.concept2.ee\/lt\/wp-json\/wp\/v2\/product_tag?post=2386"}],"curies":[{"name":"wp","href":"https:\/\/api.w.org\/{rel}","templated":true}]}}