{"id":2193,"date":"2025-08-13T14:28:03","date_gmt":"2025-08-13T11:28:03","guid":{"rendered":"https:\/\/www.concept2.ee\/?post_type=product&#038;p=2193"},"modified":"2025-10-15T19:28:53","modified_gmt":"2025-10-15T16:28:53","slug":"strengtherg-su-pm5-monitoriumi","status":"publish","type":"product","link":"https:\/\/www.concept2.ee\/lt\/product\/strengtherg-su-pm5-monitoriumi\/","title":{"rendered":"StrengthErg su PM5 monitoriumi"},"content":{"rendered":"<p>Pagrindiniai naudojimo b\u016bdai: <strong>koj\u0173 spaudimas<\/strong> \/ <strong>kr\u016btin\u0117s spaudimas<\/strong> \/ <strong>irklavimas<\/strong>.<br \/>\nStrengthErg suteikia saugi\u0105 ir efektyvi\u0105 treniruot\u0119 be svori\u0173 disk\u0173, stov\u0173 ar \u0161tang\u0173.<br \/>\nGalite taikyti tiek j\u0117gos, kiek norite \u2013 daug arba ma\u017eai \u2013 o StrengthErg tiksliai i\u0161matuos ir parodys j\u016bs\u0173 rezultatus. \u012erenginys i\u0161bandytas naudojant daugiau nei 680 kg j\u0117g\u0105.<br \/>\nNemokama <a href=\"https:\/\/www.concept2.com\/ergdata\" target=\"_blank\" rel=\"noopener nofollow\">ErgData<\/a> program\u0117l\u0117 suteikia na\u0161umo steb\u0117jim\u0105 ir analiz\u0119, padedan\u010di\u0105 pasiekti j\u016bs\u0173 tikslus.<br \/>\nStrengthErg galima \u012fsigyti su PM5 monitoriumi arba be jo \u2013 kad gal\u0117tum\u0117te tiesiogiai prijungti ErgData prie savo \u012frenginio.<\/p>\n<hr \/>\n<h2>Matmenys ir svoris<\/h2>\n<ul>\n<li>Ilgis: 154 cm<\/li>\n<li>Plotis: 61 cm<\/li>\n<li>Plotis su st\u016bmimo svirtimi: 66 cm<\/li>\n<li>S\u0117dyn\u0117s auk\u0161tis nuo grind\u0173: 53 cm<\/li>\n<li>Monob\u0117gio ilgis: 114 cm<\/li>\n<li>Svoris: 41 kg<\/li>\n<li>Naudotojo svoris iki 160 kg<\/li>\n<\/ul>\n<hr \/>\n<a href=\"https:\/\/www.concept2.ee\/tutvustus\/strengtherg\/\" class=\"button primary\"><span>Su\u017einoti daugiau<\/span><\/a>\r\n\n","protected":false},"excerpt":{"rendered":"<p>Pagrindiniai naudojimo b\u016bdai: koj\u0173 spaudimas \/ kr\u016btin\u0117s spaudimas \/ irklavimas. StrengthErg suteikia saugi\u0105 ir efektyvi\u0105 treniruot\u0119 be svori\u0173 disk\u0173, stov\u0173 ar \u0161tang\u0173. Galite taikyti tiek j\u0117gos, kiek norite \u2013 daug arba ma\u017eai \u2013 o StrengthErg tiksliai i\u0161matuos ir parodys j\u016bs\u0173 rezultatus. \u012erenginys i\u0161bandytas naudojant daugiau nei 680 kg j\u0117g\u0105. Nemokama ErgData program\u0117l\u0117 suteikia na\u0161umo steb\u0117jim\u0105 [&#8230;]\n","protected":false},"featured_media":2028,"template":"","meta":[],"product_brand":[],"product_cat":[132],"product_tag":[],"class_list":{"0":"post-2193","1":"product","2":"type-product","3":"status-publish","4":"has-post-thumbnail","6":"product_cat-strengtherg-lt","8":"first","9":"instock","10":"taxable","11":"shipping-taxable","12":"purchasable","13":"product-type-simple"},"_links":{"self":[{"href":"https:\/\/www.concept2.ee\/lt\/wp-json\/wp\/v2\/product\/2193","targetHints":{"allow":["GET"]}}],"collection":[{"href":"https:\/\/www.concept2.ee\/lt\/wp-json\/wp\/v2\/product"}],"about":[{"href":"https:\/\/www.concept2.ee\/lt\/wp-json\/wp\/v2\/types\/product"}],"wp:featuredmedia":[{"embeddable":true,"href":"https:\/\/www.concept2.ee\/lt\/wp-json\/wp\/v2\/media\/2028"}],"wp:attachment":[{"href":"https:\/\/www.concept2.ee\/lt\/wp-json\/wp\/v2\/media?parent=2193"}],"wp:term":[{"taxonomy":"product_brand","embeddable":true,"href":"https:\/\/www.concept2.ee\/lt\/wp-json\/wp\/v2\/product_brand?post=2193"},{"taxonomy":"product_cat","embeddable":true,"href":"https:\/\/www.concept2.ee\/lt\/wp-json\/wp\/v2\/product_cat?post=2193"},{"taxonomy":"product_tag","embeddable":true,"href":"https:\/\/www.concept2.ee\/lt\/wp-json\/wp\/v2\/product_tag?post=2193"}],"curies":[{"name":"wp","href":"https:\/\/api.w.org\/{rel}","templated":true}]}}