{"id":1145,"date":"2024-12-13T15:11:22","date_gmt":"2024-12-13T13:11:22","guid":{"rendered":"https:\/\/www.concept2.ee\/?post_type=product&#038;p=1145"},"modified":"2025-11-12T12:01:08","modified_gmt":"2025-11-12T10:01:08","slug":"laikyklis-ismaniajam-telefonui","status":"publish","type":"product","link":"https:\/\/www.concept2.ee\/lt\/product\/laikyklis-ismaniajam-telefonui\/","title":{"rendered":"Laikyklis i\u0161maniajam telefonui"},"content":{"rendered":"<p><strong>Pastaba! Naujasis SkiErg turi i\u0161maniojo telefono laikikl\u012f komplekte.<\/strong><\/p>\n","protected":false},"excerpt":{"rendered":"<p><strong>Pastaba! Naujasis SkiErg turi i\u0161maniojo telefono laikikl\u012f komplekte.<\/strong><br \/>\nI\u0161maniojo telefono tvirtinimui prie monitoriaus MP5, MP4, MP3<\/p>\n","protected":false},"featured_media":669,"template":"","meta":[],"product_brand":[],"product_cat":[62],"product_tag":[],"class_list":{"0":"post-1145","1":"product","2":"type-product","3":"status-publish","4":"has-post-thumbnail","6":"product_cat-priedai","7":"product_shipping_class-k1-pakiautomaat-lt","9":"first","10":"instock","11":"taxable","12":"shipping-taxable","13":"purchasable","14":"product-type-simple"},"_links":{"self":[{"href":"https:\/\/www.concept2.ee\/lt\/wp-json\/wp\/v2\/product\/1145","targetHints":{"allow":["GET"]}}],"collection":[{"href":"https:\/\/www.concept2.ee\/lt\/wp-json\/wp\/v2\/product"}],"about":[{"href":"https:\/\/www.concept2.ee\/lt\/wp-json\/wp\/v2\/types\/product"}],"wp:featuredmedia":[{"embeddable":true,"href":"https:\/\/www.concept2.ee\/lt\/wp-json\/wp\/v2\/media\/669"}],"wp:attachment":[{"href":"https:\/\/www.concept2.ee\/lt\/wp-json\/wp\/v2\/media?parent=1145"}],"wp:term":[{"taxonomy":"product_brand","embeddable":true,"href":"https:\/\/www.concept2.ee\/lt\/wp-json\/wp\/v2\/product_brand?post=1145"},{"taxonomy":"product_cat","embeddable":true,"href":"https:\/\/www.concept2.ee\/lt\/wp-json\/wp\/v2\/product_cat?post=1145"},{"taxonomy":"product_tag","embeddable":true,"href":"https:\/\/www.concept2.ee\/lt\/wp-json\/wp\/v2\/product_tag?post=1145"}],"curies":[{"name":"wp","href":"https:\/\/api.w.org\/{rel}","templated":true}]}}