{"id":1122,"date":"2024-12-12T21:45:24","date_gmt":"2024-12-12T19:45:24","guid":{"rendered":"https:\/\/www.concept2.ee\/?post_type=product&#038;p=1122"},"modified":"2025-08-01T10:42:23","modified_gmt":"2025-08-01T07:42:23","slug":"ergometro-uzvalkalas","status":"publish","type":"product","link":"https:\/\/www.concept2.ee\/lt\/product\/ergometro-uzvalkalas\/","title":{"rendered":"Ergometro u\u017evalkalas"},"content":{"rendered":"<p>Auk\u0161tos kokyb\u0117s apsauginis u\u017edangalas Concept2 RowErg irklavimo treniruokliui. Tinka visiems modeliams, i\u0161skyrus E ir Dynamic. Saugo \u012frengin\u012f nuo dulki\u0173 ir ne\u0161varum\u0173. Puikiai pritaikytas nam\u0173, studijos ar sporto sal\u0117s aplinkai, kai svarbu i\u0161laikyti ergometr\u0105 \u0161var\u0173 ir geros b\u016bkl\u0117s. U\u017edangalas lengvas, patvarus ir patogiai u\u017ededamas. Naudojant lauke neu\u017etikrina visapusi\u0161kos apsaugos nuo aplinkos poveikio. Nerekomenduojama naudoti patalpose, kuriose yra auk\u0161tas dr\u0117gm\u0117s lygis, kad b\u016bt\u0173 i\u0161vengta kondensato susidarymo po u\u017edangalu.<\/p>\n<p>Modeliui E skirt\u0105 u\u017edangal\u0105 rasite \u0161ioje pa\u010dioje Pried\u0173 kategorijoje.<\/p>\n","protected":false},"excerpt":{"rendered":"<p>Auk\u0161tos kokyb\u0117s apsauginis u\u017edangalas Concept2 RowErg irklavimo treniruokliui. Tinka visiems modeliams, i\u0161skyrus E ir Dynamic. Saugo \u012frengin\u012f nuo dulki\u0173 ir ne\u0161varum\u0173. Puikiai pritaikytas nam\u0173, studijos ar sporto sal\u0117s aplinkai, kai svarbu i\u0161laikyti ergometr\u0105 \u0161var\u0173 ir geros b\u016bkl\u0117s. U\u017edangalas lengvas, patvarus ir patogiai u\u017ededamas. Naudojant lauke neu\u017etikrina visapusi\u0161kos apsaugos nuo aplinkos poveikio. Nerekomenduojama naudoti patalpose, kuriose [&#8230;]\n","protected":false},"featured_media":613,"template":"","meta":[],"product_brand":[],"product_cat":[62],"product_tag":[],"class_list":{"0":"post-1122","1":"product","2":"type-product","3":"status-publish","4":"has-post-thumbnail","6":"product_cat-priedai","7":"product_shipping_class-k1-pakiautomaat-lt","9":"first","10":"instock","11":"taxable","12":"shipping-taxable","13":"purchasable","14":"product-type-simple"},"_links":{"self":[{"href":"https:\/\/www.concept2.ee\/lt\/wp-json\/wp\/v2\/product\/1122","targetHints":{"allow":["GET"]}}],"collection":[{"href":"https:\/\/www.concept2.ee\/lt\/wp-json\/wp\/v2\/product"}],"about":[{"href":"https:\/\/www.concept2.ee\/lt\/wp-json\/wp\/v2\/types\/product"}],"wp:featuredmedia":[{"embeddable":true,"href":"https:\/\/www.concept2.ee\/lt\/wp-json\/wp\/v2\/media\/613"}],"wp:attachment":[{"href":"https:\/\/www.concept2.ee\/lt\/wp-json\/wp\/v2\/media?parent=1122"}],"wp:term":[{"taxonomy":"product_brand","embeddable":true,"href":"https:\/\/www.concept2.ee\/lt\/wp-json\/wp\/v2\/product_brand?post=1122"},{"taxonomy":"product_cat","embeddable":true,"href":"https:\/\/www.concept2.ee\/lt\/wp-json\/wp\/v2\/product_cat?post=1122"},{"taxonomy":"product_tag","embeddable":true,"href":"https:\/\/www.concept2.ee\/lt\/wp-json\/wp\/v2\/product_tag?post=1122"}],"curies":[{"name":"wp","href":"https:\/\/api.w.org\/{rel}","templated":true}]}}