{"id":1117,"date":"2024-12-12T20:56:22","date_gmt":"2024-12-12T18:56:22","guid":{"rendered":"https:\/\/www.concept2.ee\/?post_type=product&#038;p=1117"},"modified":"2025-07-18T18:46:55","modified_gmt":"2025-07-18T15:46:55","slug":"rankena-irklavimo-treniruokliui-atsargine-dalis","status":"publish","type":"product","link":"https:\/\/www.concept2.ee\/lt\/product\/rankena-irklavimo-treniruokliui-atsargine-dalis\/","title":{"rendered":"Rankena irklavimo treniruokliui (atsargine dalis)"},"content":{"rendered":"<p>Originali Concept2 RowErg irklavimo treniruoklio rankena. Skirta susid\u0117v\u0117jusios ar pa\u017eeistos rankenos keitimui. Komplekte yra tik rankena \u2013 lynas ir tvirtinimo detal\u0117s ne\u012ftrauktos. Taip pat suderinama su Model D ir Model E treniruokliais.<\/p>\n","protected":false},"excerpt":{"rendered":"<p>Originali Concept2 RowErg irklavimo treniruoklio rankena. Skirta susid\u0117v\u0117jusios ar pa\u017eeistos rankenos keitimui. Komplekte yra tik rankena \u2013 lynas ir tvirtinimo detal\u0117s ne\u012ftrauktos. Taip pat suderinama su Model D ir Model E treniruokliais.<\/p>\n","protected":false},"featured_media":599,"template":"","meta":[],"product_brand":[],"product_cat":[62],"product_tag":[],"class_list":{"0":"post-1117","1":"product","2":"type-product","3":"status-publish","4":"has-post-thumbnail","6":"product_cat-priedai","7":"product_shipping_class-k1-pakiautomaat-lt","9":"first","10":"instock","11":"taxable","12":"shipping-taxable","13":"purchasable","14":"product-type-simple"},"_links":{"self":[{"href":"https:\/\/www.concept2.ee\/lt\/wp-json\/wp\/v2\/product\/1117","targetHints":{"allow":["GET"]}}],"collection":[{"href":"https:\/\/www.concept2.ee\/lt\/wp-json\/wp\/v2\/product"}],"about":[{"href":"https:\/\/www.concept2.ee\/lt\/wp-json\/wp\/v2\/types\/product"}],"wp:featuredmedia":[{"embeddable":true,"href":"https:\/\/www.concept2.ee\/lt\/wp-json\/wp\/v2\/media\/599"}],"wp:attachment":[{"href":"https:\/\/www.concept2.ee\/lt\/wp-json\/wp\/v2\/media?parent=1117"}],"wp:term":[{"taxonomy":"product_brand","embeddable":true,"href":"https:\/\/www.concept2.ee\/lt\/wp-json\/wp\/v2\/product_brand?post=1117"},{"taxonomy":"product_cat","embeddable":true,"href":"https:\/\/www.concept2.ee\/lt\/wp-json\/wp\/v2\/product_cat?post=1117"},{"taxonomy":"product_tag","embeddable":true,"href":"https:\/\/www.concept2.ee\/lt\/wp-json\/wp\/v2\/product_tag?post=1117"}],"curies":[{"name":"wp","href":"https:\/\/api.w.org\/{rel}","templated":true}]}}