{"id":1506,"date":"2025-05-01T18:34:52","date_gmt":"2025-05-01T15:34:52","guid":{"rendered":"https:\/\/www.concept2.ee\/?page_id=1506"},"modified":"2025-09-11T19:31:10","modified_gmt":"2025-09-11T16:31:10","slug":"klubai","status":"publish","type":"page","link":"https:\/\/www.concept2.ee\/lt\/klubai\/","title":{"rendered":"Klubai"},"content":{"rendered":"\n  <div class=\"banner has-hover hero has-parallax\" id=\"banner-78288715\">\n          <div class=\"banner-inner fill\">\n        <div class=\"banner-bg fill\" data-parallax=\"-2\" data-parallax-container=\".banner\" data-parallax-background>\n            <img loading=\"lazy\" decoding=\"async\" width=\"1200\" height=\"600\" src=\"https:\/\/www.concept2.ee\/wp-content\/uploads\/banner-treening-ryhmatreening-dsc08194.jpg\" class=\"bg attachment-original size-original\" alt=\"\" \/>                                    \n                    <\/div>\n\t\t\n        <div class=\"banner-layers container\">\n            <div class=\"fill banner-link\"><\/div>            \n   <div id=\"text-box-139681559\" class=\"text-box banner-layer x50 md-x50 lg-x50 y50 md-y50 lg-y50 res-text\">\n                                <div class=\"text-box-content text dark\">\n              \n              <div class=\"text-inner text-center\">\n                  \n<h1>Klubai<\/h1>\n              <\/div>\n           <\/div>\n                            \n<style>\n#text-box-139681559 {\n  width: 90%;\n}\n#text-box-139681559 .text-box-content {\n  font-size: 100%;\n}\n<\/style>\n    <\/div>\n \n        <\/div>\n      <\/div>\n\n            \n<style>\n#banner-78288715 {\n  padding-top: 15%;\n  background-color: rgb(255,255,255);\n}\n<\/style>\n  <\/div>\n\n\n<div class=\"row col-middle\"  id=\"row-961270877\">\n\n\t<div id=\"col-1196994560\" class=\"col small-12 large-12\"  >\n\t\t\t\t<div class=\"col-inner\"  >\n\t\t\t\n\t\t\t\n<div class=\"row\"  id=\"row-284674891\">\n\n\t<div id=\"col-1820932346\" class=\"col medium-9 small-12 large-9\"  >\n\t\t\t\t<div class=\"col-inner\"  >\n\t\t\t\n\t\t\t\n\t\t<div class=\"klubid\">\n\t\t\t\t\n<h2>Vilnius:<\/h2>\n<h3>Vilniaus irklavimo meistr\u0173 klubas &quot;\u017dalgiris&quot;<\/h3>\n<p class=\"info\">Olimpie\u010di\u0173 g. 17, Vilnius \u2022 Tel. +370 670 003 65 \u2022 <a href=\"mailto:Rimantas.bakas@gmail.com\">Rimantas.bakas@gmail.com<\/a><br \/>\n15 RowErg<\/p>\n<h3>Brasa Crossfit klubas<\/h3>\n<p class=\"info\">\u017dirm\u016bn\u0173 g. 68, Vilnius 09124 \u2022 Tel. +370 683 485 34 \u2022 <a href=\"mailto:info@brasacrossfit.lt\">info@brasacrossfit.lt<\/a><br \/>\n9 RowErg<\/p>\n<h3>Amber CrossFit Sporto klubas<\/h3>\n<p class=\"info\">Smolensko g. 10A, Vilnius \u2022 Tel. +370 683 66 231 \u2022 <a href=\"https:\/\/ambercrossfit.lt\/\" target=\"_blank\" rel=\"noopener noreferrer nofollow\">ambercrossfit.lt<\/a><br \/>\n5 RowErg<\/p>\n<p><!-- \n\n\n<h3>Champions House by Sergej Maslobojev<\/h3>\n\n\n\n\n<p class=\"info\">Gabijos gatv\u0117 38, Vilnius \u2022 Tel. +370 648 66201 \u2022 <a href=\"https:\/\/www.champions.lt\/\" target=\"_blank\" rel=\"noopener noreferrer nofollow\">www.champions.lt<\/a><br \/>\n5 RowErg<\/p>\n\n\n --><\/p>\n<h3>Crossfit Laisv\u0117<\/h3>\n<p class=\"info\">Laisv\u0117s 125 (pasa\u017eas pas Juozap\u0105), Vilnius \u2022 Tel. +370 640 00 452 \u2022 <a href=\"mailto:info@crossfitlaisve.lt\">info@crossfitlaisve.lt<\/a> \u2022 <a href=\"https:\/\/crossfitlaisve.lt\/\" target=\"_blank\" rel=\"noopener noreferrer nofollow\">www.crossfitlaisve.lt<\/a><br \/>\n4 RowErg<\/p>\n<h3>Sporto klubas &quot;G7&quot;<\/h3>\n<p class=\"info\">V. Grybo g. 7, Vilnius \u2022 Tel. +370 620 37777 \u2022 <a href=\"mailto:info@grybo7.lt\">info@grybo7.lt<\/a> \u2022 <a href=\"https:\/\/www.grybo7.lt\/\" target=\"_blank\" rel=\"noopener noreferrer nofollow\">www.grybo7.lt<\/a><br \/>\n4 RowErg, 1 SkiErg<\/p>\n<p><!-- \n\n\n<h3>ReFormatas Sporto klubas<\/h3>\n\n\n\n\n<p class=\"info\">J. Jasinskio g. 16, Vilnius \u2022 Tel. +370 697 90790<br \/>\n3 RowErg<br \/>\n3 SkiErg<\/p>\n\n\n --><\/p>\n<h3>Fabijoni\u0161ki\u0173 Baseinas<\/h3>\n<p class=\"info\">S. N\u0117ries g. 45A, Vilnius \u2022 Tel. +370 5 203 4814 \u2022 <a href=\"mailto:info@fabijoniskiubaseinas.lt\">info@fabijoniskiubaseinas.lt<\/a> \u2022 <a href=\"https:\/\/www.fabijoniskiubaseinas.lt\/\" target=\"_blank\" rel=\"noopener noreferrer nofollow\">www.fabijoniskiubaseinas.lt<\/a><br \/>\n2 RowErg<\/p>\n<h3>Sporto klubas &quot;Forum&quot;<\/h3>\n<p class=\"info\">Konstitucijos pr. 26 \u2022 Tel. +370 5 210 3149 \u2022 <a href=\"mailto:info@forumfitness.lt\">info@forumfitness.lt<\/a> \u2022 <a href=\"http:\/\/www.forumfitness.lt\/\" target=\"_blank\" rel=\"noopener noreferrer nofollow\">www.forumfitness.lt<\/a><br \/>\n2 RowErg<\/p>\n<h3>GymPlius<\/h3>\n<ol>\n<li>Kalvarij\u0173 g. 88, Vilnius \u2022 Tel. +370 614 33555<br \/>\n2 RowErg<\/li>\n<li>\u017demait\u0117s g. 22, Vilnius \u2022 Tel. +370 614 33555<br \/>\n2 RowErg<\/li>\n<li>Vir\u0161uli\u0161ki\u0173 g. 40, Vilnius \u2022 Tel. +370 614 33555<br \/>\n2 RowErg<\/li>\n<li>Dariaus ir Gir\u0117no g. 2, Vilnius \u2022 Tel. +370 614 33555<br \/>\n2 RowErg<\/li>\n<li>Ukmerges 256, Vilnius \u2022 Tel. +370 614 33555<br \/>\n2 RowErg<\/li>\n<li>Vytauto Poci\u016bno g. 8, 06264 Vilnius<br \/>\n3 RowErg<\/li>\n<li>\u017dirm\u016bn\u0173 g. 68A, 09133 Vilnius<br \/>\n3 RowErg ir 2 SkiErg<\/li>\n<li>Saltoni\u0161ki\u0173 g. 9, 3 auk\u0161tas, Saltoni\u0161ki\u0173 g. 9, 08105 Vilnius<br \/>\n2 RowErg<\/li>\n<\/ol>\n<p><a href=\"mailto:info@gymplius.lt\">info@gymplius.lt<\/a><br \/>\n<a href=\"https:\/\/www.gymplius.lt\/\" target=\"_blank\" rel=\"noopener noreferrer nofollow\">www.gymplius.lt<\/a><\/p>\n<h3>Crossfit Vilnius<\/h3>\n<p class=\"info\">Ateities g. 10, Vilnius \u2022 Tel. +370 8 684 29326 \u2022 <a href=\"mailto:info@crossfitvilnius.com\">info@crossfitvilnius.com<\/a> \u2022 <a href=\"http:\/\/www.crossfitvilnius.com\/\" target=\"_blank\" rel=\"noopener noreferrer nofollow\">www.crossfitvilnius.com<\/a><br \/>\n1 ergometras, 1 SkiErg<\/p>\n<h3>Muaythai sporto klubas Jasi\u016bnas Team<\/h3>\n<p class=\"info\">\u017demynos g. 14, Vilnius \u2022 Tel. +370 698 11046 \u2022 <a href=\"http:\/\/jasiunasteam.lt\/\" target=\"_blank\" rel=\"noopener noreferrer nofollow\">jasiunasteam.lt<\/a><br \/>\n1 ergometras, 1 SkiErg<\/p>\n<h3>Rudaminos Sporto Centras<\/h3>\n<p class=\"info\">Gamyklos 22B, Rudamina \u2022 Tel. +370 606 85246<br \/>\n1 RowErg, 2 SkiErg<\/p>\n<p><!--\n\n<h3>Active Gym<\/h3>\n\n\n\n\n<p class=\"info\">Antakalnio g. 37, Vilnius \u2022 Tel. +370 523 445 47 \u2022 Tel. +370 527 091 37<br \/>\n<a href=\"mailto:info@activegym.lt\">info@activegym.lt<\/a> \u2022 <a href=\"http:\/\/www.activegym.lt\/\" target=\"_blank\" rel=\"noopener noreferrer nofollow\">www.activegym.lt<\/a><br \/>\n1 RowErg, 1 SkiErg<\/p>\n\n--><\/p>\n<h3>Goodlife sporto klubas<\/h3>\n<p class=\"info\">Priegliaus g.1, Vilnius PC PUPA \u2022 Tel: +370 686 17 991 \u2022 <a href=\"mailto:info@goodlifeclub.lt\">info@goodlifeclub.lt<\/a> \u2022 <a href=\"http:\/\/goodlifeclub.lt\/\" target=\"_blank\" rel=\"noopener noreferrer nofollow\">goodlifeclub.lt<\/a><br \/>\n1 RowErg<\/p>\n<h3>Sporto klubas &quot;Impuls&quot;<\/h3>\n<ol style=\"padding-top:4px\">\n<li>Kareivi\u0173 g. 14, Vilnius \u2022 Tel. +370 615 400 72<br \/>\n1 RowErg<\/li>\n<li>Ozo g. 41, Vilnius \u2022 Tel. +370 659 942 33<br \/>\n1 RowErg<\/li>\n<li>Savanori\u0173 g 28, Vilnius \u2022 Tel. +370 659 601 20<br \/>\n2 RowErg<\/li>\n<li>Asanavi\u010di\u016bt\u0117s g. 15, Vilnius \u2022 Tel. +370 620 909 00<br \/>\n1 RowErg<\/li>\n<li>Fabijoni\u0161ki\u0173 97a, Vilnius \u2022 Tel. +370 616 329 11<br \/>\n1 RowErg<\/li>\n<li>Vienuolio g. 4, Vilnius \u2022 Tel. +370 626 899 87<br \/>\n1 RowErg<\/li>\n<\/ol>\n<p><a href=\"mailto:info@impuls.lt\">info@impuls.lt<\/a><br \/>\n<a href=\"https:\/\/www.impuls.lt\/\" target=\"_blank\" rel=\"noopener noreferrer nofollow\">www.impuls.lt<\/a><\/p>\n<p><!-- \n\n\n<h3><\/h3>\n\n\n\n\n<p class=\"info\">\n2 RowErg<\/p>\n\n\n --><\/p>\n<h3>Lemon Gym<\/h3>\n<ol style=\"padding-top:4px\">\n<li><a href=\"https:\/\/www.lemongym.lt\/clubs\/banginis\/\" target=\"_blank\" rel=\"noopener noreferrer nofollow\">Lemon Gym Banginis &gt;&gt;<\/a><br \/>\nLuk\u0161io g. 34, Vilnius \u2022 Tel. +370 643 15 866<br \/>\n1 RowErg<\/li>\n<li><a href=\"https:\/\/www.lemongym.lt\/clubs\/pilaite\/\" target=\"_blank\" rel=\"noopener noreferrer nofollow\">Lemon Gym Pilait\u0117 &gt;&gt;<\/a><br \/>\nVyd\u016bno g. 2, LT-06204, Vilnius \u2022 Tel. +370 656 77 170<br \/>\n1 RowErg<\/li>\n<li><a href=\"https:\/\/www.lemongym.lt\/clubs\/perkunkiemis\/\" target=\"_blank\" rel=\"noopener noreferrer nofollow\">Lemon Gym Perk\u016bnkiemis &gt;&gt;<\/a><br \/>\nPerk\u016bnkiemio g. 4, LT-12128, Vilnius \u2022 Tel. +370 640 47 101<br \/>\n1 RowErg<\/li>\n<li><a href=\"https:\/\/www.lemongym.lt\/clubs\/vienuolis\/\" target=\"_blank\" rel=\"noopener noreferrer nofollow\">Lemon Gym Fabijoni\u0161k\u0117s &gt;&gt;<\/a><br \/>\nAteities g. 31b, 06326 Vilnius<!--  \u2022 Tel. +370 626 899 87 --><br \/>\n2 RowErg<\/li>\n<li><a href=\"https:\/\/www.lemongym.lt\/clubs\/vienuolis\/\" target=\"_blank\" rel=\"noopener noreferrer nofollow\">Lemon Gym Vienuolis &gt;&gt;<\/a><br \/>\nVienuolio g. 4, Vilnius \u2022 Tel. +370 626 899 87<br \/>\n2 RowErg<\/li>\n<li><a href=\"https:\/\/www.lemongym.lt\/clubs\/europa\/\" target=\"_blank\" rel=\"noopener noreferrer nofollow\">Lemon Gym PC &quot;Europa&quot; &gt;&gt;<\/a><br \/>\nKonstitucijos pr. 7a, LT-09308, Vilnius \u2022 Tel. +370 615 71 932<br \/>\n1 RowErg<\/li>\n<li><a href=\"https:\/\/www.lemongym.lt\/clubs\/zalgiris-2\/\" target=\"_blank\" rel=\"noopener noreferrer nofollow\">\u017dalgiris \u2013 k\u0105 tik atidarytas &gt;&gt;<\/a><br \/>\n\u017dalgirio g. 92, Vilnius<br \/>\n2 RowErg, 2 SkiErg<\/li>\n<\/ol>\n<p><a href=\"mailto:info@lemongym.lt\">info@lemongym.lt<\/a><br \/>\n<a href=\"https:\/\/www.lemongym.lt\/\" target=\"_blank\" rel=\"noopener noreferrer nofollow\">www.lemongym.lt <\/a><\/p>\n<h3>The Royal Athletic Gym<\/h3>\n<p class=\"info\">M. K. \u010ciurlionio g. 84A, Vilnius \u2022 Tel. +370 5 215 9384 \u2022 <a href=\"mailto:info@raclub.lt\">info@raclub.lt<\/a> \u2022 <a href=\"http:\/\/www.raclub.lt\/\" target=\"_blank\" rel=\"noopener noreferrer nofollow\">www.raclub.lt<\/a><br \/>\n1 RowErg<\/p>\n<h3>Sportgates<\/h3>\n<p class=\"info\">2 auk\u0161tas, Verki\u0173 g. 31C, 09108 Vilnius<br \/>\n<a href=\"mailto:info@sportgates.lt\">info@sportgates.lt<\/a> \u2022 <a href=\"https:\/\/sportgates.lt\/\" target=\"_blank\" rel=\"noopener noreferrer nofollow\">www.sportgates.lt<\/a><br \/>\n1 RowErg<\/p>\n<h3>Vilniaus \u0160eipingo Klubas<\/h3>\n<p class=\"info\">Kalvarij\u0173 g. 131\/2, Vilnius \u2022 Tel. +370 5 2727 319 \u2022 <a href=\"http:\/\/www.aerobika.lt\/\" target=\"_blank\" rel=\"noopener noreferrer nofollow\">www.aerobika.lt<\/a><br \/>\n1 RowErg<\/p>\n<h2>Kaunas:<\/h2>\n<h3>VS-Fitness MEGA<\/h3>\n<p class=\"info\">Islandijos pl. 32, Kaunas 47446 \u2022 Tel. +370 637 77 474 \u2022 <a href=\"mailto:kaunas@vs-fitness.lt\">kaunas@vs-fitness.lt<\/a> \u2022 <a href=\"https:\/\/vs-fitness.lt\/kaunas\/\" target=\"_blank\" rel=\"noopener noreferrer nofollow\">vs-fitness.lt\/kaunas\/<\/a><br \/>\n8 RowErg, 2 SkiErg<\/p>\n<h3>FitClub<\/h3>\n<p class=\"info\">\u0160iaur\u0117s pr. 8D, Kaunas \u2022 Tel. +370 600 12 177<br \/>\n3 RowErg<\/p>\n<h3>Girstu\u010dio Sporo Kompleksas<\/h3>\n<p class=\"info\">Kovo 11-osios g-ve 26, Kaunas \u2022 Tel. +370 373 728 20 \u2022 <a href=\"mailto:info@girstuciobaseinas.lt\">info@girstuciobaseinas.lt<\/a><br \/>\n3 RowErg, 1 SkiErg<\/p>\n<h3>GymPlius<\/h3>\n<ol>\n<li>V. Kr\u0117v\u0117s pr. 13, Kaunas \u2022 Tel. +370 614 33555<br \/>\n2 RowErg<\/li>\n<li>Balt\u0173 pr. 49, Kaunas \u2022 Tel. +370 614 33555<br \/>\n2 RowErg<\/li>\n<li>Pramon\u0117s pr. 25, Kaunas \u2022 Tel. +370 614 33555<br \/>\n2 RowErg<\/li>\n<\/ol>\n<p><a href=\"mailto:info@gymplius.lt\">info@gymplius.lt<\/a><br \/>\n<a href=\"https:\/\/www.gymplius.lt\/\" target=\"_blank\" rel=\"noopener noreferrer nofollow\">www.gymplius.lt<\/a><\/p>\n<\/li>\n<\/ol>\n<p><!-- \n\n\n<h3>Pasimatymas Gym<\/h3>\n\n\n\n\n<p class=\"info\">Kr\u0117v\u0117s pr. 57, Kaunas \u2022 Tel. +370 6001 2177 \u2022 <a href=\"mailto:pasimatymasgym@gmail.com\">pasimatymasgym@gmail.com<\/a> \u2022 <a href=\"https:\/\/fitsport.lt\/\" target=\"_blank\" rel=\"noopener noreferrer nofollow\">fitsport.lt<\/a><br \/>\n1 RowErg<\/p>\n\n\n --><\/p>\n<p><!-- \n\n\n<h3>Aerobikos ir sporto klubas &quot;Fankas&quot;<\/h3>\n\n\n\n\n<p class=\"info\">Savanori\u0173 prospektas 66 \/ \u017demai\u010di\u0173 gatv\u0117 31, Kaunas \u2022 Tel\/fax. +370 37-426 868<br \/>\n<a href=\"mailto:info@fankas.lt\">info@fankas.lt<\/a> \u2022 <a href=\"http:\/\/fankas.lt\/\" target=\"_blank\" rel=\"noopener noreferrer nofollow\">fankas.lt<\/a><br \/>\n2 RowErg<\/p>\n\n\n --><\/p>\n<h3>Lemon Gym<\/h3>\n<ol>\n<li>Savanoriu 168, Kaunas \u2022 Tel. +370 659 54332<br \/>\n1 RowErg<\/li>\n<li>Karaliaus Mindaugo pr. 50, 44334 Kaunas<br \/>\n1 RowErg<\/li>\n<li>Balt\u0173 pr. 16, 48190 Kaunas<br \/>\n1 RowErg<\/li>\n<\/ol>\n<p><a href=\"mailto:info@lemongym.lt\">info@lemongym.lt<\/a><br \/>\n<a href=\"https:\/\/www.lemongym.lt\/\" target=\"_blank\" rel=\"noopener noreferrer nofollow\">www.lemongym.lt<\/a><\/p>\n<\/li>\n<\/ol>\n<h3>OCR Ninja Academy<\/h3>\n<p class=\"info\">Raudondvario pl. 101h, Kaunas \u2022 Tel. +370 6820 6891 \u2022 <a href=\"https:\/\/www.facebook.com\/p\/OCR-Ninja-Academy-61551822731937\/\" target=\"_blank\" rel=\"noopener noreferrer nofollow\">Facebook<\/a><br \/>\n1 RowErg, 1 SkiErg<\/p>\n<h3>Sporto klubas &quot;Linija&quot;<\/h3>\n<p class=\"info\">Taikos pr. 44a, Kaunas \u2022 Tel. +370 37-380319 \u2022 <a href=\"mailto:info@linijasportas.lt\">info@linijasportas.lt<\/a> \u2022 <a href=\"http:\/\/www.linijasportas.lt\/\" target=\"_blank\" rel=\"noopener noreferrer nofollow\">www.linijasportas.lt<\/a><br \/>\n2 RowErg, 1 SkiErg<\/p>\n<h3>Sporto klubas &quot;\u0104\u017euolynas&quot;<\/h3>\n<p class=\"info\">Sporto g. 3, Kaunas \u2022 Tel. +370 640 52 185, Mob.tel. +370 6141 0010 \u2022 <a href=\"mailto:info@assc.lt\">info@assc.lt<\/a> \u2022 <a href=\"http:\/\/azuolynocentras.lt\/\" target=\"_blank\" rel=\"noopener noreferrer nofollow\">www.azuolynocentras.lt<\/a><br \/>\n1 RowErg<\/p>\n<h3>Sporto klubas &quot;\u012ed\u0117ja&quot;<\/h3>\n<p class=\"info\">Butrimoni\u0173 g. 9, 50220 Kaunas \u2022 Tel. +370 37 733 442 \u2022 Mob. tel. +370 671 40910<br \/>\n1 RowErg<\/p>\n<h3>Sporto klubas \u201cBodyhouse\u201d<\/h3>\n<p class=\"info\">\u0160arkuvos g. 22, Kaunas \u2022 Tel. +370 37 231 580 \u2022 skype: <a href=\"skype:bodyhouse.silainiai?call\">bodyhouse.silainiai<\/a><br \/><a href=\"mailto:info@bodyhouse.lt\">info@bodyhouse.lt<\/a><!-- \u2022 <a href=\"http:\/\/www.bodyhouse.lt\/\" target=\"_blank\" rel=\"noopener noreferrer nofollow\">www.bodyhouse.lt<\/a>--><br \/>\n1 RowErg<\/p>\n<h3>Sportgates<\/h3>\n<ol>\n<li>Vytauto pr. 23, 44352 Kaunas<br \/>\n2 RowErg ir 1 SkiErg<\/li>\n<li>A. Sabaliausko g. 14, 46499 Kaunas<br \/>\n1 RowErg<\/li>\n<\/ol>\n<p><a href=\"mailto:info@sportgates.lt\">info@sportgates.lt<\/a><br \/>\n<a href=\"https:\/\/sportgates.lt\/\" target=\"_blank\" rel=\"noopener noreferrer nofollow\">www.sportgates.lt<\/a><\/p>\n<\/li>\n<\/ol>\n<h3>Mangostanas, sporto klubas<\/h3>\n<p class=\"info\">Varni\u0173 g. 48B, Kaunas \u2022 Tel. +370 609 40149 \u2022 <a href=\"mailto:info@mangostanas.lt\">info@mangostanas.lt<\/a> \u2022 <a href=\"http:\/\/mangostanas.lt\" target=\"_blank\" rel=\"noopener noreferrer nofollow\">mangostanas.lt<\/a> \u2022 <a href=\"https:\/\/lt-lt.facebook.com\/pages\/mangostanaslt\/210674988953260\" target=\"_blank\" rel=\"noopener noreferrer nofollow\">Facebook<\/a><br \/>\n1 RowErg<\/p>\n<p><!-- \n\n\n<h3>Nero Fitness<\/h3>\n\n\n\n\n<p class=\"info\">Pramon\u0117s pr. 29 (pc Maxima II-as auk\u0161tas), Kaunas \u2022 Tel. +370 8 611 10441<br \/>\n<a href=\"mailto:info@nerofitness.lt\">info@nerofitness.lt<\/a> \u2022 <a href=\"https:\/\/nerofitness.lt\" target=\"_blank\" rel=\"noopener noreferrer nofollow\">www.nerofitness.lt<\/a><br \/>\n1 RowErg<\/p>\n\n\n --><\/p>\n<h2>Alytus:<\/h2>\n<h3>Sporto klubas \u017dalgiris<\/h3>\n<p class=\"info\">\u016adrijos g. 2a, Alytus \u2022 Tel. +370 3152 1223<br \/>\n1 RowErg<\/p>\n<h3>Still fit Sporto klubas<\/h3>\n<p class=\"info\">Vingio g. 15A, 63217 Alytus \u2022 Tel. +370 6873 0307<br \/>\n2 RowErg<\/p>\n<h2>Bir\u0161tonas:<\/h2>\n<h3>Lietuvos olimpinis sporto centras &#8211; Trak\u0173 baz\u0117<\/h3>\n<p class=\"info\">Jaunimo g. 3, 59206 Bir\u0161tonasi \u2022 Tel.\/Faks. +370 319 656 40<br \/>\n<a href=\"mailto:sportas@birstonas.lt\">sportas@birstonas.lt<\/a><br \/>\n4 RowErg<\/p>\n<h2>Druskininkai:<\/h2>\n<h3>Vilnius Spa<\/h3>\n<p class=\"info\">K. Dineikos g. 1, 66165 Druskininkai \u2022 Tel. +370 313 53 811 \u2022 Faks. +370 313 59 059 <br \/>\n<a href=\"mailto:info@spa-vilnius.lt\">info@spa-vilnius.lt<\/a> \u2022 <a href=\"https:\/\/www.spavilnius.lt\/\" target=\"_blank\" rel=\"noopener noreferrer nofollow\">www.spavilnius.lt<\/a><br \/>\n2 RowErg<\/p>\n<h3>V\u0161\u012f Sanatorija &quot;BELORUS&quot;<\/h3>\n<p class=\"info\">Maironio g. 2 LT-66116, Druskininkai \u2022 Tel. +370 3136 0618&nbsp;&nbsp; +370 6151 4940<br \/>\n<a href=\"mailto:info@belorus.lt\">info@belorus.lt<\/a> \u2022 <a href=\"http:\/\/www.belorus.lt\/\" target=\"_blank\" rel=\"noopener noreferrer nofollow\">www.belorus.lt<\/a><br \/>\n2 RowErg <br \/>\n1 SkiErg <\/p>\n<h2>Klaip\u0117da:<\/h2>\n<h3>Apelsinas Gym<\/h3>\n<ol style=\"padding-top:4px\">\n<li>H. Manto g. 84, II auk\u0161tas, Klaip\u0117da \u2022 Tel. +370 46 259 922 \u2022 <a href=\"mailto:studlendas@apelsinas.lt\">studlendas@apelsinas.lt<\/a><br \/>\n2 RowErg, 1 SkiErg<\/li>\n<li>Vingio g. 8A, II auk\u0161tas, Klaip\u0117da \u2022 Tel. (846) 322 522 \u2022 <a href=\"mailto:vingis@apelsinas.lt\">vingis@apelsinas.lt<\/a><br \/>\n2 RowErg, 1 SkiErg<\/li>\n<li>Taikos pr. 66A, II auk\u0161tas, Klaip\u0117da \u2022 Tel. (846) 304 525 \u2022 <a href=\"mailto:grandus@apelsinas.lt\">grandus@apelsinas.lt<\/a><br \/>\n2 RowErg, 1 SkiErg<\/li>\n<\/ol>\n<p><a href=\"https:\/\/www.apelsinas.lt\/\" target=\"_blank\" rel=\"noopener noreferrer nofollow\">www.apelsinas.lt<\/a><\/p>\n<h3>Gymplius<\/h3>\n<p class=\"info\">Taikos pr. 61, 91182 Klaip\u0117da \u2022 <a href=\"mailto:info@gymplius.lt\">info@gymplius.lt<\/a> \u2022 <a href=\"https:\/\/www.gymplius.lt\/\" target=\"_blank\" rel=\"noopener noreferrer nofollow\">www.gymplius.lt<\/a><br \/>\n5 RowErg ir 4 SkiErg<\/p>\n<h3>Impuls Klaip\u0117da<\/h3>\n<p class=\"info\">Liep\u0173 g. 53A, Klaip\u0117da \u2022 Tel. +370 8689 84887; +370 8685 73740; +370 8685 73759<br \/>\n<a href=\"mailto:klaipeda@impuls.lt\">klaipeda@impuls.lt<\/a> \u2022 <a href=\"https:\/\/www.impuls.lt\/\" target=\"_blank\" rel=\"noopener noreferrer nofollow\">www.impuls.lt<\/a><br \/>\n6 RowErg<\/p>\n<h3>Sporto Klubas Kapitolijus<\/h3>\n<p class=\"info\">H. Manto g. 27, Klaip\u0117da 92234 \u2022 Tel. +370 4631 0472<br \/>\n2 RowErg<\/p>\n<h3>Sportgates<\/h3>\n<p class=\"info\">Taikos 141, Klaipeda \u2022 Tel. +370 672 62 008<br \/>\n<a href=\"mailto:info@sportgates.lt\">info@sportgates.lt<\/a> \u2022 <a href=\"https:\/\/sportgates.lt\/\" target=\"_blank\" rel=\"noopener noreferrer nofollow\">www.sportgates.lt<\/a><br \/>\n1 RowErg<\/p>\n<h2>Kretinga:<\/h2>\n<h3>Sporto klubas Startas<\/h3>\n<p class=\"info\">Savanori\u0173 g. 49, Kretinga \u2022 Tel. +370 6550 7010<br \/>\n1 RowErg<\/p>\n<h2>Kupi\u0161kis:<\/h2>\n<h3>Kupi\u0161kio raj. k\u016bno kult\u016bros ir sporto centras<\/h3>\n<p class=\"info\">Lauko g. 5A Kupi\u0161kis \u2022 Tel. +370 670 777 61<br \/>\n4 RowErg<\/p>\n<h2>Panev\u0117\u017eys:<\/h2>\n<h3>GymPlius<\/h3>\n<p class=\"info\">Ukmerg\u0117s g. 18, Panev\u0117\u017eys \u2022 Tel. +370 614 33555<br \/>\n<a href=\"mailto:info@gymplius.lt\">info@gymplius.lt<\/a> \u2022 <a href=\"https:\/\/www.gymplius.lt\/\" target=\"_blank\" rel=\"noopener noreferrer nofollow\">www.gymplius.lt<\/a><br \/>\n2 RowErg<\/p>\n<h2>Radvili\u0161kis:<\/h2>\n<h3>Cool Gym<\/h3>\n<p class=\"info\">Jaunystes g. 16, Radvili\u0161kis \u2022 Tel. +370 6866 7136<br \/>\n<a href=\"mailto:kkristute1@gmail.com\">kkristute1@gmail.com<\/a><br \/>\n2 RowErg<\/p>\n<h3>Sporto klubas Magnus<\/h3>\n<p class=\"info\">Dariaus ir Gir\u0117no g. 62, Radviliskis \u2022 Tel. +370 612 46622<br \/>\n2 RowErg<\/p>\n<h2>Silale:<\/h2>\n<h3>Sporto ir Sveikatingumo klubas Olimpas<\/h3>\n<p class=\"info\">J. Basanavi\u010diaus g. 13, LT-75138 Silale \u2022 Tel. +370 449 43297<br \/>\n<a href=\"mailto:olimpas.silale@gmail.com\">olimpas.silale@gmail.com<\/a><br \/>\n1 ergometras<\/p>\n<h2>\u0160iauliai:<\/h2>\n<h3>Solo Gym<\/h3>\n<p class=\"info\">Vilniaus g. 44, \u0160iauliai \u2022 Tel. +370 41 52 22 27<br \/>\n<a href=\"mailto:info@gym.lt\">info@gym.lt<\/a><br \/>\n2 RowErg<\/p>\n<h3>Arena Gym<\/h3>\n<p class=\"info\">J. Jablonskio g. 16, \u0160iauliai \u2022 Tel.\/Faks. +370 41 460 001 \u2022 Mob. +370 685 69297<br \/>\n<a href=\"mailto:info@arenagym.lt\">info@arenagym.lt<\/a><br \/>\n2 RowErg<\/p>\n<h2>Tel\u0161iai:<\/h2>\n<h3>Tel\u0161i\u0173 Irklavimo baze<\/h3>\n<p class=\"info\">Muzejaus g-ve 29, Tel\u0161iai \u2022 Tel. +370 657 908 95<br \/>\n4 RowErg<\/p>\n<h2>Trakai:<\/h2>\n<h3>Lietuvos olimpinis sporto centras &#8211; Trak\u0173 baz\u0117<\/h3>\n<p class=\"info\">Karaim\u0173 g. 73, LT-21104 Trakai \u2022 Tel. +370 528 553 21 \u2022 Faks. +370 528 553 26 <br \/>\n<a href=\"mailto:losctrakai@zebra.lt\">losctrakai@zebra.lt<\/a><br \/>\n17 RowErg<\/p>\n<h3>Academia Remigum<\/h3>\n<p class=\"info\">Karaim\u0173 g. 93A 21104 Trakai \u2022 Tel. +370 698 137 77<br \/>\n<a href=\"mailto:info@academia.lt\">info@academia.lt<\/a> \u2022 <a href=\"http:\/\/www.academia.lt\/\" target=\"_blank\" rel=\"noopener noreferrer nofollow\">www.academia.lt<\/a><br \/>\n6 RowErg<\/p>\n<h2>Ukmerg\u0117:<\/h2>\n<h3>Sporto klubas Eifronas<\/h3>\n<p class=\"info\">Kauno g. 51, Ukmerg\u0117 \u2022 Tel. +370 340 54887 \u2022 Mob. tel. +370 620 45542<br \/>\n<a href=\"mailto:dovile@eifronas.lt\">dovile@eifronas.lt<\/a><!-- \u2022 <a href=\"http:\/\/www.eifronas.lt\/\" target=\"_blank\" rel=\"noopener noreferrer nofollow\">www.eifronas.lt<\/a>--><br \/>\n1 RowErg<\/p>\n<h2>Utena:<\/h2>\n<h3>Sporto klubas Fitgym<\/h3>\n<p class=\"info\">Taikos g. 6, LT- 28153, Utena \u2022 Tel. +370 672 35070 \u2022 <a href=\"mailto:info@fitgym.lt\">info@fitgym.lt<\/a><br \/>\n1 RowErg<\/p>\n<h3>RL Gym Sporto klubas<\/h3>\n<p class=\"info\">J. Basanavi\u010diaus g. 56, Utena 28194 \u2022 Tel. +370 655 00 555<br \/>\n1 RowErg<\/p>\n<p><!--\n\n<p style=\"margin-left: 4px; margin-top: 30px; margin-bottom: 20px;\">Ja datos atradat k\u0101du k\u013c\u016bdu vai v\u0113laties tos papildin\u0101t, <a href=\"mailto:vame1956@inbox.lv\">tad zi\u0146ojiet mums &gt;&gt;&gt;<\/a><\/p>\n\n--><br \/>\n\t\t<\/div>\n\t\n\t\t<\/div>\n\t\t\t\t\t<\/div>\n\n\t\n\n\t<div id=\"col-2030072615\" class=\"col medium-3 small-12 large-3\"  >\n\t\t\t\t<div class=\"col-inner\"  >\n\t\t\t\n\t\t\t\n\t\t<\/div>\n\t\t\t\t\t<\/div>\n\n\t\n<\/div>\n\t\t<\/div>\n\t\t\t\t\t<\/div>\n\n\t\n<\/div>\n","protected":false},"excerpt":{"rendered":"","protected":false},"author":1,"featured_media":848,"parent":0,"menu_order":0,"comment_status":"closed","ping_status":"closed","template":"","meta":{"footnotes":""},"class_list":["post-1506","page","type-page","status-publish","has-post-thumbnail","hentry"],"_links":{"self":[{"href":"https:\/\/www.concept2.ee\/lt\/wp-json\/wp\/v2\/pages\/1506","targetHints":{"allow":["GET"]}}],"collection":[{"href":"https:\/\/www.concept2.ee\/lt\/wp-json\/wp\/v2\/pages"}],"about":[{"href":"https:\/\/www.concept2.ee\/lt\/wp-json\/wp\/v2\/types\/page"}],"author":[{"embeddable":true,"href":"https:\/\/www.concept2.ee\/lt\/wp-json\/wp\/v2\/users\/1"}],"replies":[{"embeddable":true,"href":"https:\/\/www.concept2.ee\/lt\/wp-json\/wp\/v2\/comments?post=1506"}],"version-history":[{"count":0,"href":"https:\/\/www.concept2.ee\/lt\/wp-json\/wp\/v2\/pages\/1506\/revisions"}],"wp:featuredmedia":[{"embeddable":true,"href":"https:\/\/www.concept2.ee\/lt\/wp-json\/wp\/v2\/media\/848"}],"wp:attachment":[{"href":"https:\/\/www.concept2.ee\/lt\/wp-json\/wp\/v2\/media?parent=1506"}],"curies":[{"name":"wp","href":"https:\/\/api.w.org\/{rel}","templated":true}]}}